{"id":21016,"date":"2024-08-30T12:30:46","date_gmt":"2024-08-30T10:30:46","guid":{"rendered":"https:\/\/www.schwimmbadtechnik-ratingen.de\/?post_type=product&#038;p=21016"},"modified":"2026-01-06T09:12:35","modified_gmt":"2026-01-06T08:12:35","slug":"ssl-par56-unterwasserscheinwerfer-leuchtmittel-logiled-par56-cct","status":"publish","type":"product","link":"https:\/\/www.schwimmbadtechnik-ratingen.de\/index.php\/produkt\/ssl-par56-unterwasserscheinwerfer-leuchtmittel-logiled-par56-cct\/","title":{"rendered":"SSL PAR56 Unterwasserscheinwerfer \/ Leuchtmittel: &#8222;LogiLED PAR56 CCT&#8220;"},"content":{"rendered":"<h3>SSL PAR56 Unterwasserscheinwerfer \/ Leuchtmittel: &#8222;LogiLED PAR56 CCT&#8220;<\/h3>\n<ul>\n<li>Diese Unterwasserscheinwerfer sind auf Anfrage ebenfalls als Variante ohne Einbaugeh\u00e4use erh\u00e4ltlich.<\/li>\n<\/ul>\n<div class=\"fusion-table table-1\">\n<table width=\"100%\">\n<tbody>\n<tr>\n<td>Leistungsaufnahme\/Power consumption<\/td>\n<td>10-30W (Modus abh\u00e4ngig), 12V AC 50-60Hz<\/td>\n<\/tr>\n<tr>\n<td>Abmessungen\/Dimensions<\/td>\n<td>\u00d8177mm x H 75mm<\/td>\n<\/tr>\n<tr>\n<td>Kabelart\/Type of cable<\/td>\n<td>H07RN-F 2\u00d71,5mm\u00b2<\/td>\n<\/tr>\n<tr>\n<td>Lichtstrom\/Luminous flux<\/td>\n<td>702 lm \u2013 1.975 lm (je nach Modus. \u00d8 = 1.800 lm)<\/td>\n<\/tr>\n<tr>\n<td>Farbtemperatur\/Colour temperature<\/td>\n<td>3000-6500K<\/td>\n<\/tr>\n<tr>\n<td>Abstrahlwinkel\/Beam angle<\/td>\n<td>bis zu 180\u00ba<\/td>\n<\/tr>\n<tr>\n<td>Schutzklasse\/Protection class<\/td>\n<td>III<\/td>\n<\/tr>\n<tr>\n<td>max. Einbautiefe\/max. installation depth<\/td>\n<td>3m<\/td>\n<\/tr>\n<tr>\n<td>Schutzart\/Protection type<\/td>\n<td>IP68<\/td>\n<\/tr>\n<\/tbody>\n<\/table>\n<\/div>\n<p>(Art.Nr.: 8053408 \/ 8043408 \/ 80534081 \/ 80434081 \/ 80534085 \/ 80434085 \/ 8033408 \/ 8023408 \/ 8553408 \/ 8543408 \/ 85534081 \/ 85434081 \/ 85534085 \/ 85434085 \/ 8533408 \/ 8523408 )<\/p>\n<p><strong>(WEEE Nummer: DE 52259746)<\/strong><\/p>\n<p><strong>ACHTUNG!\u00a0\u00a0 ATTENTION!\u00a0\u00a0\u00a0<\/strong><\/p>\n<p><strong>SSL Unterwasserscheinwerfer NUR mit getesteten Leuchtmitteln aus dem MTS Programm verwenden! Ma\u00dfe anderer Hersteller weichen ab, was Undichtigkeit zur Folge hat. Garantie entf\u00e4llt bei Verwendung von Leuchtmitteln anderer Hersteller!<\/strong><\/p>\n","protected":false},"excerpt":{"rendered":"<p><strong>Drei Modi f\u00fcr jede Stimmung<\/strong><\/p>\n<p>Dieses revolution\u00e4re Leuchtmittel bietet drei verschiedene Modi, die alle Ihre Bed\u00fcrfnisse und Stimmungen abdecken, und ist in sieben Stufen dimmbar:<\/p>\n<ol>\n<li><strong>Power-Modus<\/strong>: Im Power-Modus liefert das Leuchtmittel ein helles, klares Licht mit einer Leistung von 20W, das den gesamten Poolbereich erleuchtet. Besonders bemerkenswert ist die stufenlose Anpassung von warmwei\u00dfem bis kaltwei\u00dfem Licht, sodass Sie die perfekte Farbtemperatur f\u00fcr jede Situation w\u00e4hlen k\u00f6nnen. Dieser Modus ist perfekt f\u00fcr n\u00e4chtliche Schwimmrunden oder Poolpartys, bei denen eine starke Beleuchtung erforderlich ist.<\/li>\n<li><strong>Ambiente-Modus<\/strong>: Der Ambiente-Modus besteht aus einem COB-Ring, der eine dezente und einladende Beleuchtung bietet. Dieser Ring sorgt daf\u00fcr, dass der Pool nie ganz dunkel ist, was die Sicherheit erh\u00f6ht und verhindert, dass Kinder versehentlich in den Pool fallen. Dar\u00fcber hinaus ist dieser Modus besonders stromsparend und verbraucht nur 10W, was Ihre Energiekosten minimiert.<\/li>\n<li><strong>Dual-Modus<\/strong>: Der Dual-Modus kombiniert die St\u00e4rken des Power- und des Ambiente-Modus und bietet somit noch mehr Power mit einer kombinierten Leistung von 30W. Dieser Modus liefert eine au\u00dfergew\u00f6hnlich starke Beleuchtung, indem er die volle Leistung beider Modi nutzt. Ideal f\u00fcr Situationen, in denen maximale Helligkeit gefordert ist, wie bei gro\u00dfen Poolpartys oder n\u00e4chtlichen Aktivit\u00e4ten.<\/li>\n<\/ol>\n<p>Einzelne Leuchtmittel finden Sie hier: <a href=\"https:\/\/www.schwimmbadtechnik-ratingen.de\/index.php\/produkt\/ssl-leuchtmittel\/\">SSL Leuchtmittel &#8211; Schwimmbadtechnik Ratingen<\/a><\/p>\n","protected":false},"featured_media":21046,"template":"","meta":{"jetpack_post_was_ever_published":false,"jetpack_publicize_message":"","jetpack_publicize_feature_enabled":true,"jetpack_social_post_already_shared":true,"jetpack_social_options":{"image_generator_settings":{"template":"highway","default_image_id":0,"font":"","enabled":false},"version":2}},"product_brand":[],"product_cat":[207,132,169],"product_tag":[],"class_list":{"0":"post-21016","1":"product","2":"type-product","3":"status-publish","4":"has-post-thumbnail","6":"product_cat-dualweiss-cct","7":"product_cat-ssl-unterwasserscheinwerfer","8":"product_cat-weiss","10":"first","11":"instock","12":"taxable","13":"shipping-taxable","14":"purchasable","15":"product-type-variable"},"yoast_head":"<!-- This site is optimized with the Yoast SEO plugin v27.3 - https:\/\/yoast.com\/product\/yoast-seo-wordpress\/ -->\n<title>SSL PAR56 Unterwasserscheinwerfer \/ Leuchtmittel: &quot;LogiLED PAR56 CCT&quot; - Schwimmbadtechnik Ratingen<\/title>\n<meta name=\"robots\" content=\"index, follow, max-snippet:-1, max-image-preview:large, max-video-preview:-1\" \/>\n<link rel=\"canonical\" href=\"https:\/\/www.schwimmbadtechnik-ratingen.de\/index.php\/produkt\/ssl-par56-unterwasserscheinwerfer-leuchtmittel-logiled-par56-cct\/\" \/>\n<meta property=\"og:locale\" content=\"de_DE\" \/>\n<meta property=\"og:type\" content=\"article\" \/>\n<meta property=\"og:title\" content=\"SSL PAR56 Unterwasserscheinwerfer \/ Leuchtmittel: &quot;LogiLED PAR56 CCT&quot; - Schwimmbadtechnik Ratingen\" \/>\n<meta property=\"og:description\" content=\"Drei Modi f\u00fcr jede Stimmung  Dieses revolution\u00e4re Leuchtmittel bietet drei verschiedene Modi, die alle Ihre Bed\u00fcrfnisse und Stimmungen abdecken, und ist in sieben Stufen dimmbar:   Power-Modus: Im Power-Modus liefert das Leuchtmittel ein helles, klares Licht mit einer Leistung von 20W, das den gesamten Poolbereich erleuchtet. Besonders bemerkenswert ist die stufenlose Anpassung von warmwei\u00dfem bis kaltwei\u00dfem Licht, sodass Sie die perfekte Farbtemperatur f\u00fcr jede Situation w\u00e4hlen k\u00f6nnen. Dieser Modus ist perfekt f\u00fcr n\u00e4chtliche Schwimmrunden oder Poolpartys, bei denen eine starke Beleuchtung erforderlich ist.  Ambiente-Modus: Der Ambiente-Modus besteht aus einem COB-Ring, der eine dezente und einladende Beleuchtung bietet. Dieser Ring sorgt daf\u00fcr, dass der Pool nie ganz dunkel ist, was die Sicherheit erh\u00f6ht und verhindert, dass Kinder versehentlich in den Pool fallen. Dar\u00fcber hinaus ist dieser Modus besonders stromsparend und verbraucht nur 10W, was Ihre Energiekosten minimiert.  Dual-Modus: Der Dual-Modus kombiniert die St\u00e4rken des Power- und des Ambiente-Modus und bietet somit noch mehr Power mit einer kombinierten Leistung von 30W. Dieser Modus liefert eine au\u00dfergew\u00f6hnlich starke Beleuchtung, indem er die volle Leistung beider Modi nutzt. Ideal f\u00fcr Situationen, in denen maximale Helligkeit gefordert ist, wie bei gro\u00dfen Poolpartys oder n\u00e4chtlichen Aktivit\u00e4ten.  Einzelne Leuchtmittel finden Sie hier: SSL Leuchtmittel - Schwimmbadtechnik Ratingen\" \/>\n<meta property=\"og:url\" content=\"https:\/\/www.schwimmbadtechnik-ratingen.de\/index.php\/produkt\/ssl-par56-unterwasserscheinwerfer-leuchtmittel-logiled-par56-cct\/\" \/>\n<meta property=\"og:site_name\" content=\"Schwimmbadtechnik Ratingen\" \/>\n<meta property=\"article:modified_time\" content=\"2026-01-06T08:12:35+00:00\" \/>\n<meta property=\"og:image\" content=\"https:\/\/www.schwimmbadtechnik-ratingen.de\/wp-content\/uploads\/2024\/08\/800X800_PRODUKTBILD_LogiLED.jpg\" \/>\n\t<meta property=\"og:image:width\" content=\"800\" \/>\n\t<meta property=\"og:image:height\" content=\"800\" \/>\n\t<meta property=\"og:image:type\" content=\"image\/jpeg\" \/>\n<meta name=\"twitter:card\" content=\"summary_large_image\" \/>\n<meta name=\"twitter:label1\" content=\"Gesch\u00e4tzte Lesezeit\" \/>\n\t<meta name=\"twitter:data1\" content=\"1\u00a0Minute\" \/>\n<script type=\"application\/ld+json\" class=\"yoast-schema-graph\">{\"@context\":\"https:\\\/\\\/schema.org\",\"@graph\":[{\"@type\":\"WebPage\",\"@id\":\"https:\\\/\\\/www.schwimmbadtechnik-ratingen.de\\\/index.php\\\/produkt\\\/ssl-par56-unterwasserscheinwerfer-leuchtmittel-logiled-par56-cct\\\/\",\"url\":\"https:\\\/\\\/www.schwimmbadtechnik-ratingen.de\\\/index.php\\\/produkt\\\/ssl-par56-unterwasserscheinwerfer-leuchtmittel-logiled-par56-cct\\\/\",\"name\":\"SSL PAR56 Unterwasserscheinwerfer \\\/ Leuchtmittel: \\\"LogiLED PAR56 CCT\\\" - Schwimmbadtechnik Ratingen\",\"isPartOf\":{\"@id\":\"https:\\\/\\\/www.schwimmbadtechnik-ratingen.de\\\/#website\"},\"primaryImageOfPage\":{\"@id\":\"https:\\\/\\\/www.schwimmbadtechnik-ratingen.de\\\/index.php\\\/produkt\\\/ssl-par56-unterwasserscheinwerfer-leuchtmittel-logiled-par56-cct\\\/#primaryimage\"},\"image\":{\"@id\":\"https:\\\/\\\/www.schwimmbadtechnik-ratingen.de\\\/index.php\\\/produkt\\\/ssl-par56-unterwasserscheinwerfer-leuchtmittel-logiled-par56-cct\\\/#primaryimage\"},\"thumbnailUrl\":\"https:\\\/\\\/i0.wp.com\\\/www.schwimmbadtechnik-ratingen.de\\\/wp-content\\\/uploads\\\/2024\\\/08\\\/800X800_PRODUKTBILD_LogiLED.jpg?fit=800%2C800&ssl=1\",\"datePublished\":\"2024-08-30T10:30:46+00:00\",\"dateModified\":\"2026-01-06T08:12:35+00:00\",\"breadcrumb\":{\"@id\":\"https:\\\/\\\/www.schwimmbadtechnik-ratingen.de\\\/index.php\\\/produkt\\\/ssl-par56-unterwasserscheinwerfer-leuchtmittel-logiled-par56-cct\\\/#breadcrumb\"},\"inLanguage\":\"de\",\"potentialAction\":[{\"@type\":\"ReadAction\",\"target\":[\"https:\\\/\\\/www.schwimmbadtechnik-ratingen.de\\\/index.php\\\/produkt\\\/ssl-par56-unterwasserscheinwerfer-leuchtmittel-logiled-par56-cct\\\/\"]}]},{\"@type\":\"ImageObject\",\"inLanguage\":\"de\",\"@id\":\"https:\\\/\\\/www.schwimmbadtechnik-ratingen.de\\\/index.php\\\/produkt\\\/ssl-par56-unterwasserscheinwerfer-leuchtmittel-logiled-par56-cct\\\/#primaryimage\",\"url\":\"https:\\\/\\\/i0.wp.com\\\/www.schwimmbadtechnik-ratingen.de\\\/wp-content\\\/uploads\\\/2024\\\/08\\\/800X800_PRODUKTBILD_LogiLED.jpg?fit=800%2C800&ssl=1\",\"contentUrl\":\"https:\\\/\\\/i0.wp.com\\\/www.schwimmbadtechnik-ratingen.de\\\/wp-content\\\/uploads\\\/2024\\\/08\\\/800X800_PRODUKTBILD_LogiLED.jpg?fit=800%2C800&ssl=1\",\"width\":800,\"height\":800},{\"@type\":\"BreadcrumbList\",\"@id\":\"https:\\\/\\\/www.schwimmbadtechnik-ratingen.de\\\/index.php\\\/produkt\\\/ssl-par56-unterwasserscheinwerfer-leuchtmittel-logiled-par56-cct\\\/#breadcrumb\",\"itemListElement\":[{\"@type\":\"ListItem\",\"position\":1,\"name\":\"Startseite\",\"item\":\"https:\\\/\\\/www.schwimmbadtechnik-ratingen.de\\\/\"},{\"@type\":\"ListItem\",\"position\":2,\"name\":\"Shop\",\"item\":\"https:\\\/\\\/www.schwimmbadtechnik-ratingen.de\\\/index.php\\\/shop\\\/\"},{\"@type\":\"ListItem\",\"position\":3,\"name\":\"SSL PAR56 Unterwasserscheinwerfer \\\/ Leuchtmittel: &#8222;LogiLED PAR56 CCT&#8220;\"}]},{\"@type\":\"WebSite\",\"@id\":\"https:\\\/\\\/www.schwimmbadtechnik-ratingen.de\\\/#website\",\"url\":\"https:\\\/\\\/www.schwimmbadtechnik-ratingen.de\\\/\",\"name\":\"Schwimmbadtechnik Ratingen\",\"description\":\"MTS-Produkte\",\"publisher\":{\"@id\":\"https:\\\/\\\/www.schwimmbadtechnik-ratingen.de\\\/#organization\"},\"potentialAction\":[{\"@type\":\"SearchAction\",\"target\":{\"@type\":\"EntryPoint\",\"urlTemplate\":\"https:\\\/\\\/www.schwimmbadtechnik-ratingen.de\\\/?s={search_term_string}\"},\"query-input\":{\"@type\":\"PropertyValueSpecification\",\"valueRequired\":true,\"valueName\":\"search_term_string\"}}],\"inLanguage\":\"de\"},{\"@type\":\"Organization\",\"@id\":\"https:\\\/\\\/www.schwimmbadtechnik-ratingen.de\\\/#organization\",\"name\":\"MTS-Produkte GmbH\",\"url\":\"https:\\\/\\\/www.schwimmbadtechnik-ratingen.de\\\/\",\"logo\":{\"@type\":\"ImageObject\",\"inLanguage\":\"de\",\"@id\":\"https:\\\/\\\/www.schwimmbadtechnik-ratingen.de\\\/#\\\/schema\\\/logo\\\/image\\\/\",\"url\":\"https:\\\/\\\/i0.wp.com\\\/www.schwimmbadtechnik-ratingen.de\\\/wp-content\\\/uploads\\\/2016\\\/03\\\/MTS_Logo_2015_800_retina.jpg?fit=800%2C130&ssl=1\",\"contentUrl\":\"https:\\\/\\\/i0.wp.com\\\/www.schwimmbadtechnik-ratingen.de\\\/wp-content\\\/uploads\\\/2016\\\/03\\\/MTS_Logo_2015_800_retina.jpg?fit=800%2C130&ssl=1\",\"width\":800,\"height\":130,\"caption\":\"MTS-Produkte GmbH\"},\"image\":{\"@id\":\"https:\\\/\\\/www.schwimmbadtechnik-ratingen.de\\\/#\\\/schema\\\/logo\\\/image\\\/\"}}]}<\/script>\n<!-- \/ Yoast SEO plugin. -->","yoast_head_json":{"title":"SSL PAR56 Unterwasserscheinwerfer \/ Leuchtmittel: \"LogiLED PAR56 CCT\" - Schwimmbadtechnik Ratingen","robots":{"index":"index","follow":"follow","max-snippet":"max-snippet:-1","max-image-preview":"max-image-preview:large","max-video-preview":"max-video-preview:-1"},"canonical":"https:\/\/www.schwimmbadtechnik-ratingen.de\/index.php\/produkt\/ssl-par56-unterwasserscheinwerfer-leuchtmittel-logiled-par56-cct\/","og_locale":"de_DE","og_type":"article","og_title":"SSL PAR56 Unterwasserscheinwerfer \/ Leuchtmittel: \"LogiLED PAR56 CCT\" - Schwimmbadtechnik Ratingen","og_description":"Drei Modi f\u00fcr jede Stimmung  Dieses revolution\u00e4re Leuchtmittel bietet drei verschiedene Modi, die alle Ihre Bed\u00fcrfnisse und Stimmungen abdecken, und ist in sieben Stufen dimmbar:   Power-Modus: Im Power-Modus liefert das Leuchtmittel ein helles, klares Licht mit einer Leistung von 20W, das den gesamten Poolbereich erleuchtet. Besonders bemerkenswert ist die stufenlose Anpassung von warmwei\u00dfem bis kaltwei\u00dfem Licht, sodass Sie die perfekte Farbtemperatur f\u00fcr jede Situation w\u00e4hlen k\u00f6nnen. Dieser Modus ist perfekt f\u00fcr n\u00e4chtliche Schwimmrunden oder Poolpartys, bei denen eine starke Beleuchtung erforderlich ist.  Ambiente-Modus: Der Ambiente-Modus besteht aus einem COB-Ring, der eine dezente und einladende Beleuchtung bietet. Dieser Ring sorgt daf\u00fcr, dass der Pool nie ganz dunkel ist, was die Sicherheit erh\u00f6ht und verhindert, dass Kinder versehentlich in den Pool fallen. Dar\u00fcber hinaus ist dieser Modus besonders stromsparend und verbraucht nur 10W, was Ihre Energiekosten minimiert.  Dual-Modus: Der Dual-Modus kombiniert die St\u00e4rken des Power- und des Ambiente-Modus und bietet somit noch mehr Power mit einer kombinierten Leistung von 30W. Dieser Modus liefert eine au\u00dfergew\u00f6hnlich starke Beleuchtung, indem er die volle Leistung beider Modi nutzt. Ideal f\u00fcr Situationen, in denen maximale Helligkeit gefordert ist, wie bei gro\u00dfen Poolpartys oder n\u00e4chtlichen Aktivit\u00e4ten.  Einzelne Leuchtmittel finden Sie hier: SSL Leuchtmittel - Schwimmbadtechnik Ratingen","og_url":"https:\/\/www.schwimmbadtechnik-ratingen.de\/index.php\/produkt\/ssl-par56-unterwasserscheinwerfer-leuchtmittel-logiled-par56-cct\/","og_site_name":"Schwimmbadtechnik Ratingen","article_modified_time":"2026-01-06T08:12:35+00:00","og_image":[{"width":800,"height":800,"url":"https:\/\/www.schwimmbadtechnik-ratingen.de\/wp-content\/uploads\/2024\/08\/800X800_PRODUKTBILD_LogiLED.jpg","type":"image\/jpeg"}],"twitter_card":"summary_large_image","twitter_misc":{"Gesch\u00e4tzte Lesezeit":"1\u00a0Minute"},"schema":{"@context":"https:\/\/schema.org","@graph":[{"@type":"WebPage","@id":"https:\/\/www.schwimmbadtechnik-ratingen.de\/index.php\/produkt\/ssl-par56-unterwasserscheinwerfer-leuchtmittel-logiled-par56-cct\/","url":"https:\/\/www.schwimmbadtechnik-ratingen.de\/index.php\/produkt\/ssl-par56-unterwasserscheinwerfer-leuchtmittel-logiled-par56-cct\/","name":"SSL PAR56 Unterwasserscheinwerfer \/ Leuchtmittel: \"LogiLED PAR56 CCT\" - Schwimmbadtechnik Ratingen","isPartOf":{"@id":"https:\/\/www.schwimmbadtechnik-ratingen.de\/#website"},"primaryImageOfPage":{"@id":"https:\/\/www.schwimmbadtechnik-ratingen.de\/index.php\/produkt\/ssl-par56-unterwasserscheinwerfer-leuchtmittel-logiled-par56-cct\/#primaryimage"},"image":{"@id":"https:\/\/www.schwimmbadtechnik-ratingen.de\/index.php\/produkt\/ssl-par56-unterwasserscheinwerfer-leuchtmittel-logiled-par56-cct\/#primaryimage"},"thumbnailUrl":"https:\/\/i0.wp.com\/www.schwimmbadtechnik-ratingen.de\/wp-content\/uploads\/2024\/08\/800X800_PRODUKTBILD_LogiLED.jpg?fit=800%2C800&ssl=1","datePublished":"2024-08-30T10:30:46+00:00","dateModified":"2026-01-06T08:12:35+00:00","breadcrumb":{"@id":"https:\/\/www.schwimmbadtechnik-ratingen.de\/index.php\/produkt\/ssl-par56-unterwasserscheinwerfer-leuchtmittel-logiled-par56-cct\/#breadcrumb"},"inLanguage":"de","potentialAction":[{"@type":"ReadAction","target":["https:\/\/www.schwimmbadtechnik-ratingen.de\/index.php\/produkt\/ssl-par56-unterwasserscheinwerfer-leuchtmittel-logiled-par56-cct\/"]}]},{"@type":"ImageObject","inLanguage":"de","@id":"https:\/\/www.schwimmbadtechnik-ratingen.de\/index.php\/produkt\/ssl-par56-unterwasserscheinwerfer-leuchtmittel-logiled-par56-cct\/#primaryimage","url":"https:\/\/i0.wp.com\/www.schwimmbadtechnik-ratingen.de\/wp-content\/uploads\/2024\/08\/800X800_PRODUKTBILD_LogiLED.jpg?fit=800%2C800&ssl=1","contentUrl":"https:\/\/i0.wp.com\/www.schwimmbadtechnik-ratingen.de\/wp-content\/uploads\/2024\/08\/800X800_PRODUKTBILD_LogiLED.jpg?fit=800%2C800&ssl=1","width":800,"height":800},{"@type":"BreadcrumbList","@id":"https:\/\/www.schwimmbadtechnik-ratingen.de\/index.php\/produkt\/ssl-par56-unterwasserscheinwerfer-leuchtmittel-logiled-par56-cct\/#breadcrumb","itemListElement":[{"@type":"ListItem","position":1,"name":"Startseite","item":"https:\/\/www.schwimmbadtechnik-ratingen.de\/"},{"@type":"ListItem","position":2,"name":"Shop","item":"https:\/\/www.schwimmbadtechnik-ratingen.de\/index.php\/shop\/"},{"@type":"ListItem","position":3,"name":"SSL PAR56 Unterwasserscheinwerfer \/ Leuchtmittel: &#8222;LogiLED PAR56 CCT&#8220;"}]},{"@type":"WebSite","@id":"https:\/\/www.schwimmbadtechnik-ratingen.de\/#website","url":"https:\/\/www.schwimmbadtechnik-ratingen.de\/","name":"Schwimmbadtechnik Ratingen","description":"MTS-Produkte","publisher":{"@id":"https:\/\/www.schwimmbadtechnik-ratingen.de\/#organization"},"potentialAction":[{"@type":"SearchAction","target":{"@type":"EntryPoint","urlTemplate":"https:\/\/www.schwimmbadtechnik-ratingen.de\/?s={search_term_string}"},"query-input":{"@type":"PropertyValueSpecification","valueRequired":true,"valueName":"search_term_string"}}],"inLanguage":"de"},{"@type":"Organization","@id":"https:\/\/www.schwimmbadtechnik-ratingen.de\/#organization","name":"MTS-Produkte GmbH","url":"https:\/\/www.schwimmbadtechnik-ratingen.de\/","logo":{"@type":"ImageObject","inLanguage":"de","@id":"https:\/\/www.schwimmbadtechnik-ratingen.de\/#\/schema\/logo\/image\/","url":"https:\/\/i0.wp.com\/www.schwimmbadtechnik-ratingen.de\/wp-content\/uploads\/2016\/03\/MTS_Logo_2015_800_retina.jpg?fit=800%2C130&ssl=1","contentUrl":"https:\/\/i0.wp.com\/www.schwimmbadtechnik-ratingen.de\/wp-content\/uploads\/2016\/03\/MTS_Logo_2015_800_retina.jpg?fit=800%2C130&ssl=1","width":800,"height":130,"caption":"MTS-Produkte GmbH"},"image":{"@id":"https:\/\/www.schwimmbadtechnik-ratingen.de\/#\/schema\/logo\/image\/"}}]}},"jetpack_publicize_connections":[],"jetpack_sharing_enabled":true,"_links":{"self":[{"href":"https:\/\/www.schwimmbadtechnik-ratingen.de\/index.php\/wp-json\/wp\/v2\/product\/21016","targetHints":{"allow":["GET"]}}],"collection":[{"href":"https:\/\/www.schwimmbadtechnik-ratingen.de\/index.php\/wp-json\/wp\/v2\/product"}],"about":[{"href":"https:\/\/www.schwimmbadtechnik-ratingen.de\/index.php\/wp-json\/wp\/v2\/types\/product"}],"wp:featuredmedia":[{"embeddable":true,"href":"https:\/\/www.schwimmbadtechnik-ratingen.de\/index.php\/wp-json\/wp\/v2\/media\/21046"}],"wp:attachment":[{"href":"https:\/\/www.schwimmbadtechnik-ratingen.de\/index.php\/wp-json\/wp\/v2\/media?parent=21016"}],"wp:term":[{"taxonomy":"product_brand","embeddable":true,"href":"https:\/\/www.schwimmbadtechnik-ratingen.de\/index.php\/wp-json\/wp\/v2\/product_brand?post=21016"},{"taxonomy":"product_cat","embeddable":true,"href":"https:\/\/www.schwimmbadtechnik-ratingen.de\/index.php\/wp-json\/wp\/v2\/product_cat?post=21016"},{"taxonomy":"product_tag","embeddable":true,"href":"https:\/\/www.schwimmbadtechnik-ratingen.de\/index.php\/wp-json\/wp\/v2\/product_tag?post=21016"}],"curies":[{"name":"wp","href":"https:\/\/api.w.org\/{rel}","templated":true}]}}