{"id":19838,"date":"2022-11-09T15:48:06","date_gmt":"2022-11-09T14:48:06","guid":{"rendered":"https:\/\/www.schwimmbadtechnik-ratingen.de\/?post_type=product&#038;p=19838"},"modified":"2026-01-05T12:07:22","modified_gmt":"2026-01-05T11:07:22","slug":"miboxer-erdspiess-leuchte-15w-rgb-cct-2-4-ghz","status":"publish","type":"product","link":"https:\/\/www.schwimmbadtechnik-ratingen.de\/index.php\/produkt\/miboxer-erdspiess-leuchte-15w-rgb-cct-2-4-ghz\/","title":{"rendered":"MiBoxer Erdspie\u00df Leuchte 15W RGB + CCT 2.4 GHz"},"content":{"rendered":"<p>15W RGB + CCT\u00a0 Farbwechsel LED Erdspie\u00df Leuchte. Die RGB Funktion bietet den Farbwechsel aus 16 Millionen Farben und die CCT Funktion den stufenlosen Farbtemperaturwechsel von warmwei\u00df (2700K) bis kaltwei\u00df (6500K).<\/p>\n<p>Exclusiv bei MTS: Steckerfertig mit 100cm Kabel und wasserfester Steckverbindung, die ein nachtr\u00e4gliches verl\u00e4ngern des Kabels erm\u00f6glicht.<\/p>\n<p>Inkl. Metall Erdspie\u00df.<\/p>\n<p>W\u00e4hlen sie gezielt einzelne Farben aus oder nutzen sie einen der 9 voreingestellten Farbwechselmodi f\u00fcr ein faszinierendes Lichtspiel.<\/p>\n<p>Die S\u00e4ttigung der Farben kann ebenfalls eingestellt werden um weitere interessante Farbt\u00f6ne zu generieren.<\/p>\n<p>Die Erspie\u00df Leuchte ist stufenlos von 0-100% dimmbar.<\/p>\n<p>Kann per Funkfernbedienung* (FUT089), Wandsteuerung*, oder durch eine zus\u00e4tzliche Wifi-Bridge* (Gateway WL-Box-1) per App gesteuert werden.<span style=\"color: #ff0000;\"> (* nicht im Lieferumfang enthalten)<\/span><\/p>\n","protected":false},"excerpt":{"rendered":"<p>Modell: MiBoxer FUTC03<\/p>\n<p>Exclusiv bei MTS: Steckerfertig mit 100cm Kabel und wasserfester Steckverbindung, die ein nachtr\u00e4gliches verl\u00e4ngern des Kabels erm\u00f6glicht.<\/p>\n<ul>\n<li>Farbe: RGB (16 Millionen Farben) + CCT (Warmwei\u00df bis Kaltwei\u00df 2700-6500K)<\/li>\n<li>Bauform: Rund<\/li>\n<li>Spannung: 100-240V AC<\/li>\n<li>Ma\u00dfe: 170x180mm (BxH)<\/li>\n<li>Abstrahlwinkel: 15\u00b0<\/li>\n<li>IP Klasse: IP66<\/li>\n<li>Lumen: 1200lm<\/li>\n<li>Lumen pro Watt: 80lm<\/li>\n<li>Arbeitstemperatur: -20\u00b0 bis 60\u00b0<\/li>\n<li>Farbtemperaturbereich CCT: 2700K &#8211; 6500K<\/li>\n<li>Lebensdauer: 50000 Stunden<\/li>\n<li>Farbwiedergabe\u00a0 (CRI): &lt;80<\/li>\n<li>Leuchtweite: &lt;10m<\/li>\n<li>IP Klasse: IP66<\/li>\n<li>Material: Aluminium, Edelstahl, Glas<\/li>\n<li>Ansteuerung\/\u00dcbertragung:\u00a0 Funk 2,4 GHz<\/li>\n<li>Reichweite:\u00a0 bis 30m<\/li>\n<li>Anlaufzeit: &lt;1 s<\/li>\n<li>Dimmbar<\/li>\n<li>inkl. stabilem Erdspie\u00df<\/li>\n<li>WiFi \/ Wlan ansteuerbar (mit optionalem WiFi Gateway WL-Box-1)<\/li>\n<li>Auto-Transmitting Funktion (Das Funksignal wird von Leuchte zu Leuchte weitergegeben. Somit ist die Reichweite beliebig erweiterbar)<\/li>\n<li>Auto-Synchronisation (Bei Verwendung mehrerer Leuchten kommunizieren diese untereinander und synchronisieren sich)<\/li>\n<\/ul>\n","protected":false},"featured_media":19935,"template":"","meta":{"jetpack_post_was_ever_published":false,"jetpack_publicize_message":"","jetpack_publicize_feature_enabled":true,"jetpack_social_post_already_shared":true,"jetpack_social_options":{"image_generator_settings":{"template":"highway","default_image_id":0,"font":"","enabled":false},"version":2}},"product_brand":[],"product_cat":[194,195,217,212,214],"product_tag":[220],"class_list":{"0":"post-19838","1":"product","2":"type-product","3":"status-publish","4":"has-post-thumbnail","6":"product_cat-230v","7":"product_cat-230v-beleuchtung","8":"product_cat-erdspiess-leuchten","9":"product_cat-garten-beleuchtung","10":"product_cat-rgb-cct","11":"product_tag-xyz","13":"first","14":"instock","15":"taxable","16":"shipping-taxable","17":"purchasable","18":"product-type-simple"},"yoast_head":"<!-- This site is optimized with the Yoast SEO plugin v27.3 - https:\/\/yoast.com\/product\/yoast-seo-wordpress\/ -->\n<title>MiBoxer Erdspie\u00df Leuchte 15W RGB + CCT 2.4 GHz - Schwimmbadtechnik Ratingen<\/title>\n<meta name=\"robots\" content=\"index, follow, max-snippet:-1, max-image-preview:large, max-video-preview:-1\" \/>\n<link rel=\"canonical\" href=\"https:\/\/www.schwimmbadtechnik-ratingen.de\/index.php\/produkt\/miboxer-erdspiess-leuchte-15w-rgb-cct-2-4-ghz\/\" \/>\n<meta property=\"og:locale\" content=\"de_DE\" \/>\n<meta property=\"og:type\" content=\"article\" \/>\n<meta property=\"og:title\" content=\"MiBoxer Erdspie\u00df Leuchte 15W RGB + CCT 2.4 GHz - Schwimmbadtechnik Ratingen\" \/>\n<meta property=\"og:description\" content=\"Modell: MiBoxer FUTC03  Exclusiv bei MTS: Steckerfertig mit 100cm Kabel und wasserfester Steckverbindung, die ein nachtr\u00e4gliches verl\u00e4ngern des Kabels erm\u00f6glicht.   Farbe: RGB (16 Millionen Farben) + CCT (Warmwei\u00df bis Kaltwei\u00df 2700-6500K)  Bauform: Rund  Spannung: 100-240V AC  Ma\u00dfe: 170x180mm (BxH)  Abstrahlwinkel: 15\u00b0  IP Klasse: IP66  Lumen: 1200lm  Lumen pro Watt: 80lm  Arbeitstemperatur: -20\u00b0 bis 60\u00b0  Farbtemperaturbereich CCT: 2700K - 6500K  Lebensdauer: 50000 Stunden  Farbwiedergabe\u00a0 (CRI): &lt;80  Leuchtweite: &lt;10m  IP Klasse: IP66  Material: Aluminium, Edelstahl, Glas  Ansteuerung\/\u00dcbertragung:\u00a0 Funk 2,4 GHz  Reichweite:\u00a0 bis 30m  Anlaufzeit: &lt;1 s  Dimmbar  inkl. stabilem Erdspie\u00df  WiFi \/ Wlan ansteuerbar (mit optionalem WiFi Gateway WL-Box-1)  Auto-Transmitting Funktion (Das Funksignal wird von Leuchte zu Leuchte weitergegeben. Somit ist die Reichweite beliebig erweiterbar)  Auto-Synchronisation (Bei Verwendung mehrerer Leuchten kommunizieren diese untereinander und synchronisieren sich)\" \/>\n<meta property=\"og:url\" content=\"https:\/\/www.schwimmbadtechnik-ratingen.de\/index.php\/produkt\/miboxer-erdspiess-leuchte-15w-rgb-cct-2-4-ghz\/\" \/>\n<meta property=\"og:site_name\" content=\"Schwimmbadtechnik Ratingen\" \/>\n<meta property=\"article:modified_time\" content=\"2026-01-05T11:07:22+00:00\" \/>\n<meta property=\"og:image\" content=\"https:\/\/www.schwimmbadtechnik-ratingen.de\/wp-content\/uploads\/2022\/11\/FUTC03_15W_2.jpg\" \/>\n\t<meta property=\"og:image:width\" content=\"1181\" \/>\n\t<meta property=\"og:image:height\" content=\"1181\" \/>\n\t<meta property=\"og:image:type\" content=\"image\/jpeg\" \/>\n<meta name=\"twitter:card\" content=\"summary_large_image\" \/>\n<meta name=\"twitter:label1\" content=\"Gesch\u00e4tzte Lesezeit\" \/>\n\t<meta name=\"twitter:data1\" content=\"1\u00a0Minute\" \/>\n<script type=\"application\/ld+json\" class=\"yoast-schema-graph\">{\"@context\":\"https:\\\/\\\/schema.org\",\"@graph\":[{\"@type\":\"WebPage\",\"@id\":\"https:\\\/\\\/www.schwimmbadtechnik-ratingen.de\\\/index.php\\\/produkt\\\/miboxer-erdspiess-leuchte-15w-rgb-cct-2-4-ghz\\\/\",\"url\":\"https:\\\/\\\/www.schwimmbadtechnik-ratingen.de\\\/index.php\\\/produkt\\\/miboxer-erdspiess-leuchte-15w-rgb-cct-2-4-ghz\\\/\",\"name\":\"MiBoxer Erdspie\u00df Leuchte 15W RGB + CCT 2.4 GHz - Schwimmbadtechnik Ratingen\",\"isPartOf\":{\"@id\":\"https:\\\/\\\/www.schwimmbadtechnik-ratingen.de\\\/#website\"},\"primaryImageOfPage\":{\"@id\":\"https:\\\/\\\/www.schwimmbadtechnik-ratingen.de\\\/index.php\\\/produkt\\\/miboxer-erdspiess-leuchte-15w-rgb-cct-2-4-ghz\\\/#primaryimage\"},\"image\":{\"@id\":\"https:\\\/\\\/www.schwimmbadtechnik-ratingen.de\\\/index.php\\\/produkt\\\/miboxer-erdspiess-leuchte-15w-rgb-cct-2-4-ghz\\\/#primaryimage\"},\"thumbnailUrl\":\"https:\\\/\\\/i0.wp.com\\\/www.schwimmbadtechnik-ratingen.de\\\/wp-content\\\/uploads\\\/2022\\\/11\\\/FUTC03_15W_2.jpg?fit=1181%2C1181&ssl=1\",\"datePublished\":\"2022-11-09T14:48:06+00:00\",\"dateModified\":\"2026-01-05T11:07:22+00:00\",\"breadcrumb\":{\"@id\":\"https:\\\/\\\/www.schwimmbadtechnik-ratingen.de\\\/index.php\\\/produkt\\\/miboxer-erdspiess-leuchte-15w-rgb-cct-2-4-ghz\\\/#breadcrumb\"},\"inLanguage\":\"de\",\"potentialAction\":[{\"@type\":\"ReadAction\",\"target\":[\"https:\\\/\\\/www.schwimmbadtechnik-ratingen.de\\\/index.php\\\/produkt\\\/miboxer-erdspiess-leuchte-15w-rgb-cct-2-4-ghz\\\/\"]}]},{\"@type\":\"ImageObject\",\"inLanguage\":\"de\",\"@id\":\"https:\\\/\\\/www.schwimmbadtechnik-ratingen.de\\\/index.php\\\/produkt\\\/miboxer-erdspiess-leuchte-15w-rgb-cct-2-4-ghz\\\/#primaryimage\",\"url\":\"https:\\\/\\\/i0.wp.com\\\/www.schwimmbadtechnik-ratingen.de\\\/wp-content\\\/uploads\\\/2022\\\/11\\\/FUTC03_15W_2.jpg?fit=1181%2C1181&ssl=1\",\"contentUrl\":\"https:\\\/\\\/i0.wp.com\\\/www.schwimmbadtechnik-ratingen.de\\\/wp-content\\\/uploads\\\/2022\\\/11\\\/FUTC03_15W_2.jpg?fit=1181%2C1181&ssl=1\",\"width\":1181,\"height\":1181},{\"@type\":\"BreadcrumbList\",\"@id\":\"https:\\\/\\\/www.schwimmbadtechnik-ratingen.de\\\/index.php\\\/produkt\\\/miboxer-erdspiess-leuchte-15w-rgb-cct-2-4-ghz\\\/#breadcrumb\",\"itemListElement\":[{\"@type\":\"ListItem\",\"position\":1,\"name\":\"Startseite\",\"item\":\"https:\\\/\\\/www.schwimmbadtechnik-ratingen.de\\\/\"},{\"@type\":\"ListItem\",\"position\":2,\"name\":\"Shop\",\"item\":\"https:\\\/\\\/www.schwimmbadtechnik-ratingen.de\\\/index.php\\\/shop\\\/\"},{\"@type\":\"ListItem\",\"position\":3,\"name\":\"MiBoxer Erdspie\u00df Leuchte 15W RGB + CCT 2.4 GHz\"}]},{\"@type\":\"WebSite\",\"@id\":\"https:\\\/\\\/www.schwimmbadtechnik-ratingen.de\\\/#website\",\"url\":\"https:\\\/\\\/www.schwimmbadtechnik-ratingen.de\\\/\",\"name\":\"Schwimmbadtechnik Ratingen\",\"description\":\"MTS-Produkte\",\"publisher\":{\"@id\":\"https:\\\/\\\/www.schwimmbadtechnik-ratingen.de\\\/#organization\"},\"potentialAction\":[{\"@type\":\"SearchAction\",\"target\":{\"@type\":\"EntryPoint\",\"urlTemplate\":\"https:\\\/\\\/www.schwimmbadtechnik-ratingen.de\\\/?s={search_term_string}\"},\"query-input\":{\"@type\":\"PropertyValueSpecification\",\"valueRequired\":true,\"valueName\":\"search_term_string\"}}],\"inLanguage\":\"de\"},{\"@type\":\"Organization\",\"@id\":\"https:\\\/\\\/www.schwimmbadtechnik-ratingen.de\\\/#organization\",\"name\":\"MTS-Produkte GmbH\",\"url\":\"https:\\\/\\\/www.schwimmbadtechnik-ratingen.de\\\/\",\"logo\":{\"@type\":\"ImageObject\",\"inLanguage\":\"de\",\"@id\":\"https:\\\/\\\/www.schwimmbadtechnik-ratingen.de\\\/#\\\/schema\\\/logo\\\/image\\\/\",\"url\":\"https:\\\/\\\/i0.wp.com\\\/www.schwimmbadtechnik-ratingen.de\\\/wp-content\\\/uploads\\\/2016\\\/03\\\/MTS_Logo_2015_800_retina.jpg?fit=800%2C130&ssl=1\",\"contentUrl\":\"https:\\\/\\\/i0.wp.com\\\/www.schwimmbadtechnik-ratingen.de\\\/wp-content\\\/uploads\\\/2016\\\/03\\\/MTS_Logo_2015_800_retina.jpg?fit=800%2C130&ssl=1\",\"width\":800,\"height\":130,\"caption\":\"MTS-Produkte GmbH\"},\"image\":{\"@id\":\"https:\\\/\\\/www.schwimmbadtechnik-ratingen.de\\\/#\\\/schema\\\/logo\\\/image\\\/\"}}]}<\/script>\n<!-- \/ Yoast SEO plugin. -->","yoast_head_json":{"title":"MiBoxer Erdspie\u00df Leuchte 15W RGB + CCT 2.4 GHz - Schwimmbadtechnik Ratingen","robots":{"index":"index","follow":"follow","max-snippet":"max-snippet:-1","max-image-preview":"max-image-preview:large","max-video-preview":"max-video-preview:-1"},"canonical":"https:\/\/www.schwimmbadtechnik-ratingen.de\/index.php\/produkt\/miboxer-erdspiess-leuchte-15w-rgb-cct-2-4-ghz\/","og_locale":"de_DE","og_type":"article","og_title":"MiBoxer Erdspie\u00df Leuchte 15W RGB + CCT 2.4 GHz - Schwimmbadtechnik Ratingen","og_description":"Modell: MiBoxer FUTC03  Exclusiv bei MTS: Steckerfertig mit 100cm Kabel und wasserfester Steckverbindung, die ein nachtr\u00e4gliches verl\u00e4ngern des Kabels erm\u00f6glicht.   Farbe: RGB (16 Millionen Farben) + CCT (Warmwei\u00df bis Kaltwei\u00df 2700-6500K)  Bauform: Rund  Spannung: 100-240V AC  Ma\u00dfe: 170x180mm (BxH)  Abstrahlwinkel: 15\u00b0  IP Klasse: IP66  Lumen: 1200lm  Lumen pro Watt: 80lm  Arbeitstemperatur: -20\u00b0 bis 60\u00b0  Farbtemperaturbereich CCT: 2700K - 6500K  Lebensdauer: 50000 Stunden  Farbwiedergabe\u00a0 (CRI): &lt;80  Leuchtweite: &lt;10m  IP Klasse: IP66  Material: Aluminium, Edelstahl, Glas  Ansteuerung\/\u00dcbertragung:\u00a0 Funk 2,4 GHz  Reichweite:\u00a0 bis 30m  Anlaufzeit: &lt;1 s  Dimmbar  inkl. stabilem Erdspie\u00df  WiFi \/ Wlan ansteuerbar (mit optionalem WiFi Gateway WL-Box-1)  Auto-Transmitting Funktion (Das Funksignal wird von Leuchte zu Leuchte weitergegeben. Somit ist die Reichweite beliebig erweiterbar)  Auto-Synchronisation (Bei Verwendung mehrerer Leuchten kommunizieren diese untereinander und synchronisieren sich)","og_url":"https:\/\/www.schwimmbadtechnik-ratingen.de\/index.php\/produkt\/miboxer-erdspiess-leuchte-15w-rgb-cct-2-4-ghz\/","og_site_name":"Schwimmbadtechnik Ratingen","article_modified_time":"2026-01-05T11:07:22+00:00","og_image":[{"width":1181,"height":1181,"url":"https:\/\/www.schwimmbadtechnik-ratingen.de\/wp-content\/uploads\/2022\/11\/FUTC03_15W_2.jpg","type":"image\/jpeg"}],"twitter_card":"summary_large_image","twitter_misc":{"Gesch\u00e4tzte Lesezeit":"1\u00a0Minute"},"schema":{"@context":"https:\/\/schema.org","@graph":[{"@type":"WebPage","@id":"https:\/\/www.schwimmbadtechnik-ratingen.de\/index.php\/produkt\/miboxer-erdspiess-leuchte-15w-rgb-cct-2-4-ghz\/","url":"https:\/\/www.schwimmbadtechnik-ratingen.de\/index.php\/produkt\/miboxer-erdspiess-leuchte-15w-rgb-cct-2-4-ghz\/","name":"MiBoxer Erdspie\u00df Leuchte 15W RGB + CCT 2.4 GHz - Schwimmbadtechnik Ratingen","isPartOf":{"@id":"https:\/\/www.schwimmbadtechnik-ratingen.de\/#website"},"primaryImageOfPage":{"@id":"https:\/\/www.schwimmbadtechnik-ratingen.de\/index.php\/produkt\/miboxer-erdspiess-leuchte-15w-rgb-cct-2-4-ghz\/#primaryimage"},"image":{"@id":"https:\/\/www.schwimmbadtechnik-ratingen.de\/index.php\/produkt\/miboxer-erdspiess-leuchte-15w-rgb-cct-2-4-ghz\/#primaryimage"},"thumbnailUrl":"https:\/\/i0.wp.com\/www.schwimmbadtechnik-ratingen.de\/wp-content\/uploads\/2022\/11\/FUTC03_15W_2.jpg?fit=1181%2C1181&ssl=1","datePublished":"2022-11-09T14:48:06+00:00","dateModified":"2026-01-05T11:07:22+00:00","breadcrumb":{"@id":"https:\/\/www.schwimmbadtechnik-ratingen.de\/index.php\/produkt\/miboxer-erdspiess-leuchte-15w-rgb-cct-2-4-ghz\/#breadcrumb"},"inLanguage":"de","potentialAction":[{"@type":"ReadAction","target":["https:\/\/www.schwimmbadtechnik-ratingen.de\/index.php\/produkt\/miboxer-erdspiess-leuchte-15w-rgb-cct-2-4-ghz\/"]}]},{"@type":"ImageObject","inLanguage":"de","@id":"https:\/\/www.schwimmbadtechnik-ratingen.de\/index.php\/produkt\/miboxer-erdspiess-leuchte-15w-rgb-cct-2-4-ghz\/#primaryimage","url":"https:\/\/i0.wp.com\/www.schwimmbadtechnik-ratingen.de\/wp-content\/uploads\/2022\/11\/FUTC03_15W_2.jpg?fit=1181%2C1181&ssl=1","contentUrl":"https:\/\/i0.wp.com\/www.schwimmbadtechnik-ratingen.de\/wp-content\/uploads\/2022\/11\/FUTC03_15W_2.jpg?fit=1181%2C1181&ssl=1","width":1181,"height":1181},{"@type":"BreadcrumbList","@id":"https:\/\/www.schwimmbadtechnik-ratingen.de\/index.php\/produkt\/miboxer-erdspiess-leuchte-15w-rgb-cct-2-4-ghz\/#breadcrumb","itemListElement":[{"@type":"ListItem","position":1,"name":"Startseite","item":"https:\/\/www.schwimmbadtechnik-ratingen.de\/"},{"@type":"ListItem","position":2,"name":"Shop","item":"https:\/\/www.schwimmbadtechnik-ratingen.de\/index.php\/shop\/"},{"@type":"ListItem","position":3,"name":"MiBoxer Erdspie\u00df Leuchte 15W RGB + CCT 2.4 GHz"}]},{"@type":"WebSite","@id":"https:\/\/www.schwimmbadtechnik-ratingen.de\/#website","url":"https:\/\/www.schwimmbadtechnik-ratingen.de\/","name":"Schwimmbadtechnik Ratingen","description":"MTS-Produkte","publisher":{"@id":"https:\/\/www.schwimmbadtechnik-ratingen.de\/#organization"},"potentialAction":[{"@type":"SearchAction","target":{"@type":"EntryPoint","urlTemplate":"https:\/\/www.schwimmbadtechnik-ratingen.de\/?s={search_term_string}"},"query-input":{"@type":"PropertyValueSpecification","valueRequired":true,"valueName":"search_term_string"}}],"inLanguage":"de"},{"@type":"Organization","@id":"https:\/\/www.schwimmbadtechnik-ratingen.de\/#organization","name":"MTS-Produkte GmbH","url":"https:\/\/www.schwimmbadtechnik-ratingen.de\/","logo":{"@type":"ImageObject","inLanguage":"de","@id":"https:\/\/www.schwimmbadtechnik-ratingen.de\/#\/schema\/logo\/image\/","url":"https:\/\/i0.wp.com\/www.schwimmbadtechnik-ratingen.de\/wp-content\/uploads\/2016\/03\/MTS_Logo_2015_800_retina.jpg?fit=800%2C130&ssl=1","contentUrl":"https:\/\/i0.wp.com\/www.schwimmbadtechnik-ratingen.de\/wp-content\/uploads\/2016\/03\/MTS_Logo_2015_800_retina.jpg?fit=800%2C130&ssl=1","width":800,"height":130,"caption":"MTS-Produkte GmbH"},"image":{"@id":"https:\/\/www.schwimmbadtechnik-ratingen.de\/#\/schema\/logo\/image\/"}}]}},"jetpack_publicize_connections":[],"jetpack_sharing_enabled":true,"_links":{"self":[{"href":"https:\/\/www.schwimmbadtechnik-ratingen.de\/index.php\/wp-json\/wp\/v2\/product\/19838","targetHints":{"allow":["GET"]}}],"collection":[{"href":"https:\/\/www.schwimmbadtechnik-ratingen.de\/index.php\/wp-json\/wp\/v2\/product"}],"about":[{"href":"https:\/\/www.schwimmbadtechnik-ratingen.de\/index.php\/wp-json\/wp\/v2\/types\/product"}],"wp:featuredmedia":[{"embeddable":true,"href":"https:\/\/www.schwimmbadtechnik-ratingen.de\/index.php\/wp-json\/wp\/v2\/media\/19935"}],"wp:attachment":[{"href":"https:\/\/www.schwimmbadtechnik-ratingen.de\/index.php\/wp-json\/wp\/v2\/media?parent=19838"}],"wp:term":[{"taxonomy":"product_brand","embeddable":true,"href":"https:\/\/www.schwimmbadtechnik-ratingen.de\/index.php\/wp-json\/wp\/v2\/product_brand?post=19838"},{"taxonomy":"product_cat","embeddable":true,"href":"https:\/\/www.schwimmbadtechnik-ratingen.de\/index.php\/wp-json\/wp\/v2\/product_cat?post=19838"},{"taxonomy":"product_tag","embeddable":true,"href":"https:\/\/www.schwimmbadtechnik-ratingen.de\/index.php\/wp-json\/wp\/v2\/product_tag?post=19838"}],"curies":[{"name":"wp","href":"https:\/\/api.w.org\/{rel}","templated":true}]}}