{"id":19832,"date":"2022-11-09T15:48:06","date_gmt":"2022-11-09T14:48:06","guid":{"rendered":"https:\/\/www.schwimmbadtechnik-ratingen.de\/?post_type=product&#038;p=19832"},"modified":"2026-01-05T12:07:21","modified_gmt":"2026-01-05T11:07:21","slug":"4-zonen-cct-funk-fernbedienung-mi-light-miboxer-fut005","status":"publish","type":"product","link":"https:\/\/www.schwimmbadtechnik-ratingen.de\/index.php\/produkt\/4-zonen-cct-funk-fernbedienung-mi-light-miboxer-fut005\/","title":{"rendered":"4 Zonen CCT Funk Fernbedienung Mi-Light\/MiBoxer FUT005"},"content":{"rendered":"<p>CCT Fernbedienung zur Steuerung von LED Strips oder Lampen, welche stufenlos von warmwei\u00df \u00fcber neutralwei\u00df bis kaltwei\u00df geregelt werden k\u00f6nnen.<\/p>\n<p>Mit dieser Fernbedienung k\u00f6nnen bis zu 4 verschiedene Zonen eingerichtet und seperat gesteuert werden.<\/p>\n<p>Farbtemperatur (CCT) und Dimmen ist f\u00fcr jede Zone seperat m\u00f6glich.<\/p>\n","protected":false},"excerpt":{"rendered":"[fusion_button link=\"http:\/\/logiled.de\/wp-content\/uploads\/2020\/12\/fut005_Logiled_Bedienungsanleitung.pdf\" text_transform=\"\" title=\"\" target=\"_blank\" link_attributes=\"\" alignment_medium=\"\" alignment_small=\"\" alignment=\"\" modal=\"\" hide_on_mobile=\"small-visibility,medium-visibility,large-visibility\" sticky_display=\"normal,sticky\" class=\"\" id=\"\" color=\"default\" button_gradient_top_color=\"\" button_gradient_bottom_color=\"\" button_gradient_top_color_hover=\"\" button_gradient_bottom_color_hover=\"\" accent_color=\"\" accent_hover_color=\"\" type=\"\" bevel_color=\"\" border_width=\"\" border_radius=\"\" border_color=\"\" border_hover_color=\"\" size=\"\" stretch=\"default\" margin_top=\"\" margin_right=\"\" margin_bottom=\"\" margin_left=\"\" icon=\"\" icon_position=\"left\" icon_divider=\"no\" animation_type=\"\" animation_direction=\"left\" animation_speed=\"0.3\" animation_offset=\"\"]BEDIENUNGSANLEITUNG[\/fusion_button]\n<ul>\n<li>Modell Nr.: FUT005<\/li>\n<li>4 Zonen einstellbar<\/li>\n<li>CCT (von warmwei\u00df zu kaltwei\u00df)<\/li>\n<li>Dimmen und Farbtemperatur einstellbar<\/li>\n<li>Stromversorgung: 1x 3V 200mA Knopfzelle CR 2025 (nicht im Lieferumfang enthalten)<\/li>\n<li>Frequenz: 2.4 GHz<\/li>\n<li>Modulationsmethode: GFSK<\/li>\n<li>Sendeleistung: 6dBm<\/li>\n<li>Reichweite: ca. 30m<\/li>\n<li>Ma\u00dfe der Fernbedienung: 110 x 50 x 11mm<\/li>\n<\/ul>\n","protected":false},"featured_media":19901,"template":"","meta":{"jetpack_post_was_ever_published":false,"jetpack_publicize_message":"","jetpack_publicize_feature_enabled":true,"jetpack_social_post_already_shared":true,"jetpack_social_options":{"image_generator_settings":{"template":"highway","default_image_id":0,"font":"","enabled":false},"version":2}},"product_brand":[],"product_cat":[200,207,216,212,209],"product_tag":[220],"class_list":{"0":"post-19832","1":"product","2":"type-product","3":"status-publish","4":"has-post-thumbnail","6":"product_cat-24v","7":"product_cat-dualweiss-cct","8":"product_cat-fernbedienungen-wandcontroler","9":"product_cat-garten-beleuchtung","10":"product_cat-zubehoer","11":"product_tag-xyz","13":"first","14":"instock","15":"taxable","16":"shipping-taxable","17":"purchasable","18":"product-type-simple"},"yoast_head":"<!-- This site is optimized with the Yoast SEO plugin v27.3 - https:\/\/yoast.com\/product\/yoast-seo-wordpress\/ -->\n<title>4 Zonen CCT Funk Fernbedienung Mi-Light\/MiBoxer FUT005 - Schwimmbadtechnik Ratingen<\/title>\n<meta name=\"robots\" content=\"index, follow, max-snippet:-1, max-image-preview:large, max-video-preview:-1\" \/>\n<link rel=\"canonical\" href=\"https:\/\/www.schwimmbadtechnik-ratingen.de\/index.php\/produkt\/4-zonen-cct-funk-fernbedienung-mi-light-miboxer-fut005\/\" \/>\n<meta property=\"og:locale\" content=\"de_DE\" \/>\n<meta property=\"og:type\" content=\"article\" \/>\n<meta property=\"og:title\" content=\"4 Zonen CCT Funk Fernbedienung Mi-Light\/MiBoxer FUT005 - Schwimmbadtechnik Ratingen\" \/>\n<meta property=\"og:description\" content=\"Modell Nr.: FUT005  4 Zonen einstellbar  CCT (von warmwei\u00df zu kaltwei\u00df)  Dimmen und Farbtemperatur einstellbar  Stromversorgung: 1x 3V 200mA Knopfzelle CR 2025 (nicht im Lieferumfang enthalten)  Frequenz: 2.4 GHz  Modulationsmethode: GFSK  Sendeleistung: 6dBm  Reichweite: ca. 30m  Ma\u00dfe der Fernbedienung: 110 x 50 x 11mm\" \/>\n<meta property=\"og:url\" content=\"https:\/\/www.schwimmbadtechnik-ratingen.de\/index.php\/produkt\/4-zonen-cct-funk-fernbedienung-mi-light-miboxer-fut005\/\" \/>\n<meta property=\"og:site_name\" content=\"Schwimmbadtechnik Ratingen\" \/>\n<meta property=\"article:modified_time\" content=\"2026-01-05T11:07:21+00:00\" \/>\n<meta property=\"og:image\" content=\"https:\/\/www.schwimmbadtechnik-ratingen.de\/wp-content\/uploads\/2022\/11\/FUT005_CCT_1.jpg\" \/>\n\t<meta property=\"og:image:width\" content=\"1181\" \/>\n\t<meta property=\"og:image:height\" content=\"1181\" \/>\n\t<meta property=\"og:image:type\" content=\"image\/jpeg\" \/>\n<meta name=\"twitter:card\" content=\"summary_large_image\" \/>\n<meta name=\"twitter:label1\" content=\"Gesch\u00e4tzte Lesezeit\" \/>\n\t<meta name=\"twitter:data1\" content=\"1\u00a0Minute\" \/>\n<script type=\"application\/ld+json\" class=\"yoast-schema-graph\">{\"@context\":\"https:\\\/\\\/schema.org\",\"@graph\":[{\"@type\":\"WebPage\",\"@id\":\"https:\\\/\\\/www.schwimmbadtechnik-ratingen.de\\\/index.php\\\/produkt\\\/4-zonen-cct-funk-fernbedienung-mi-light-miboxer-fut005\\\/\",\"url\":\"https:\\\/\\\/www.schwimmbadtechnik-ratingen.de\\\/index.php\\\/produkt\\\/4-zonen-cct-funk-fernbedienung-mi-light-miboxer-fut005\\\/\",\"name\":\"4 Zonen CCT Funk Fernbedienung Mi-Light\\\/MiBoxer FUT005 - Schwimmbadtechnik Ratingen\",\"isPartOf\":{\"@id\":\"https:\\\/\\\/www.schwimmbadtechnik-ratingen.de\\\/#website\"},\"primaryImageOfPage\":{\"@id\":\"https:\\\/\\\/www.schwimmbadtechnik-ratingen.de\\\/index.php\\\/produkt\\\/4-zonen-cct-funk-fernbedienung-mi-light-miboxer-fut005\\\/#primaryimage\"},\"image\":{\"@id\":\"https:\\\/\\\/www.schwimmbadtechnik-ratingen.de\\\/index.php\\\/produkt\\\/4-zonen-cct-funk-fernbedienung-mi-light-miboxer-fut005\\\/#primaryimage\"},\"thumbnailUrl\":\"https:\\\/\\\/i0.wp.com\\\/www.schwimmbadtechnik-ratingen.de\\\/wp-content\\\/uploads\\\/2022\\\/11\\\/FUT005_CCT_1.jpg?fit=1181%2C1181&ssl=1\",\"datePublished\":\"2022-11-09T14:48:06+00:00\",\"dateModified\":\"2026-01-05T11:07:21+00:00\",\"breadcrumb\":{\"@id\":\"https:\\\/\\\/www.schwimmbadtechnik-ratingen.de\\\/index.php\\\/produkt\\\/4-zonen-cct-funk-fernbedienung-mi-light-miboxer-fut005\\\/#breadcrumb\"},\"inLanguage\":\"de\",\"potentialAction\":[{\"@type\":\"ReadAction\",\"target\":[\"https:\\\/\\\/www.schwimmbadtechnik-ratingen.de\\\/index.php\\\/produkt\\\/4-zonen-cct-funk-fernbedienung-mi-light-miboxer-fut005\\\/\"]}]},{\"@type\":\"ImageObject\",\"inLanguage\":\"de\",\"@id\":\"https:\\\/\\\/www.schwimmbadtechnik-ratingen.de\\\/index.php\\\/produkt\\\/4-zonen-cct-funk-fernbedienung-mi-light-miboxer-fut005\\\/#primaryimage\",\"url\":\"https:\\\/\\\/i0.wp.com\\\/www.schwimmbadtechnik-ratingen.de\\\/wp-content\\\/uploads\\\/2022\\\/11\\\/FUT005_CCT_1.jpg?fit=1181%2C1181&ssl=1\",\"contentUrl\":\"https:\\\/\\\/i0.wp.com\\\/www.schwimmbadtechnik-ratingen.de\\\/wp-content\\\/uploads\\\/2022\\\/11\\\/FUT005_CCT_1.jpg?fit=1181%2C1181&ssl=1\",\"width\":1181,\"height\":1181},{\"@type\":\"BreadcrumbList\",\"@id\":\"https:\\\/\\\/www.schwimmbadtechnik-ratingen.de\\\/index.php\\\/produkt\\\/4-zonen-cct-funk-fernbedienung-mi-light-miboxer-fut005\\\/#breadcrumb\",\"itemListElement\":[{\"@type\":\"ListItem\",\"position\":1,\"name\":\"Startseite\",\"item\":\"https:\\\/\\\/www.schwimmbadtechnik-ratingen.de\\\/\"},{\"@type\":\"ListItem\",\"position\":2,\"name\":\"Shop\",\"item\":\"https:\\\/\\\/www.schwimmbadtechnik-ratingen.de\\\/index.php\\\/shop\\\/\"},{\"@type\":\"ListItem\",\"position\":3,\"name\":\"4 Zonen CCT Funk Fernbedienung Mi-Light\\\/MiBoxer FUT005\"}]},{\"@type\":\"WebSite\",\"@id\":\"https:\\\/\\\/www.schwimmbadtechnik-ratingen.de\\\/#website\",\"url\":\"https:\\\/\\\/www.schwimmbadtechnik-ratingen.de\\\/\",\"name\":\"Schwimmbadtechnik Ratingen\",\"description\":\"MTS-Produkte\",\"publisher\":{\"@id\":\"https:\\\/\\\/www.schwimmbadtechnik-ratingen.de\\\/#organization\"},\"potentialAction\":[{\"@type\":\"SearchAction\",\"target\":{\"@type\":\"EntryPoint\",\"urlTemplate\":\"https:\\\/\\\/www.schwimmbadtechnik-ratingen.de\\\/?s={search_term_string}\"},\"query-input\":{\"@type\":\"PropertyValueSpecification\",\"valueRequired\":true,\"valueName\":\"search_term_string\"}}],\"inLanguage\":\"de\"},{\"@type\":\"Organization\",\"@id\":\"https:\\\/\\\/www.schwimmbadtechnik-ratingen.de\\\/#organization\",\"name\":\"MTS-Produkte GmbH\",\"url\":\"https:\\\/\\\/www.schwimmbadtechnik-ratingen.de\\\/\",\"logo\":{\"@type\":\"ImageObject\",\"inLanguage\":\"de\",\"@id\":\"https:\\\/\\\/www.schwimmbadtechnik-ratingen.de\\\/#\\\/schema\\\/logo\\\/image\\\/\",\"url\":\"https:\\\/\\\/i0.wp.com\\\/www.schwimmbadtechnik-ratingen.de\\\/wp-content\\\/uploads\\\/2016\\\/03\\\/MTS_Logo_2015_800_retina.jpg?fit=800%2C130&ssl=1\",\"contentUrl\":\"https:\\\/\\\/i0.wp.com\\\/www.schwimmbadtechnik-ratingen.de\\\/wp-content\\\/uploads\\\/2016\\\/03\\\/MTS_Logo_2015_800_retina.jpg?fit=800%2C130&ssl=1\",\"width\":800,\"height\":130,\"caption\":\"MTS-Produkte GmbH\"},\"image\":{\"@id\":\"https:\\\/\\\/www.schwimmbadtechnik-ratingen.de\\\/#\\\/schema\\\/logo\\\/image\\\/\"}}]}<\/script>\n<!-- \/ Yoast SEO plugin. -->","yoast_head_json":{"title":"4 Zonen CCT Funk Fernbedienung Mi-Light\/MiBoxer FUT005 - Schwimmbadtechnik Ratingen","robots":{"index":"index","follow":"follow","max-snippet":"max-snippet:-1","max-image-preview":"max-image-preview:large","max-video-preview":"max-video-preview:-1"},"canonical":"https:\/\/www.schwimmbadtechnik-ratingen.de\/index.php\/produkt\/4-zonen-cct-funk-fernbedienung-mi-light-miboxer-fut005\/","og_locale":"de_DE","og_type":"article","og_title":"4 Zonen CCT Funk Fernbedienung Mi-Light\/MiBoxer FUT005 - Schwimmbadtechnik Ratingen","og_description":"Modell Nr.: FUT005  4 Zonen einstellbar  CCT (von warmwei\u00df zu kaltwei\u00df)  Dimmen und Farbtemperatur einstellbar  Stromversorgung: 1x 3V 200mA Knopfzelle CR 2025 (nicht im Lieferumfang enthalten)  Frequenz: 2.4 GHz  Modulationsmethode: GFSK  Sendeleistung: 6dBm  Reichweite: ca. 30m  Ma\u00dfe der Fernbedienung: 110 x 50 x 11mm","og_url":"https:\/\/www.schwimmbadtechnik-ratingen.de\/index.php\/produkt\/4-zonen-cct-funk-fernbedienung-mi-light-miboxer-fut005\/","og_site_name":"Schwimmbadtechnik Ratingen","article_modified_time":"2026-01-05T11:07:21+00:00","og_image":[{"width":1181,"height":1181,"url":"https:\/\/www.schwimmbadtechnik-ratingen.de\/wp-content\/uploads\/2022\/11\/FUT005_CCT_1.jpg","type":"image\/jpeg"}],"twitter_card":"summary_large_image","twitter_misc":{"Gesch\u00e4tzte Lesezeit":"1\u00a0Minute"},"schema":{"@context":"https:\/\/schema.org","@graph":[{"@type":"WebPage","@id":"https:\/\/www.schwimmbadtechnik-ratingen.de\/index.php\/produkt\/4-zonen-cct-funk-fernbedienung-mi-light-miboxer-fut005\/","url":"https:\/\/www.schwimmbadtechnik-ratingen.de\/index.php\/produkt\/4-zonen-cct-funk-fernbedienung-mi-light-miboxer-fut005\/","name":"4 Zonen CCT Funk Fernbedienung Mi-Light\/MiBoxer FUT005 - Schwimmbadtechnik Ratingen","isPartOf":{"@id":"https:\/\/www.schwimmbadtechnik-ratingen.de\/#website"},"primaryImageOfPage":{"@id":"https:\/\/www.schwimmbadtechnik-ratingen.de\/index.php\/produkt\/4-zonen-cct-funk-fernbedienung-mi-light-miboxer-fut005\/#primaryimage"},"image":{"@id":"https:\/\/www.schwimmbadtechnik-ratingen.de\/index.php\/produkt\/4-zonen-cct-funk-fernbedienung-mi-light-miboxer-fut005\/#primaryimage"},"thumbnailUrl":"https:\/\/i0.wp.com\/www.schwimmbadtechnik-ratingen.de\/wp-content\/uploads\/2022\/11\/FUT005_CCT_1.jpg?fit=1181%2C1181&ssl=1","datePublished":"2022-11-09T14:48:06+00:00","dateModified":"2026-01-05T11:07:21+00:00","breadcrumb":{"@id":"https:\/\/www.schwimmbadtechnik-ratingen.de\/index.php\/produkt\/4-zonen-cct-funk-fernbedienung-mi-light-miboxer-fut005\/#breadcrumb"},"inLanguage":"de","potentialAction":[{"@type":"ReadAction","target":["https:\/\/www.schwimmbadtechnik-ratingen.de\/index.php\/produkt\/4-zonen-cct-funk-fernbedienung-mi-light-miboxer-fut005\/"]}]},{"@type":"ImageObject","inLanguage":"de","@id":"https:\/\/www.schwimmbadtechnik-ratingen.de\/index.php\/produkt\/4-zonen-cct-funk-fernbedienung-mi-light-miboxer-fut005\/#primaryimage","url":"https:\/\/i0.wp.com\/www.schwimmbadtechnik-ratingen.de\/wp-content\/uploads\/2022\/11\/FUT005_CCT_1.jpg?fit=1181%2C1181&ssl=1","contentUrl":"https:\/\/i0.wp.com\/www.schwimmbadtechnik-ratingen.de\/wp-content\/uploads\/2022\/11\/FUT005_CCT_1.jpg?fit=1181%2C1181&ssl=1","width":1181,"height":1181},{"@type":"BreadcrumbList","@id":"https:\/\/www.schwimmbadtechnik-ratingen.de\/index.php\/produkt\/4-zonen-cct-funk-fernbedienung-mi-light-miboxer-fut005\/#breadcrumb","itemListElement":[{"@type":"ListItem","position":1,"name":"Startseite","item":"https:\/\/www.schwimmbadtechnik-ratingen.de\/"},{"@type":"ListItem","position":2,"name":"Shop","item":"https:\/\/www.schwimmbadtechnik-ratingen.de\/index.php\/shop\/"},{"@type":"ListItem","position":3,"name":"4 Zonen CCT Funk Fernbedienung Mi-Light\/MiBoxer FUT005"}]},{"@type":"WebSite","@id":"https:\/\/www.schwimmbadtechnik-ratingen.de\/#website","url":"https:\/\/www.schwimmbadtechnik-ratingen.de\/","name":"Schwimmbadtechnik Ratingen","description":"MTS-Produkte","publisher":{"@id":"https:\/\/www.schwimmbadtechnik-ratingen.de\/#organization"},"potentialAction":[{"@type":"SearchAction","target":{"@type":"EntryPoint","urlTemplate":"https:\/\/www.schwimmbadtechnik-ratingen.de\/?s={search_term_string}"},"query-input":{"@type":"PropertyValueSpecification","valueRequired":true,"valueName":"search_term_string"}}],"inLanguage":"de"},{"@type":"Organization","@id":"https:\/\/www.schwimmbadtechnik-ratingen.de\/#organization","name":"MTS-Produkte GmbH","url":"https:\/\/www.schwimmbadtechnik-ratingen.de\/","logo":{"@type":"ImageObject","inLanguage":"de","@id":"https:\/\/www.schwimmbadtechnik-ratingen.de\/#\/schema\/logo\/image\/","url":"https:\/\/i0.wp.com\/www.schwimmbadtechnik-ratingen.de\/wp-content\/uploads\/2016\/03\/MTS_Logo_2015_800_retina.jpg?fit=800%2C130&ssl=1","contentUrl":"https:\/\/i0.wp.com\/www.schwimmbadtechnik-ratingen.de\/wp-content\/uploads\/2016\/03\/MTS_Logo_2015_800_retina.jpg?fit=800%2C130&ssl=1","width":800,"height":130,"caption":"MTS-Produkte GmbH"},"image":{"@id":"https:\/\/www.schwimmbadtechnik-ratingen.de\/#\/schema\/logo\/image\/"}}]}},"jetpack_publicize_connections":[],"jetpack_sharing_enabled":true,"_links":{"self":[{"href":"https:\/\/www.schwimmbadtechnik-ratingen.de\/index.php\/wp-json\/wp\/v2\/product\/19832","targetHints":{"allow":["GET"]}}],"collection":[{"href":"https:\/\/www.schwimmbadtechnik-ratingen.de\/index.php\/wp-json\/wp\/v2\/product"}],"about":[{"href":"https:\/\/www.schwimmbadtechnik-ratingen.de\/index.php\/wp-json\/wp\/v2\/types\/product"}],"wp:featuredmedia":[{"embeddable":true,"href":"https:\/\/www.schwimmbadtechnik-ratingen.de\/index.php\/wp-json\/wp\/v2\/media\/19901"}],"wp:attachment":[{"href":"https:\/\/www.schwimmbadtechnik-ratingen.de\/index.php\/wp-json\/wp\/v2\/media?parent=19832"}],"wp:term":[{"taxonomy":"product_brand","embeddable":true,"href":"https:\/\/www.schwimmbadtechnik-ratingen.de\/index.php\/wp-json\/wp\/v2\/product_brand?post=19832"},{"taxonomy":"product_cat","embeddable":true,"href":"https:\/\/www.schwimmbadtechnik-ratingen.de\/index.php\/wp-json\/wp\/v2\/product_cat?post=19832"},{"taxonomy":"product_tag","embeddable":true,"href":"https:\/\/www.schwimmbadtechnik-ratingen.de\/index.php\/wp-json\/wp\/v2\/product_tag?post=19832"}],"curies":[{"name":"wp","href":"https:\/\/api.w.org\/{rel}","templated":true}]}}