{"id":19819,"date":"2022-11-09T15:48:05","date_gmt":"2022-11-09T14:48:05","guid":{"rendered":"https:\/\/www.schwimmbadtechnik-ratingen.de\/?post_type=product&#038;p=19819"},"modified":"2026-01-05T16:11:40","modified_gmt":"2026-01-05T15:11:40","slug":"led-neon-flex-24v-warmweiss-quadratisch","status":"publish","type":"product","link":"https:\/\/www.schwimmbadtechnik-ratingen.de\/index.php\/produkt\/led-neon-flex-24v-warmweiss-quadratisch\/","title":{"rendered":"LED NEON FLEX 24V &#8222;Warmwei\u00df&#8220; Quadratisch"},"content":{"rendered":"<div class=\"fusion-image-element in-legacy-container\" style=\"--awb-caption-title-font-family:var(--h2_typography-font-family);--awb-caption-title-font-weight:var(--h2_typography-font-weight);--awb-caption-title-font-style:var(--h2_typography-font-style);--awb-caption-title-size:var(--h2_typography-font-size);--awb-caption-title-transform:var(--h2_typography-text-transform);--awb-caption-title-line-height:var(--h2_typography-line-height);--awb-caption-title-letter-spacing:var(--h2_typography-letter-spacing);\"><span class=\" fusion-imageframe imageframe-none imageframe-1 hover-type-none\"><a href=\"https:\/\/i0.wp.com\/www.schwimmbadtechnik-ratingen.de\/wp-content\/uploads\/2022\/11\/Screenshot-2023-03-15-at-12-39-33-Home-LogiLED-Lichtkonzepte.png?ssl=1\" class=\"fusion-lightbox\" data-rel=\"iLightbox[1a1b3fa8c1c7e32aa39]\" data-title=\"Screenshot 2023-03-15 at 12-39-33 Home &#8211; LogiLED Lichtkonzepte\" title=\"Screenshot 2023-03-15 at 12-39-33 Home &#8211; LogiLED Lichtkonzepte\"><img data-recalc-dims=\"1\" decoding=\"async\" width=\"1100\" height=\"258\" src=\"https:\/\/i0.wp.com\/www.schwimmbadtechnik-ratingen.de\/wp-content\/uploads\/2022\/11\/Screenshot-2023-03-15-at-12-39-33-Home-LogiLED-Lichtkonzepte.png?resize=1100%2C258&#038;ssl=1\" alt class=\"img-responsive wp-image-20142\" srcset=\"https:\/\/i0.wp.com\/www.schwimmbadtechnik-ratingen.de\/wp-content\/uploads\/2022\/11\/Screenshot-2023-03-15-at-12-39-33-Home-LogiLED-Lichtkonzepte.png?resize=200%2C47&amp;ssl=1 200w, https:\/\/i0.wp.com\/www.schwimmbadtechnik-ratingen.de\/wp-content\/uploads\/2022\/11\/Screenshot-2023-03-15-at-12-39-33-Home-LogiLED-Lichtkonzepte.png?resize=300%2C70&amp;ssl=1 300w, https:\/\/i0.wp.com\/www.schwimmbadtechnik-ratingen.de\/wp-content\/uploads\/2022\/11\/Screenshot-2023-03-15-at-12-39-33-Home-LogiLED-Lichtkonzepte.png?resize=400%2C94&amp;ssl=1 400w, https:\/\/i0.wp.com\/www.schwimmbadtechnik-ratingen.de\/wp-content\/uploads\/2022\/11\/Screenshot-2023-03-15-at-12-39-33-Home-LogiLED-Lichtkonzepte.png?resize=500%2C117&amp;ssl=1 500w, https:\/\/i0.wp.com\/www.schwimmbadtechnik-ratingen.de\/wp-content\/uploads\/2022\/11\/Screenshot-2023-03-15-at-12-39-33-Home-LogiLED-Lichtkonzepte.png?resize=600%2C141&amp;ssl=1 600w, https:\/\/i0.wp.com\/www.schwimmbadtechnik-ratingen.de\/wp-content\/uploads\/2022\/11\/Screenshot-2023-03-15-at-12-39-33-Home-LogiLED-Lichtkonzepte.png?resize=768%2C180&amp;ssl=1 768w, https:\/\/i0.wp.com\/www.schwimmbadtechnik-ratingen.de\/wp-content\/uploads\/2022\/11\/Screenshot-2023-03-15-at-12-39-33-Home-LogiLED-Lichtkonzepte.png?resize=800%2C188&amp;ssl=1 800w, https:\/\/i0.wp.com\/www.schwimmbadtechnik-ratingen.de\/wp-content\/uploads\/2022\/11\/Screenshot-2023-03-15-at-12-39-33-Home-LogiLED-Lichtkonzepte.png?resize=1024%2C240&amp;ssl=1 1024w, https:\/\/i0.wp.com\/www.schwimmbadtechnik-ratingen.de\/wp-content\/uploads\/2022\/11\/Screenshot-2023-03-15-at-12-39-33-Home-LogiLED-Lichtkonzepte.png?resize=1200%2C281&amp;ssl=1 1200w, https:\/\/i0.wp.com\/www.schwimmbadtechnik-ratingen.de\/wp-content\/uploads\/2022\/11\/Screenshot-2023-03-15-at-12-39-33-Home-LogiLED-Lichtkonzepte.png?resize=1536%2C360&amp;ssl=1 1536w, https:\/\/i0.wp.com\/www.schwimmbadtechnik-ratingen.de\/wp-content\/uploads\/2022\/11\/Screenshot-2023-03-15-at-12-39-33-Home-LogiLED-Lichtkonzepte.png?w=1843&amp;ssl=1 1843w\" sizes=\"(max-width: 800px) 100vw, 1200px\" \/><\/a><\/span><\/div>\n<p>&nbsp;<\/p>\n<p>Neon Flex LED Strips sind eine Weiterentwicklung der altbekannten LED Strips und durch ihre Bauart perfekt f\u00fcr den Einsatz sowohl im Innen- als auch im Au\u00dfenbereich geeignet.<\/p>\n<p>Diese hochbiegsamen LED Strips haben als Basis ein Silikon U-Profil in das der eigentliche Strip eingelassen wird um sp\u00e4ter mit transparentwei\u00dfem Silikon vergossen zu werden.<\/p>\n<p>Diese Technik eliminiert durch ihre diffuse Oberfl\u00e4che, die st\u00f6renden Lichtpunkte, die bei herk\u00f6mmlichen LED Strips meist als st\u00f6rend wahrgenommen werden und bietet somit ein durchg\u00e4ngiges homogenes Lichtbild.<\/p>\n<p>Perfekt geeignet sind sie sowohl als eindrucksvolle Hintergrundbeleuchtung, als auch als Eyecatcher, eingelassen an Wegr\u00e4ndern oder gar als Ersatz f\u00fcr klassische Neonreklame an W\u00e4nden.<\/p>\n<p>Die Einsatzm\u00f6glichkeiten sind durch ihre Biegsamkeit und Wetterunabh\u00e4ngigkeit nahezu unlimitiert.<\/p>\n<ul style=\"--awb-size:15px;--awb-line-height:25.5px;--awb-icon-width:25.5px;--awb-icon-height:25.5px;--awb-icon-margin:10.5px;--awb-content-margin:36px;--awb-circlecolor:000000;--awb-circle-yes-font-size:13.2px;\" class=\"fusion-checklist fusion-checklist-1 fusion-checklist-default type-icons\"><li class=\"fusion-li-item\" style=\"\"><span class=\"icon-wrapper circle-yes\"><i class=\"fusion-li-icon fa fa-check\" aria-hidden=\"true\"><\/i><\/span><div class=\"fusion-li-item-content\">IP67 gesch\u00fctzt<\/div><\/li><li class=\"fusion-li-item\" style=\"\"><span class=\"icon-wrapper circle-yes\"><i class=\"fusion-li-icon fa fa-check\" aria-hidden=\"true\"><\/i><\/span><div class=\"fusion-li-item-content\">10x18mm (Breite x H\u00f6he)<\/div><\/li><li class=\"fusion-li-item\" style=\"\"><span class=\"icon-wrapper circle-yes\"><i class=\"fusion-li-icon fa fa-check\" aria-hidden=\"true\"><\/i><\/span><div class=\"fusion-li-item-content\">Angenehmes Warmwei\u00df mit 2700 Kelvin<\/div><\/li><li class=\"fusion-li-item\" style=\"\"><span class=\"icon-wrapper circle-yes\"><i class=\"fusion-li-icon fa fa-check\" aria-hidden=\"true\"><\/i><\/span><div class=\"fusion-li-item-content\">Dimmbar<\/div><\/li><\/ul>\n<div class=\"fusion-alignleft\"><a class=\"fusion-button button-flat fusion-button-default-size button-default fusion-button-default button-1 fusion-button-default-span fusion-button-default-type\" target=\"_self\" href=\"http:\/\/schwimmbadtechnik-ratingen.de\/index.php\/led_strip_trafo_rechner\/\"><span class=\"fusion-button-text awb-button__text awb-button__text--default\">MTS-Trafo-Rechner<\/span><\/a><\/div>\n","protected":false},"excerpt":{"rendered":"<p>LED NEON FLEX STRIP<\/p>\n<ul>\n<li>Farbe: Warmwei\u00df 2700K<\/li>\n<li>Bauform: Quadratisch (Flach)<\/li>\n<li>Spannung: 24VDC<\/li>\n<li>Art der LEDs: SMD2835<\/li>\n<li>Ma\u00dfe: 10x18mm (BxH)<\/li>\n<li>Abstrahlwinkel: 160\u00b0<\/li>\n<li>IP Klasse: IP67<\/li>\n<li>Watt pro Meter: 15W\/m<\/li>\n<li>Lumen pro Meter: xxx<\/li>\n<li>LEDs pro Meter: 120 LEDs\/m<\/li>\n<li>Alle 100mm teilbar<\/li>\n<li>Abstrahlrichtung: Sideview<\/li>\n<\/ul>\n<p><span style=\"color: #e9a825;\"><strong>Denken Sie an eventuell notwendiges Zubeh\u00f6r f\u00fcr Ihre LED-Strips (Trafo \/ Controller \/ Kabel \/ Profile). Scrollen Sie dazu einfach weiter nach unten.<\/strong><\/span><\/p>\n","protected":false},"featured_media":19865,"template":"","meta":{"jetpack_post_was_ever_published":false,"jetpack_publicize_message":"","jetpack_publicize_feature_enabled":true,"jetpack_social_post_already_shared":true,"jetpack_social_options":{"image_generator_settings":{"template":"highway","default_image_id":0,"font":"","enabled":false},"version":2}},"product_brand":[],"product_cat":[200,201,202,212,197,205,199],"product_tag":[220],"class_list":{"0":"post-19819","1":"product","2":"type-product","3":"status-publish","4":"has-post-thumbnail","6":"product_cat-24v","7":"product_cat-24v-beleuchtung","8":"product_cat-24v-led-strips","9":"product_cat-garten-beleuchtung","10":"product_cat-led-neon-flex-strips","11":"product_cat-quadratisch","12":"product_cat-warmweiss","13":"product_tag-xyz","15":"first","16":"instock","17":"taxable","18":"shipping-taxable","19":"purchasable","20":"product-type-variable"},"yoast_head":"<!-- This site is optimized with the Yoast SEO plugin v27.3 - https:\/\/yoast.com\/product\/yoast-seo-wordpress\/ -->\n<title>LED NEON FLEX 24V &quot;Warmwei\u00df&quot; Quadratisch - Schwimmbadtechnik Ratingen<\/title>\n<meta name=\"robots\" content=\"index, follow, max-snippet:-1, max-image-preview:large, max-video-preview:-1\" \/>\n<link rel=\"canonical\" href=\"https:\/\/www.schwimmbadtechnik-ratingen.de\/index.php\/produkt\/led-neon-flex-24v-warmweiss-quadratisch\/\" \/>\n<meta property=\"og:locale\" content=\"de_DE\" \/>\n<meta property=\"og:type\" content=\"article\" \/>\n<meta property=\"og:title\" content=\"LED NEON FLEX 24V &quot;Warmwei\u00df&quot; Quadratisch - Schwimmbadtechnik Ratingen\" \/>\n<meta property=\"og:description\" content=\"LED NEON FLEX STRIP   Farbe: Warmwei\u00df 2700K  Bauform: Quadratisch (Flach)  Spannung: 24VDC  Art der LEDs: SMD2835  Ma\u00dfe: 10x18mm (BxH)  Abstrahlwinkel: 160\u00b0  IP Klasse: IP67  Watt pro Meter: 15W\/m  Lumen pro Meter: xxx  LEDs pro Meter: 120 LEDs\/m  Alle 100mm teilbar  Abstrahlrichtung: Sideview  Denken Sie an eventuell notwendiges Zubeh\u00f6r f\u00fcr Ihre LED-Strips (Trafo \/ Controller \/ Kabel \/ Profile). Scrollen Sie dazu einfach weiter nach unten.\" \/>\n<meta property=\"og:url\" content=\"https:\/\/www.schwimmbadtechnik-ratingen.de\/index.php\/produkt\/led-neon-flex-24v-warmweiss-quadratisch\/\" \/>\n<meta property=\"og:site_name\" content=\"Schwimmbadtechnik Ratingen\" \/>\n<meta property=\"article:modified_time\" content=\"2026-01-05T15:11:40+00:00\" \/>\n<meta property=\"og:image\" content=\"https:\/\/www.schwimmbadtechnik-ratingen.de\/wp-content\/uploads\/2022\/11\/1018ww_1.jpg\" \/>\n\t<meta property=\"og:image:width\" content=\"1181\" \/>\n\t<meta property=\"og:image:height\" content=\"1181\" \/>\n\t<meta property=\"og:image:type\" content=\"image\/jpeg\" \/>\n<meta name=\"twitter:card\" content=\"summary_large_image\" \/>\n<meta name=\"twitter:label1\" content=\"Gesch\u00e4tzte Lesezeit\" \/>\n\t<meta name=\"twitter:data1\" content=\"2\u00a0Minuten\" \/>\n<script type=\"application\/ld+json\" class=\"yoast-schema-graph\">{\"@context\":\"https:\\\/\\\/schema.org\",\"@graph\":[{\"@type\":\"WebPage\",\"@id\":\"https:\\\/\\\/www.schwimmbadtechnik-ratingen.de\\\/index.php\\\/produkt\\\/led-neon-flex-24v-warmweiss-quadratisch\\\/\",\"url\":\"https:\\\/\\\/www.schwimmbadtechnik-ratingen.de\\\/index.php\\\/produkt\\\/led-neon-flex-24v-warmweiss-quadratisch\\\/\",\"name\":\"LED NEON FLEX 24V \\\"Warmwei\u00df\\\" Quadratisch - Schwimmbadtechnik Ratingen\",\"isPartOf\":{\"@id\":\"https:\\\/\\\/www.schwimmbadtechnik-ratingen.de\\\/#website\"},\"primaryImageOfPage\":{\"@id\":\"https:\\\/\\\/www.schwimmbadtechnik-ratingen.de\\\/index.php\\\/produkt\\\/led-neon-flex-24v-warmweiss-quadratisch\\\/#primaryimage\"},\"image\":{\"@id\":\"https:\\\/\\\/www.schwimmbadtechnik-ratingen.de\\\/index.php\\\/produkt\\\/led-neon-flex-24v-warmweiss-quadratisch\\\/#primaryimage\"},\"thumbnailUrl\":\"https:\\\/\\\/i0.wp.com\\\/www.schwimmbadtechnik-ratingen.de\\\/wp-content\\\/uploads\\\/2022\\\/11\\\/1018ww_1.jpg?fit=1181%2C1181&ssl=1\",\"datePublished\":\"2022-11-09T14:48:05+00:00\",\"dateModified\":\"2026-01-05T15:11:40+00:00\",\"breadcrumb\":{\"@id\":\"https:\\\/\\\/www.schwimmbadtechnik-ratingen.de\\\/index.php\\\/produkt\\\/led-neon-flex-24v-warmweiss-quadratisch\\\/#breadcrumb\"},\"inLanguage\":\"de\",\"potentialAction\":[{\"@type\":\"ReadAction\",\"target\":[\"https:\\\/\\\/www.schwimmbadtechnik-ratingen.de\\\/index.php\\\/produkt\\\/led-neon-flex-24v-warmweiss-quadratisch\\\/\"]}]},{\"@type\":\"ImageObject\",\"inLanguage\":\"de\",\"@id\":\"https:\\\/\\\/www.schwimmbadtechnik-ratingen.de\\\/index.php\\\/produkt\\\/led-neon-flex-24v-warmweiss-quadratisch\\\/#primaryimage\",\"url\":\"https:\\\/\\\/i0.wp.com\\\/www.schwimmbadtechnik-ratingen.de\\\/wp-content\\\/uploads\\\/2022\\\/11\\\/1018ww_1.jpg?fit=1181%2C1181&ssl=1\",\"contentUrl\":\"https:\\\/\\\/i0.wp.com\\\/www.schwimmbadtechnik-ratingen.de\\\/wp-content\\\/uploads\\\/2022\\\/11\\\/1018ww_1.jpg?fit=1181%2C1181&ssl=1\",\"width\":1181,\"height\":1181},{\"@type\":\"BreadcrumbList\",\"@id\":\"https:\\\/\\\/www.schwimmbadtechnik-ratingen.de\\\/index.php\\\/produkt\\\/led-neon-flex-24v-warmweiss-quadratisch\\\/#breadcrumb\",\"itemListElement\":[{\"@type\":\"ListItem\",\"position\":1,\"name\":\"Startseite\",\"item\":\"https:\\\/\\\/www.schwimmbadtechnik-ratingen.de\\\/\"},{\"@type\":\"ListItem\",\"position\":2,\"name\":\"Shop\",\"item\":\"https:\\\/\\\/www.schwimmbadtechnik-ratingen.de\\\/index.php\\\/shop\\\/\"},{\"@type\":\"ListItem\",\"position\":3,\"name\":\"LED NEON FLEX 24V &#8222;Warmwei\u00df&#8220; Quadratisch\"}]},{\"@type\":\"WebSite\",\"@id\":\"https:\\\/\\\/www.schwimmbadtechnik-ratingen.de\\\/#website\",\"url\":\"https:\\\/\\\/www.schwimmbadtechnik-ratingen.de\\\/\",\"name\":\"Schwimmbadtechnik Ratingen\",\"description\":\"MTS-Produkte\",\"publisher\":{\"@id\":\"https:\\\/\\\/www.schwimmbadtechnik-ratingen.de\\\/#organization\"},\"potentialAction\":[{\"@type\":\"SearchAction\",\"target\":{\"@type\":\"EntryPoint\",\"urlTemplate\":\"https:\\\/\\\/www.schwimmbadtechnik-ratingen.de\\\/?s={search_term_string}\"},\"query-input\":{\"@type\":\"PropertyValueSpecification\",\"valueRequired\":true,\"valueName\":\"search_term_string\"}}],\"inLanguage\":\"de\"},{\"@type\":\"Organization\",\"@id\":\"https:\\\/\\\/www.schwimmbadtechnik-ratingen.de\\\/#organization\",\"name\":\"MTS-Produkte GmbH\",\"url\":\"https:\\\/\\\/www.schwimmbadtechnik-ratingen.de\\\/\",\"logo\":{\"@type\":\"ImageObject\",\"inLanguage\":\"de\",\"@id\":\"https:\\\/\\\/www.schwimmbadtechnik-ratingen.de\\\/#\\\/schema\\\/logo\\\/image\\\/\",\"url\":\"https:\\\/\\\/i0.wp.com\\\/www.schwimmbadtechnik-ratingen.de\\\/wp-content\\\/uploads\\\/2016\\\/03\\\/MTS_Logo_2015_800_retina.jpg?fit=800%2C130&ssl=1\",\"contentUrl\":\"https:\\\/\\\/i0.wp.com\\\/www.schwimmbadtechnik-ratingen.de\\\/wp-content\\\/uploads\\\/2016\\\/03\\\/MTS_Logo_2015_800_retina.jpg?fit=800%2C130&ssl=1\",\"width\":800,\"height\":130,\"caption\":\"MTS-Produkte GmbH\"},\"image\":{\"@id\":\"https:\\\/\\\/www.schwimmbadtechnik-ratingen.de\\\/#\\\/schema\\\/logo\\\/image\\\/\"}}]}<\/script>\n<!-- \/ Yoast SEO plugin. -->","yoast_head_json":{"title":"LED NEON FLEX 24V \"Warmwei\u00df\" Quadratisch - Schwimmbadtechnik Ratingen","robots":{"index":"index","follow":"follow","max-snippet":"max-snippet:-1","max-image-preview":"max-image-preview:large","max-video-preview":"max-video-preview:-1"},"canonical":"https:\/\/www.schwimmbadtechnik-ratingen.de\/index.php\/produkt\/led-neon-flex-24v-warmweiss-quadratisch\/","og_locale":"de_DE","og_type":"article","og_title":"LED NEON FLEX 24V \"Warmwei\u00df\" Quadratisch - Schwimmbadtechnik Ratingen","og_description":"LED NEON FLEX STRIP   Farbe: Warmwei\u00df 2700K  Bauform: Quadratisch (Flach)  Spannung: 24VDC  Art der LEDs: SMD2835  Ma\u00dfe: 10x18mm (BxH)  Abstrahlwinkel: 160\u00b0  IP Klasse: IP67  Watt pro Meter: 15W\/m  Lumen pro Meter: xxx  LEDs pro Meter: 120 LEDs\/m  Alle 100mm teilbar  Abstrahlrichtung: Sideview  Denken Sie an eventuell notwendiges Zubeh\u00f6r f\u00fcr Ihre LED-Strips (Trafo \/ Controller \/ Kabel \/ Profile). Scrollen Sie dazu einfach weiter nach unten.","og_url":"https:\/\/www.schwimmbadtechnik-ratingen.de\/index.php\/produkt\/led-neon-flex-24v-warmweiss-quadratisch\/","og_site_name":"Schwimmbadtechnik Ratingen","article_modified_time":"2026-01-05T15:11:40+00:00","og_image":[{"width":1181,"height":1181,"url":"https:\/\/www.schwimmbadtechnik-ratingen.de\/wp-content\/uploads\/2022\/11\/1018ww_1.jpg","type":"image\/jpeg"}],"twitter_card":"summary_large_image","twitter_misc":{"Gesch\u00e4tzte Lesezeit":"2\u00a0Minuten"},"schema":{"@context":"https:\/\/schema.org","@graph":[{"@type":"WebPage","@id":"https:\/\/www.schwimmbadtechnik-ratingen.de\/index.php\/produkt\/led-neon-flex-24v-warmweiss-quadratisch\/","url":"https:\/\/www.schwimmbadtechnik-ratingen.de\/index.php\/produkt\/led-neon-flex-24v-warmweiss-quadratisch\/","name":"LED NEON FLEX 24V \"Warmwei\u00df\" Quadratisch - Schwimmbadtechnik Ratingen","isPartOf":{"@id":"https:\/\/www.schwimmbadtechnik-ratingen.de\/#website"},"primaryImageOfPage":{"@id":"https:\/\/www.schwimmbadtechnik-ratingen.de\/index.php\/produkt\/led-neon-flex-24v-warmweiss-quadratisch\/#primaryimage"},"image":{"@id":"https:\/\/www.schwimmbadtechnik-ratingen.de\/index.php\/produkt\/led-neon-flex-24v-warmweiss-quadratisch\/#primaryimage"},"thumbnailUrl":"https:\/\/i0.wp.com\/www.schwimmbadtechnik-ratingen.de\/wp-content\/uploads\/2022\/11\/1018ww_1.jpg?fit=1181%2C1181&ssl=1","datePublished":"2022-11-09T14:48:05+00:00","dateModified":"2026-01-05T15:11:40+00:00","breadcrumb":{"@id":"https:\/\/www.schwimmbadtechnik-ratingen.de\/index.php\/produkt\/led-neon-flex-24v-warmweiss-quadratisch\/#breadcrumb"},"inLanguage":"de","potentialAction":[{"@type":"ReadAction","target":["https:\/\/www.schwimmbadtechnik-ratingen.de\/index.php\/produkt\/led-neon-flex-24v-warmweiss-quadratisch\/"]}]},{"@type":"ImageObject","inLanguage":"de","@id":"https:\/\/www.schwimmbadtechnik-ratingen.de\/index.php\/produkt\/led-neon-flex-24v-warmweiss-quadratisch\/#primaryimage","url":"https:\/\/i0.wp.com\/www.schwimmbadtechnik-ratingen.de\/wp-content\/uploads\/2022\/11\/1018ww_1.jpg?fit=1181%2C1181&ssl=1","contentUrl":"https:\/\/i0.wp.com\/www.schwimmbadtechnik-ratingen.de\/wp-content\/uploads\/2022\/11\/1018ww_1.jpg?fit=1181%2C1181&ssl=1","width":1181,"height":1181},{"@type":"BreadcrumbList","@id":"https:\/\/www.schwimmbadtechnik-ratingen.de\/index.php\/produkt\/led-neon-flex-24v-warmweiss-quadratisch\/#breadcrumb","itemListElement":[{"@type":"ListItem","position":1,"name":"Startseite","item":"https:\/\/www.schwimmbadtechnik-ratingen.de\/"},{"@type":"ListItem","position":2,"name":"Shop","item":"https:\/\/www.schwimmbadtechnik-ratingen.de\/index.php\/shop\/"},{"@type":"ListItem","position":3,"name":"LED NEON FLEX 24V &#8222;Warmwei\u00df&#8220; Quadratisch"}]},{"@type":"WebSite","@id":"https:\/\/www.schwimmbadtechnik-ratingen.de\/#website","url":"https:\/\/www.schwimmbadtechnik-ratingen.de\/","name":"Schwimmbadtechnik Ratingen","description":"MTS-Produkte","publisher":{"@id":"https:\/\/www.schwimmbadtechnik-ratingen.de\/#organization"},"potentialAction":[{"@type":"SearchAction","target":{"@type":"EntryPoint","urlTemplate":"https:\/\/www.schwimmbadtechnik-ratingen.de\/?s={search_term_string}"},"query-input":{"@type":"PropertyValueSpecification","valueRequired":true,"valueName":"search_term_string"}}],"inLanguage":"de"},{"@type":"Organization","@id":"https:\/\/www.schwimmbadtechnik-ratingen.de\/#organization","name":"MTS-Produkte GmbH","url":"https:\/\/www.schwimmbadtechnik-ratingen.de\/","logo":{"@type":"ImageObject","inLanguage":"de","@id":"https:\/\/www.schwimmbadtechnik-ratingen.de\/#\/schema\/logo\/image\/","url":"https:\/\/i0.wp.com\/www.schwimmbadtechnik-ratingen.de\/wp-content\/uploads\/2016\/03\/MTS_Logo_2015_800_retina.jpg?fit=800%2C130&ssl=1","contentUrl":"https:\/\/i0.wp.com\/www.schwimmbadtechnik-ratingen.de\/wp-content\/uploads\/2016\/03\/MTS_Logo_2015_800_retina.jpg?fit=800%2C130&ssl=1","width":800,"height":130,"caption":"MTS-Produkte GmbH"},"image":{"@id":"https:\/\/www.schwimmbadtechnik-ratingen.de\/#\/schema\/logo\/image\/"}}]}},"jetpack_publicize_connections":[],"jetpack_sharing_enabled":true,"_links":{"self":[{"href":"https:\/\/www.schwimmbadtechnik-ratingen.de\/index.php\/wp-json\/wp\/v2\/product\/19819","targetHints":{"allow":["GET"]}}],"collection":[{"href":"https:\/\/www.schwimmbadtechnik-ratingen.de\/index.php\/wp-json\/wp\/v2\/product"}],"about":[{"href":"https:\/\/www.schwimmbadtechnik-ratingen.de\/index.php\/wp-json\/wp\/v2\/types\/product"}],"wp:featuredmedia":[{"embeddable":true,"href":"https:\/\/www.schwimmbadtechnik-ratingen.de\/index.php\/wp-json\/wp\/v2\/media\/19865"}],"wp:attachment":[{"href":"https:\/\/www.schwimmbadtechnik-ratingen.de\/index.php\/wp-json\/wp\/v2\/media?parent=19819"}],"wp:term":[{"taxonomy":"product_brand","embeddable":true,"href":"https:\/\/www.schwimmbadtechnik-ratingen.de\/index.php\/wp-json\/wp\/v2\/product_brand?post=19819"},{"taxonomy":"product_cat","embeddable":true,"href":"https:\/\/www.schwimmbadtechnik-ratingen.de\/index.php\/wp-json\/wp\/v2\/product_cat?post=19819"},{"taxonomy":"product_tag","embeddable":true,"href":"https:\/\/www.schwimmbadtechnik-ratingen.de\/index.php\/wp-json\/wp\/v2\/product_tag?post=19819"}],"curies":[{"name":"wp","href":"https:\/\/api.w.org\/{rel}","templated":true}]}}