{"id":19815,"date":"2022-11-09T15:48:04","date_gmt":"2022-11-09T14:48:04","guid":{"rendered":"https:\/\/www.schwimmbadtechnik-ratingen.de\/?post_type=product&#038;p=19815"},"modified":"2026-01-05T12:07:22","modified_gmt":"2026-01-05T11:07:22","slug":"verlaengerungskabel-stecksystem","status":"publish","type":"product","link":"https:\/\/www.schwimmbadtechnik-ratingen.de\/index.php\/produkt\/verlaengerungskabel-stecksystem\/","title":{"rendered":"Verl\u00e4ngerungskabel Stecksystem"},"content":{"rendered":"<p>Verl\u00e4ngerung der Strecke zwischen Controller und LED Strip.<\/p>\n","protected":false},"excerpt":{"rendered":"<p>Stecksystem Verl\u00e4ngerungskabel in verschiedenen L\u00e4ngen inklusive wasserdichtem IP67 Male und Female Steckverbinder.<\/p>\n<p>&nbsp;<\/p>\n","protected":false},"featured_media":19886,"template":"","meta":{"jetpack_post_was_ever_published":false,"jetpack_publicize_message":"","jetpack_publicize_feature_enabled":true,"jetpack_social_post_already_shared":true,"jetpack_social_options":{"image_generator_settings":{"template":"highway","default_image_id":0,"font":"","enabled":false},"version":2}},"product_brand":[],"product_cat":[200,212,210,209],"product_tag":[220],"class_list":{"0":"post-19815","1":"product","2":"type-product","3":"status-publish","4":"has-post-thumbnail","6":"product_cat-24v","7":"product_cat-garten-beleuchtung","8":"product_cat-kabel-connectoren","9":"product_cat-zubehoer","10":"product_tag-xyz","12":"first","13":"outofstock","14":"taxable","15":"shipping-taxable","16":"purchasable","17":"product-type-simple"},"yoast_head":"<!-- This site is optimized with the Yoast SEO plugin v27.3 - https:\/\/yoast.com\/product\/yoast-seo-wordpress\/ -->\n<title>Verl\u00e4ngerungskabel Stecksystem - Schwimmbadtechnik Ratingen<\/title>\n<meta name=\"robots\" content=\"index, follow, max-snippet:-1, max-image-preview:large, max-video-preview:-1\" \/>\n<link rel=\"canonical\" href=\"https:\/\/www.schwimmbadtechnik-ratingen.de\/index.php\/produkt\/verlaengerungskabel-stecksystem\/\" \/>\n<meta property=\"og:locale\" content=\"de_DE\" \/>\n<meta property=\"og:type\" content=\"article\" \/>\n<meta property=\"og:title\" content=\"Verl\u00e4ngerungskabel Stecksystem - Schwimmbadtechnik Ratingen\" \/>\n<meta property=\"og:description\" content=\"Stecksystem Verl\u00e4ngerungskabel in verschiedenen L\u00e4ngen inklusive wasserdichtem IP67 Male und Female Steckverbinder.  &nbsp;\" \/>\n<meta property=\"og:url\" content=\"https:\/\/www.schwimmbadtechnik-ratingen.de\/index.php\/produkt\/verlaengerungskabel-stecksystem\/\" \/>\n<meta property=\"og:site_name\" content=\"Schwimmbadtechnik Ratingen\" \/>\n<meta property=\"article:modified_time\" content=\"2026-01-05T11:07:22+00:00\" \/>\n<meta property=\"og:image\" content=\"https:\/\/www.schwimmbadtechnik-ratingen.de\/wp-content\/uploads\/2022\/11\/kabel.jpg\" \/>\n\t<meta property=\"og:image:width\" content=\"1181\" \/>\n\t<meta property=\"og:image:height\" content=\"1181\" \/>\n\t<meta property=\"og:image:type\" content=\"image\/jpeg\" \/>\n<meta name=\"twitter:card\" content=\"summary_large_image\" \/>\n<script type=\"application\/ld+json\" class=\"yoast-schema-graph\">{\"@context\":\"https:\\\/\\\/schema.org\",\"@graph\":[{\"@type\":\"WebPage\",\"@id\":\"https:\\\/\\\/www.schwimmbadtechnik-ratingen.de\\\/index.php\\\/produkt\\\/verlaengerungskabel-stecksystem\\\/\",\"url\":\"https:\\\/\\\/www.schwimmbadtechnik-ratingen.de\\\/index.php\\\/produkt\\\/verlaengerungskabel-stecksystem\\\/\",\"name\":\"Verl\u00e4ngerungskabel Stecksystem - Schwimmbadtechnik Ratingen\",\"isPartOf\":{\"@id\":\"https:\\\/\\\/www.schwimmbadtechnik-ratingen.de\\\/#website\"},\"primaryImageOfPage\":{\"@id\":\"https:\\\/\\\/www.schwimmbadtechnik-ratingen.de\\\/index.php\\\/produkt\\\/verlaengerungskabel-stecksystem\\\/#primaryimage\"},\"image\":{\"@id\":\"https:\\\/\\\/www.schwimmbadtechnik-ratingen.de\\\/index.php\\\/produkt\\\/verlaengerungskabel-stecksystem\\\/#primaryimage\"},\"thumbnailUrl\":\"https:\\\/\\\/i0.wp.com\\\/www.schwimmbadtechnik-ratingen.de\\\/wp-content\\\/uploads\\\/2022\\\/11\\\/kabel.jpg?fit=1181%2C1181&ssl=1\",\"datePublished\":\"2022-11-09T14:48:04+00:00\",\"dateModified\":\"2026-01-05T11:07:22+00:00\",\"breadcrumb\":{\"@id\":\"https:\\\/\\\/www.schwimmbadtechnik-ratingen.de\\\/index.php\\\/produkt\\\/verlaengerungskabel-stecksystem\\\/#breadcrumb\"},\"inLanguage\":\"de\",\"potentialAction\":[{\"@type\":\"ReadAction\",\"target\":[\"https:\\\/\\\/www.schwimmbadtechnik-ratingen.de\\\/index.php\\\/produkt\\\/verlaengerungskabel-stecksystem\\\/\"]}]},{\"@type\":\"ImageObject\",\"inLanguage\":\"de\",\"@id\":\"https:\\\/\\\/www.schwimmbadtechnik-ratingen.de\\\/index.php\\\/produkt\\\/verlaengerungskabel-stecksystem\\\/#primaryimage\",\"url\":\"https:\\\/\\\/i0.wp.com\\\/www.schwimmbadtechnik-ratingen.de\\\/wp-content\\\/uploads\\\/2022\\\/11\\\/kabel.jpg?fit=1181%2C1181&ssl=1\",\"contentUrl\":\"https:\\\/\\\/i0.wp.com\\\/www.schwimmbadtechnik-ratingen.de\\\/wp-content\\\/uploads\\\/2022\\\/11\\\/kabel.jpg?fit=1181%2C1181&ssl=1\",\"width\":1181,\"height\":1181},{\"@type\":\"BreadcrumbList\",\"@id\":\"https:\\\/\\\/www.schwimmbadtechnik-ratingen.de\\\/index.php\\\/produkt\\\/verlaengerungskabel-stecksystem\\\/#breadcrumb\",\"itemListElement\":[{\"@type\":\"ListItem\",\"position\":1,\"name\":\"Startseite\",\"item\":\"https:\\\/\\\/www.schwimmbadtechnik-ratingen.de\\\/\"},{\"@type\":\"ListItem\",\"position\":2,\"name\":\"Shop\",\"item\":\"https:\\\/\\\/www.schwimmbadtechnik-ratingen.de\\\/index.php\\\/shop\\\/\"},{\"@type\":\"ListItem\",\"position\":3,\"name\":\"Verl\u00e4ngerungskabel Stecksystem\"}]},{\"@type\":\"WebSite\",\"@id\":\"https:\\\/\\\/www.schwimmbadtechnik-ratingen.de\\\/#website\",\"url\":\"https:\\\/\\\/www.schwimmbadtechnik-ratingen.de\\\/\",\"name\":\"Schwimmbadtechnik Ratingen\",\"description\":\"MTS-Produkte\",\"publisher\":{\"@id\":\"https:\\\/\\\/www.schwimmbadtechnik-ratingen.de\\\/#organization\"},\"potentialAction\":[{\"@type\":\"SearchAction\",\"target\":{\"@type\":\"EntryPoint\",\"urlTemplate\":\"https:\\\/\\\/www.schwimmbadtechnik-ratingen.de\\\/?s={search_term_string}\"},\"query-input\":{\"@type\":\"PropertyValueSpecification\",\"valueRequired\":true,\"valueName\":\"search_term_string\"}}],\"inLanguage\":\"de\"},{\"@type\":\"Organization\",\"@id\":\"https:\\\/\\\/www.schwimmbadtechnik-ratingen.de\\\/#organization\",\"name\":\"MTS-Produkte GmbH\",\"url\":\"https:\\\/\\\/www.schwimmbadtechnik-ratingen.de\\\/\",\"logo\":{\"@type\":\"ImageObject\",\"inLanguage\":\"de\",\"@id\":\"https:\\\/\\\/www.schwimmbadtechnik-ratingen.de\\\/#\\\/schema\\\/logo\\\/image\\\/\",\"url\":\"https:\\\/\\\/i0.wp.com\\\/www.schwimmbadtechnik-ratingen.de\\\/wp-content\\\/uploads\\\/2016\\\/03\\\/MTS_Logo_2015_800_retina.jpg?fit=800%2C130&ssl=1\",\"contentUrl\":\"https:\\\/\\\/i0.wp.com\\\/www.schwimmbadtechnik-ratingen.de\\\/wp-content\\\/uploads\\\/2016\\\/03\\\/MTS_Logo_2015_800_retina.jpg?fit=800%2C130&ssl=1\",\"width\":800,\"height\":130,\"caption\":\"MTS-Produkte GmbH\"},\"image\":{\"@id\":\"https:\\\/\\\/www.schwimmbadtechnik-ratingen.de\\\/#\\\/schema\\\/logo\\\/image\\\/\"}}]}<\/script>\n<!-- \/ Yoast SEO plugin. -->","yoast_head_json":{"title":"Verl\u00e4ngerungskabel Stecksystem - Schwimmbadtechnik Ratingen","robots":{"index":"index","follow":"follow","max-snippet":"max-snippet:-1","max-image-preview":"max-image-preview:large","max-video-preview":"max-video-preview:-1"},"canonical":"https:\/\/www.schwimmbadtechnik-ratingen.de\/index.php\/produkt\/verlaengerungskabel-stecksystem\/","og_locale":"de_DE","og_type":"article","og_title":"Verl\u00e4ngerungskabel Stecksystem - Schwimmbadtechnik Ratingen","og_description":"Stecksystem Verl\u00e4ngerungskabel in verschiedenen L\u00e4ngen inklusive wasserdichtem IP67 Male und Female Steckverbinder.  &nbsp;","og_url":"https:\/\/www.schwimmbadtechnik-ratingen.de\/index.php\/produkt\/verlaengerungskabel-stecksystem\/","og_site_name":"Schwimmbadtechnik Ratingen","article_modified_time":"2026-01-05T11:07:22+00:00","og_image":[{"width":1181,"height":1181,"url":"https:\/\/www.schwimmbadtechnik-ratingen.de\/wp-content\/uploads\/2022\/11\/kabel.jpg","type":"image\/jpeg"}],"twitter_card":"summary_large_image","schema":{"@context":"https:\/\/schema.org","@graph":[{"@type":"WebPage","@id":"https:\/\/www.schwimmbadtechnik-ratingen.de\/index.php\/produkt\/verlaengerungskabel-stecksystem\/","url":"https:\/\/www.schwimmbadtechnik-ratingen.de\/index.php\/produkt\/verlaengerungskabel-stecksystem\/","name":"Verl\u00e4ngerungskabel Stecksystem - Schwimmbadtechnik Ratingen","isPartOf":{"@id":"https:\/\/www.schwimmbadtechnik-ratingen.de\/#website"},"primaryImageOfPage":{"@id":"https:\/\/www.schwimmbadtechnik-ratingen.de\/index.php\/produkt\/verlaengerungskabel-stecksystem\/#primaryimage"},"image":{"@id":"https:\/\/www.schwimmbadtechnik-ratingen.de\/index.php\/produkt\/verlaengerungskabel-stecksystem\/#primaryimage"},"thumbnailUrl":"https:\/\/i0.wp.com\/www.schwimmbadtechnik-ratingen.de\/wp-content\/uploads\/2022\/11\/kabel.jpg?fit=1181%2C1181&ssl=1","datePublished":"2022-11-09T14:48:04+00:00","dateModified":"2026-01-05T11:07:22+00:00","breadcrumb":{"@id":"https:\/\/www.schwimmbadtechnik-ratingen.de\/index.php\/produkt\/verlaengerungskabel-stecksystem\/#breadcrumb"},"inLanguage":"de","potentialAction":[{"@type":"ReadAction","target":["https:\/\/www.schwimmbadtechnik-ratingen.de\/index.php\/produkt\/verlaengerungskabel-stecksystem\/"]}]},{"@type":"ImageObject","inLanguage":"de","@id":"https:\/\/www.schwimmbadtechnik-ratingen.de\/index.php\/produkt\/verlaengerungskabel-stecksystem\/#primaryimage","url":"https:\/\/i0.wp.com\/www.schwimmbadtechnik-ratingen.de\/wp-content\/uploads\/2022\/11\/kabel.jpg?fit=1181%2C1181&ssl=1","contentUrl":"https:\/\/i0.wp.com\/www.schwimmbadtechnik-ratingen.de\/wp-content\/uploads\/2022\/11\/kabel.jpg?fit=1181%2C1181&ssl=1","width":1181,"height":1181},{"@type":"BreadcrumbList","@id":"https:\/\/www.schwimmbadtechnik-ratingen.de\/index.php\/produkt\/verlaengerungskabel-stecksystem\/#breadcrumb","itemListElement":[{"@type":"ListItem","position":1,"name":"Startseite","item":"https:\/\/www.schwimmbadtechnik-ratingen.de\/"},{"@type":"ListItem","position":2,"name":"Shop","item":"https:\/\/www.schwimmbadtechnik-ratingen.de\/index.php\/shop\/"},{"@type":"ListItem","position":3,"name":"Verl\u00e4ngerungskabel Stecksystem"}]},{"@type":"WebSite","@id":"https:\/\/www.schwimmbadtechnik-ratingen.de\/#website","url":"https:\/\/www.schwimmbadtechnik-ratingen.de\/","name":"Schwimmbadtechnik Ratingen","description":"MTS-Produkte","publisher":{"@id":"https:\/\/www.schwimmbadtechnik-ratingen.de\/#organization"},"potentialAction":[{"@type":"SearchAction","target":{"@type":"EntryPoint","urlTemplate":"https:\/\/www.schwimmbadtechnik-ratingen.de\/?s={search_term_string}"},"query-input":{"@type":"PropertyValueSpecification","valueRequired":true,"valueName":"search_term_string"}}],"inLanguage":"de"},{"@type":"Organization","@id":"https:\/\/www.schwimmbadtechnik-ratingen.de\/#organization","name":"MTS-Produkte GmbH","url":"https:\/\/www.schwimmbadtechnik-ratingen.de\/","logo":{"@type":"ImageObject","inLanguage":"de","@id":"https:\/\/www.schwimmbadtechnik-ratingen.de\/#\/schema\/logo\/image\/","url":"https:\/\/i0.wp.com\/www.schwimmbadtechnik-ratingen.de\/wp-content\/uploads\/2016\/03\/MTS_Logo_2015_800_retina.jpg?fit=800%2C130&ssl=1","contentUrl":"https:\/\/i0.wp.com\/www.schwimmbadtechnik-ratingen.de\/wp-content\/uploads\/2016\/03\/MTS_Logo_2015_800_retina.jpg?fit=800%2C130&ssl=1","width":800,"height":130,"caption":"MTS-Produkte GmbH"},"image":{"@id":"https:\/\/www.schwimmbadtechnik-ratingen.de\/#\/schema\/logo\/image\/"}}]}},"jetpack_publicize_connections":[],"jetpack_sharing_enabled":true,"_links":{"self":[{"href":"https:\/\/www.schwimmbadtechnik-ratingen.de\/index.php\/wp-json\/wp\/v2\/product\/19815","targetHints":{"allow":["GET"]}}],"collection":[{"href":"https:\/\/www.schwimmbadtechnik-ratingen.de\/index.php\/wp-json\/wp\/v2\/product"}],"about":[{"href":"https:\/\/www.schwimmbadtechnik-ratingen.de\/index.php\/wp-json\/wp\/v2\/types\/product"}],"wp:featuredmedia":[{"embeddable":true,"href":"https:\/\/www.schwimmbadtechnik-ratingen.de\/index.php\/wp-json\/wp\/v2\/media\/19886"}],"wp:attachment":[{"href":"https:\/\/www.schwimmbadtechnik-ratingen.de\/index.php\/wp-json\/wp\/v2\/media?parent=19815"}],"wp:term":[{"taxonomy":"product_brand","embeddable":true,"href":"https:\/\/www.schwimmbadtechnik-ratingen.de\/index.php\/wp-json\/wp\/v2\/product_brand?post=19815"},{"taxonomy":"product_cat","embeddable":true,"href":"https:\/\/www.schwimmbadtechnik-ratingen.de\/index.php\/wp-json\/wp\/v2\/product_cat?post=19815"},{"taxonomy":"product_tag","embeddable":true,"href":"https:\/\/www.schwimmbadtechnik-ratingen.de\/index.php\/wp-json\/wp\/v2\/product_tag?post=19815"}],"curies":[{"name":"wp","href":"https:\/\/api.w.org\/{rel}","templated":true}]}}