{"id":15905,"date":"2018-10-08T09:27:35","date_gmt":"2018-10-08T07:27:35","guid":{"rendered":"http:\/\/www.schwimmbadtechnik-ratingen.de\/?post_type=product&#038;p=15905"},"modified":"2026-01-05T12:07:33","modified_gmt":"2026-01-05T11:07:33","slug":"v20-skimmer-fuer-folien-und-vorgefertige-becken-abs-flansch","status":"publish","type":"product","link":"https:\/\/www.schwimmbadtechnik-ratingen.de\/index.php\/produkt\/v20-skimmer-fuer-folien-und-vorgefertige-becken-abs-flansch\/","title":{"rendered":"V20 Skimmer f\u00fcr Folien-, und vorgefertige Becken Cremewei\u00df, ABS Flansch"},"content":{"rendered":"<h3>V20 Skimmer f\u00fcr Folien-, und vorgefertige Becken<\/h3>\n<h3>Art.Nr.: 15241<\/h3>\n<ul>\n<li>ABS Kunststoff Cremewei\u00df<\/li>\n<li>\u00d8 50\/63 mm Anschluss<\/li>\n<li>2 EPDM Dichtungen wei\u00df<\/li>\n<li>10 V4A Schrauben M6 x 22<\/li>\n<li>Flansch ABS Cremewei\u00df<\/li>\n<\/ul>\n","protected":false},"excerpt":{"rendered":"<p>V20 Skimmer f\u00fcr Folien-, und vorgefertige Becken Art.Nr.: 15241 ABS Kunststoff Cremewei\u00df \u00d8 50\/63 mm Anschluss 2 EPDM Dichtungen wei\u00df  [&#8230;]<\/p>\n","protected":false},"featured_media":14288,"template":"","meta":{"jetpack_post_was_ever_published":false,"jetpack_publicize_message":"","jetpack_publicize_feature_enabled":true,"jetpack_social_post_already_shared":false,"jetpack_social_options":{"image_generator_settings":{"template":"highway","default_image_id":0,"font":"","enabled":false},"version":2}},"product_brand":[],"product_cat":[188],"product_tag":[],"class_list":{"0":"post-15905","1":"product","2":"type-product","3":"status-publish","4":"has-post-thumbnail","6":"product_cat-v20_skimmer","8":"first","9":"instock","10":"taxable","11":"shipping-taxable","12":"purchasable","13":"product-type-simple"},"yoast_head":"<!-- This site is optimized with the Yoast SEO plugin v27.3 - https:\/\/yoast.com\/product\/yoast-seo-wordpress\/ -->\n<title>V20 Skimmer f\u00fcr Folien-, und vorgefertige Becken Cremewei\u00df, ABS Flansch - Schwimmbadtechnik Ratingen<\/title>\n<meta name=\"robots\" content=\"index, follow, max-snippet:-1, max-image-preview:large, max-video-preview:-1\" \/>\n<link rel=\"canonical\" href=\"https:\/\/www.schwimmbadtechnik-ratingen.de\/index.php\/produkt\/v20-skimmer-fuer-folien-und-vorgefertige-becken-abs-flansch\/\" \/>\n<meta property=\"og:locale\" content=\"de_DE\" \/>\n<meta property=\"og:type\" content=\"article\" \/>\n<meta property=\"og:title\" content=\"V20 Skimmer f\u00fcr Folien-, und vorgefertige Becken Cremewei\u00df, ABS Flansch - Schwimmbadtechnik Ratingen\" \/>\n<meta property=\"og:description\" content=\"V20 Skimmer f\u00fcr Folien-, und vorgefertige Becken Art.Nr.: 15241 ABS Kunststoff Cremewei\u00df \u00d8 50\/63 mm Anschluss 2 EPDM Dichtungen wei\u00df [...]\" \/>\n<meta property=\"og:url\" content=\"https:\/\/www.schwimmbadtechnik-ratingen.de\/index.php\/produkt\/v20-skimmer-fuer-folien-und-vorgefertige-becken-abs-flansch\/\" \/>\n<meta property=\"og:site_name\" content=\"Schwimmbadtechnik Ratingen\" \/>\n<meta property=\"article:modified_time\" content=\"2026-01-05T11:07:33+00:00\" \/>\n<meta property=\"og:image\" content=\"https:\/\/www.schwimmbadtechnik-ratingen.de\/wp-content\/uploads\/2016\/04\/v20_cw_vgb1_800.jpg\" \/>\n\t<meta property=\"og:image:width\" content=\"800\" \/>\n\t<meta property=\"og:image:height\" content=\"800\" \/>\n\t<meta property=\"og:image:type\" content=\"image\/jpeg\" \/>\n<meta name=\"twitter:card\" content=\"summary_large_image\" \/>\n<script type=\"application\/ld+json\" class=\"yoast-schema-graph\">{\"@context\":\"https:\\\/\\\/schema.org\",\"@graph\":[{\"@type\":\"WebPage\",\"@id\":\"https:\\\/\\\/www.schwimmbadtechnik-ratingen.de\\\/index.php\\\/produkt\\\/v20-skimmer-fuer-folien-und-vorgefertige-becken-abs-flansch\\\/\",\"url\":\"https:\\\/\\\/www.schwimmbadtechnik-ratingen.de\\\/index.php\\\/produkt\\\/v20-skimmer-fuer-folien-und-vorgefertige-becken-abs-flansch\\\/\",\"name\":\"V20 Skimmer f\u00fcr Folien-, und vorgefertige Becken Cremewei\u00df, ABS Flansch - Schwimmbadtechnik Ratingen\",\"isPartOf\":{\"@id\":\"https:\\\/\\\/www.schwimmbadtechnik-ratingen.de\\\/#website\"},\"primaryImageOfPage\":{\"@id\":\"https:\\\/\\\/www.schwimmbadtechnik-ratingen.de\\\/index.php\\\/produkt\\\/v20-skimmer-fuer-folien-und-vorgefertige-becken-abs-flansch\\\/#primaryimage\"},\"image\":{\"@id\":\"https:\\\/\\\/www.schwimmbadtechnik-ratingen.de\\\/index.php\\\/produkt\\\/v20-skimmer-fuer-folien-und-vorgefertige-becken-abs-flansch\\\/#primaryimage\"},\"thumbnailUrl\":\"https:\\\/\\\/i0.wp.com\\\/www.schwimmbadtechnik-ratingen.de\\\/wp-content\\\/uploads\\\/2016\\\/04\\\/v20_cw_vgb1_800.jpg?fit=800%2C800&ssl=1\",\"datePublished\":\"2018-10-08T07:27:35+00:00\",\"dateModified\":\"2026-01-05T11:07:33+00:00\",\"breadcrumb\":{\"@id\":\"https:\\\/\\\/www.schwimmbadtechnik-ratingen.de\\\/index.php\\\/produkt\\\/v20-skimmer-fuer-folien-und-vorgefertige-becken-abs-flansch\\\/#breadcrumb\"},\"inLanguage\":\"de\",\"potentialAction\":[{\"@type\":\"ReadAction\",\"target\":[\"https:\\\/\\\/www.schwimmbadtechnik-ratingen.de\\\/index.php\\\/produkt\\\/v20-skimmer-fuer-folien-und-vorgefertige-becken-abs-flansch\\\/\"]}]},{\"@type\":\"ImageObject\",\"inLanguage\":\"de\",\"@id\":\"https:\\\/\\\/www.schwimmbadtechnik-ratingen.de\\\/index.php\\\/produkt\\\/v20-skimmer-fuer-folien-und-vorgefertige-becken-abs-flansch\\\/#primaryimage\",\"url\":\"https:\\\/\\\/i0.wp.com\\\/www.schwimmbadtechnik-ratingen.de\\\/wp-content\\\/uploads\\\/2016\\\/04\\\/v20_cw_vgb1_800.jpg?fit=800%2C800&ssl=1\",\"contentUrl\":\"https:\\\/\\\/i0.wp.com\\\/www.schwimmbadtechnik-ratingen.de\\\/wp-content\\\/uploads\\\/2016\\\/04\\\/v20_cw_vgb1_800.jpg?fit=800%2C800&ssl=1\",\"width\":800,\"height\":800},{\"@type\":\"BreadcrumbList\",\"@id\":\"https:\\\/\\\/www.schwimmbadtechnik-ratingen.de\\\/index.php\\\/produkt\\\/v20-skimmer-fuer-folien-und-vorgefertige-becken-abs-flansch\\\/#breadcrumb\",\"itemListElement\":[{\"@type\":\"ListItem\",\"position\":1,\"name\":\"Startseite\",\"item\":\"https:\\\/\\\/www.schwimmbadtechnik-ratingen.de\\\/\"},{\"@type\":\"ListItem\",\"position\":2,\"name\":\"Shop\",\"item\":\"https:\\\/\\\/www.schwimmbadtechnik-ratingen.de\\\/index.php\\\/shop\\\/\"},{\"@type\":\"ListItem\",\"position\":3,\"name\":\"V20 Skimmer f\u00fcr Folien-, und vorgefertige Becken Cremewei\u00df, ABS Flansch\"}]},{\"@type\":\"WebSite\",\"@id\":\"https:\\\/\\\/www.schwimmbadtechnik-ratingen.de\\\/#website\",\"url\":\"https:\\\/\\\/www.schwimmbadtechnik-ratingen.de\\\/\",\"name\":\"Schwimmbadtechnik Ratingen\",\"description\":\"MTS-Produkte\",\"publisher\":{\"@id\":\"https:\\\/\\\/www.schwimmbadtechnik-ratingen.de\\\/#organization\"},\"potentialAction\":[{\"@type\":\"SearchAction\",\"target\":{\"@type\":\"EntryPoint\",\"urlTemplate\":\"https:\\\/\\\/www.schwimmbadtechnik-ratingen.de\\\/?s={search_term_string}\"},\"query-input\":{\"@type\":\"PropertyValueSpecification\",\"valueRequired\":true,\"valueName\":\"search_term_string\"}}],\"inLanguage\":\"de\"},{\"@type\":\"Organization\",\"@id\":\"https:\\\/\\\/www.schwimmbadtechnik-ratingen.de\\\/#organization\",\"name\":\"MTS-Produkte GmbH\",\"url\":\"https:\\\/\\\/www.schwimmbadtechnik-ratingen.de\\\/\",\"logo\":{\"@type\":\"ImageObject\",\"inLanguage\":\"de\",\"@id\":\"https:\\\/\\\/www.schwimmbadtechnik-ratingen.de\\\/#\\\/schema\\\/logo\\\/image\\\/\",\"url\":\"https:\\\/\\\/i0.wp.com\\\/www.schwimmbadtechnik-ratingen.de\\\/wp-content\\\/uploads\\\/2016\\\/03\\\/MTS_Logo_2015_800_retina.jpg?fit=800%2C130&ssl=1\",\"contentUrl\":\"https:\\\/\\\/i0.wp.com\\\/www.schwimmbadtechnik-ratingen.de\\\/wp-content\\\/uploads\\\/2016\\\/03\\\/MTS_Logo_2015_800_retina.jpg?fit=800%2C130&ssl=1\",\"width\":800,\"height\":130,\"caption\":\"MTS-Produkte GmbH\"},\"image\":{\"@id\":\"https:\\\/\\\/www.schwimmbadtechnik-ratingen.de\\\/#\\\/schema\\\/logo\\\/image\\\/\"}}]}<\/script>\n<!-- \/ Yoast SEO plugin. -->","yoast_head_json":{"title":"V20 Skimmer f\u00fcr Folien-, und vorgefertige Becken Cremewei\u00df, ABS Flansch - Schwimmbadtechnik Ratingen","robots":{"index":"index","follow":"follow","max-snippet":"max-snippet:-1","max-image-preview":"max-image-preview:large","max-video-preview":"max-video-preview:-1"},"canonical":"https:\/\/www.schwimmbadtechnik-ratingen.de\/index.php\/produkt\/v20-skimmer-fuer-folien-und-vorgefertige-becken-abs-flansch\/","og_locale":"de_DE","og_type":"article","og_title":"V20 Skimmer f\u00fcr Folien-, und vorgefertige Becken Cremewei\u00df, ABS Flansch - Schwimmbadtechnik Ratingen","og_description":"V20 Skimmer f\u00fcr Folien-, und vorgefertige Becken Art.Nr.: 15241 ABS Kunststoff Cremewei\u00df \u00d8 50\/63 mm Anschluss 2 EPDM Dichtungen wei\u00df [...]","og_url":"https:\/\/www.schwimmbadtechnik-ratingen.de\/index.php\/produkt\/v20-skimmer-fuer-folien-und-vorgefertige-becken-abs-flansch\/","og_site_name":"Schwimmbadtechnik Ratingen","article_modified_time":"2026-01-05T11:07:33+00:00","og_image":[{"width":800,"height":800,"url":"https:\/\/www.schwimmbadtechnik-ratingen.de\/wp-content\/uploads\/2016\/04\/v20_cw_vgb1_800.jpg","type":"image\/jpeg"}],"twitter_card":"summary_large_image","schema":{"@context":"https:\/\/schema.org","@graph":[{"@type":"WebPage","@id":"https:\/\/www.schwimmbadtechnik-ratingen.de\/index.php\/produkt\/v20-skimmer-fuer-folien-und-vorgefertige-becken-abs-flansch\/","url":"https:\/\/www.schwimmbadtechnik-ratingen.de\/index.php\/produkt\/v20-skimmer-fuer-folien-und-vorgefertige-becken-abs-flansch\/","name":"V20 Skimmer f\u00fcr Folien-, und vorgefertige Becken Cremewei\u00df, ABS Flansch - Schwimmbadtechnik Ratingen","isPartOf":{"@id":"https:\/\/www.schwimmbadtechnik-ratingen.de\/#website"},"primaryImageOfPage":{"@id":"https:\/\/www.schwimmbadtechnik-ratingen.de\/index.php\/produkt\/v20-skimmer-fuer-folien-und-vorgefertige-becken-abs-flansch\/#primaryimage"},"image":{"@id":"https:\/\/www.schwimmbadtechnik-ratingen.de\/index.php\/produkt\/v20-skimmer-fuer-folien-und-vorgefertige-becken-abs-flansch\/#primaryimage"},"thumbnailUrl":"https:\/\/i0.wp.com\/www.schwimmbadtechnik-ratingen.de\/wp-content\/uploads\/2016\/04\/v20_cw_vgb1_800.jpg?fit=800%2C800&ssl=1","datePublished":"2018-10-08T07:27:35+00:00","dateModified":"2026-01-05T11:07:33+00:00","breadcrumb":{"@id":"https:\/\/www.schwimmbadtechnik-ratingen.de\/index.php\/produkt\/v20-skimmer-fuer-folien-und-vorgefertige-becken-abs-flansch\/#breadcrumb"},"inLanguage":"de","potentialAction":[{"@type":"ReadAction","target":["https:\/\/www.schwimmbadtechnik-ratingen.de\/index.php\/produkt\/v20-skimmer-fuer-folien-und-vorgefertige-becken-abs-flansch\/"]}]},{"@type":"ImageObject","inLanguage":"de","@id":"https:\/\/www.schwimmbadtechnik-ratingen.de\/index.php\/produkt\/v20-skimmer-fuer-folien-und-vorgefertige-becken-abs-flansch\/#primaryimage","url":"https:\/\/i0.wp.com\/www.schwimmbadtechnik-ratingen.de\/wp-content\/uploads\/2016\/04\/v20_cw_vgb1_800.jpg?fit=800%2C800&ssl=1","contentUrl":"https:\/\/i0.wp.com\/www.schwimmbadtechnik-ratingen.de\/wp-content\/uploads\/2016\/04\/v20_cw_vgb1_800.jpg?fit=800%2C800&ssl=1","width":800,"height":800},{"@type":"BreadcrumbList","@id":"https:\/\/www.schwimmbadtechnik-ratingen.de\/index.php\/produkt\/v20-skimmer-fuer-folien-und-vorgefertige-becken-abs-flansch\/#breadcrumb","itemListElement":[{"@type":"ListItem","position":1,"name":"Startseite","item":"https:\/\/www.schwimmbadtechnik-ratingen.de\/"},{"@type":"ListItem","position":2,"name":"Shop","item":"https:\/\/www.schwimmbadtechnik-ratingen.de\/index.php\/shop\/"},{"@type":"ListItem","position":3,"name":"V20 Skimmer f\u00fcr Folien-, und vorgefertige Becken Cremewei\u00df, ABS Flansch"}]},{"@type":"WebSite","@id":"https:\/\/www.schwimmbadtechnik-ratingen.de\/#website","url":"https:\/\/www.schwimmbadtechnik-ratingen.de\/","name":"Schwimmbadtechnik Ratingen","description":"MTS-Produkte","publisher":{"@id":"https:\/\/www.schwimmbadtechnik-ratingen.de\/#organization"},"potentialAction":[{"@type":"SearchAction","target":{"@type":"EntryPoint","urlTemplate":"https:\/\/www.schwimmbadtechnik-ratingen.de\/?s={search_term_string}"},"query-input":{"@type":"PropertyValueSpecification","valueRequired":true,"valueName":"search_term_string"}}],"inLanguage":"de"},{"@type":"Organization","@id":"https:\/\/www.schwimmbadtechnik-ratingen.de\/#organization","name":"MTS-Produkte GmbH","url":"https:\/\/www.schwimmbadtechnik-ratingen.de\/","logo":{"@type":"ImageObject","inLanguage":"de","@id":"https:\/\/www.schwimmbadtechnik-ratingen.de\/#\/schema\/logo\/image\/","url":"https:\/\/i0.wp.com\/www.schwimmbadtechnik-ratingen.de\/wp-content\/uploads\/2016\/03\/MTS_Logo_2015_800_retina.jpg?fit=800%2C130&ssl=1","contentUrl":"https:\/\/i0.wp.com\/www.schwimmbadtechnik-ratingen.de\/wp-content\/uploads\/2016\/03\/MTS_Logo_2015_800_retina.jpg?fit=800%2C130&ssl=1","width":800,"height":130,"caption":"MTS-Produkte GmbH"},"image":{"@id":"https:\/\/www.schwimmbadtechnik-ratingen.de\/#\/schema\/logo\/image\/"}}]}},"jetpack_publicize_connections":[],"jetpack_sharing_enabled":true,"_links":{"self":[{"href":"https:\/\/www.schwimmbadtechnik-ratingen.de\/index.php\/wp-json\/wp\/v2\/product\/15905","targetHints":{"allow":["GET"]}}],"collection":[{"href":"https:\/\/www.schwimmbadtechnik-ratingen.de\/index.php\/wp-json\/wp\/v2\/product"}],"about":[{"href":"https:\/\/www.schwimmbadtechnik-ratingen.de\/index.php\/wp-json\/wp\/v2\/types\/product"}],"wp:featuredmedia":[{"embeddable":true,"href":"https:\/\/www.schwimmbadtechnik-ratingen.de\/index.php\/wp-json\/wp\/v2\/media\/14288"}],"wp:attachment":[{"href":"https:\/\/www.schwimmbadtechnik-ratingen.de\/index.php\/wp-json\/wp\/v2\/media?parent=15905"}],"wp:term":[{"taxonomy":"product_brand","embeddable":true,"href":"https:\/\/www.schwimmbadtechnik-ratingen.de\/index.php\/wp-json\/wp\/v2\/product_brand?post=15905"},{"taxonomy":"product_cat","embeddable":true,"href":"https:\/\/www.schwimmbadtechnik-ratingen.de\/index.php\/wp-json\/wp\/v2\/product_cat?post=15905"},{"taxonomy":"product_tag","embeddable":true,"href":"https:\/\/www.schwimmbadtechnik-ratingen.de\/index.php\/wp-json\/wp\/v2\/product_tag?post=15905"}],"curies":[{"name":"wp","href":"https:\/\/api.w.org\/{rel}","templated":true}]}}