{"id":15897,"date":"2018-10-05T10:45:46","date_gmt":"2018-10-05T08:45:46","guid":{"rendered":"http:\/\/www.schwimmbadtechnik-ratingen.de\/?post_type=product&#038;p=15897"},"modified":"2026-01-05T12:07:34","modified_gmt":"2026-01-05T11:07:34","slug":"james-unterwassersauger","status":"publish","type":"product","link":"https:\/\/www.schwimmbadtechnik-ratingen.de\/index.php\/produkt\/james-unterwassersauger\/","title":{"rendered":"James Unterwassersauger"},"content":{"rendered":"<div class=\"fusion-layout-column fusion_builder_column fusion_builder_column_1_3 fusion-one-third fusion-column-first 1_3\">\n<div class=\"fusion-column-wrapper\" data-bg-url=\"\">\n<div class=\"fusion-text\">\n<h3>Unterwassersauger mit integrierter Pumpe und gro\u00dfvolumigem Schmutzfangbeutel<\/h3>\n<p>(Art.Nr.: 60541 )<\/p>\n<p>James,.. arbeitet nach dem Staubsaugerbetrieb, aber unter Wasser \u2013 also kein Aufwirbeln des Schmutzes!<\/p>\n<p>Zuverl\u00e4ssig, schnell und voller Leistung. Er nimmt Ihnen, wie bereits der Name verspricht, die Arbeit ab. James arbeitet selbstst\u00e4ndig. Unabh\u00e4ngig von der Saugh\u00f6he und Filteranlage, sowie vom Schmutzbefall. So unkompliziert wie ein Staubsauger. Die Filteranlage arbeitet weiter, auch w\u00e4hrend James\u00a0 ihr Schwimmbecken reinigt. Rotierende Au\u00dfenb\u00fcrsten f\u00fcr die Reinigung von Ecken und Kanten sind eine Besonderheit beim James von MTS \u2013 Schwimmbadtechnik. H\u00f6chste Saugkraft durch umlaufende, abdichtende Gummiprofile, die zugleich das Becken schonen. Eine um 180\u00b0 drehbare Stangenhalterung: Zur problemlosen Reinigung der Beckenw\u00e4nde. Der Unterwasserreiniger James arbeitet nicht nur im Schwimmbecken. Auch Springbrunnen k\u00f6nnen wieder im neuen Glanz erstrahlen. Sogar der Gartenteich l\u00e4sst sich m\u00fchelos reinigen. Laub und sonstiger Schmutz wird im Filterbeutel aufgefangen.<\/p>\n<\/div>\n<\/div>\n<\/div>\n<div class=\"fusion-layout-column fusion_builder_column fusion_builder_column_2_3 fusion-two-third fusion-column-last 2_3\">\n<div class=\"fusion-column-wrapper\" data-bg-url=\"\">\n<p>&nbsp;<\/p>\n<p>&#8211; umweltfreundlicher ABS Kunststoff<\/p>\n<p>&#8211; 7 m\u00b3\/h<\/p>\n<p>&#8211; 230V \/ 50Hz<\/p>\n<p>&#8211; unabh\u00e4ngig von der Filteranlage arbeitend<\/p>\n<p>&#8211; 18m Kabel<\/p>\n<p>&#8211; FI-Personenschutzschalter<\/p>\n<p>&#8211; Filtersack 100\u00b5m<\/p>\n<p>&#8211; Teleskopstange und zus\u00e4tzliche Filters\u00e4cke bitte gesondert bestellen<\/p>\n<p><strong>(WEEE Nummer: DE 52259746)<\/strong><\/p>\n<\/div>\n<\/div>\n","protected":false},"excerpt":{"rendered":"<p>Unterwassersauger mit integrierter Pumpe und gro\u00dfvolumigem Schmutzfangbeutel (Art.Nr.: 60541 ) James,.. arbeitet nach dem Staubsaugerbetrieb, aber unter Wasser \u2013 also  [&#8230;]<\/p>\n","protected":false},"featured_media":20030,"template":"","meta":{"jetpack_post_was_ever_published":false,"jetpack_publicize_message":"","jetpack_publicize_feature_enabled":true,"jetpack_social_post_already_shared":false,"jetpack_social_options":{"image_generator_settings":{"template":"highway","default_image_id":0,"font":"","enabled":false},"version":2}},"product_brand":[],"product_cat":[139],"product_tag":[],"class_list":{"0":"post-15897","1":"product","2":"type-product","3":"status-publish","4":"has-post-thumbnail","6":"product_cat-james-unterwassersauger","8":"first","9":"instock","10":"taxable","11":"shipping-taxable","12":"purchasable","13":"product-type-simple"},"yoast_head":"<!-- This site is optimized with the Yoast SEO plugin v27.3 - https:\/\/yoast.com\/product\/yoast-seo-wordpress\/ -->\n<title>James Unterwassersauger - Schwimmbadtechnik Ratingen<\/title>\n<meta name=\"robots\" content=\"index, follow, max-snippet:-1, max-image-preview:large, max-video-preview:-1\" \/>\n<link rel=\"canonical\" href=\"https:\/\/www.schwimmbadtechnik-ratingen.de\/index.php\/produkt\/james-unterwassersauger\/\" \/>\n<meta property=\"og:locale\" content=\"de_DE\" \/>\n<meta property=\"og:type\" content=\"article\" \/>\n<meta property=\"og:title\" content=\"James Unterwassersauger - Schwimmbadtechnik Ratingen\" \/>\n<meta property=\"og:description\" content=\"Unterwassersauger mit integrierter Pumpe und gro\u00dfvolumigem Schmutzfangbeutel (Art.Nr.: 60541 ) James,.. arbeitet nach dem Staubsaugerbetrieb, aber unter Wasser \u2013 also [...]\" \/>\n<meta property=\"og:url\" content=\"https:\/\/www.schwimmbadtechnik-ratingen.de\/index.php\/produkt\/james-unterwassersauger\/\" \/>\n<meta property=\"og:site_name\" content=\"Schwimmbadtechnik Ratingen\" \/>\n<meta property=\"article:modified_time\" content=\"2026-01-05T11:07:34+00:00\" \/>\n<meta property=\"og:image\" content=\"https:\/\/www.schwimmbadtechnik-ratingen.de\/wp-content\/uploads\/2018\/10\/vorlage_produkte_800-Kopie.jpg\" \/>\n\t<meta property=\"og:image:width\" content=\"800\" \/>\n\t<meta property=\"og:image:height\" content=\"800\" \/>\n\t<meta property=\"og:image:type\" content=\"image\/jpeg\" \/>\n<meta name=\"twitter:card\" content=\"summary_large_image\" \/>\n<meta name=\"twitter:label1\" content=\"Gesch\u00e4tzte Lesezeit\" \/>\n\t<meta name=\"twitter:data1\" content=\"2\u00a0Minuten\" \/>\n<script type=\"application\/ld+json\" class=\"yoast-schema-graph\">{\"@context\":\"https:\\\/\\\/schema.org\",\"@graph\":[{\"@type\":\"WebPage\",\"@id\":\"https:\\\/\\\/www.schwimmbadtechnik-ratingen.de\\\/index.php\\\/produkt\\\/james-unterwassersauger\\\/\",\"url\":\"https:\\\/\\\/www.schwimmbadtechnik-ratingen.de\\\/index.php\\\/produkt\\\/james-unterwassersauger\\\/\",\"name\":\"James Unterwassersauger - Schwimmbadtechnik Ratingen\",\"isPartOf\":{\"@id\":\"https:\\\/\\\/www.schwimmbadtechnik-ratingen.de\\\/#website\"},\"primaryImageOfPage\":{\"@id\":\"https:\\\/\\\/www.schwimmbadtechnik-ratingen.de\\\/index.php\\\/produkt\\\/james-unterwassersauger\\\/#primaryimage\"},\"image\":{\"@id\":\"https:\\\/\\\/www.schwimmbadtechnik-ratingen.de\\\/index.php\\\/produkt\\\/james-unterwassersauger\\\/#primaryimage\"},\"thumbnailUrl\":\"https:\\\/\\\/i0.wp.com\\\/www.schwimmbadtechnik-ratingen.de\\\/wp-content\\\/uploads\\\/2018\\\/10\\\/vorlage_produkte_800-Kopie.jpg?fit=800%2C800&ssl=1\",\"datePublished\":\"2018-10-05T08:45:46+00:00\",\"dateModified\":\"2026-01-05T11:07:34+00:00\",\"breadcrumb\":{\"@id\":\"https:\\\/\\\/www.schwimmbadtechnik-ratingen.de\\\/index.php\\\/produkt\\\/james-unterwassersauger\\\/#breadcrumb\"},\"inLanguage\":\"de\",\"potentialAction\":[{\"@type\":\"ReadAction\",\"target\":[\"https:\\\/\\\/www.schwimmbadtechnik-ratingen.de\\\/index.php\\\/produkt\\\/james-unterwassersauger\\\/\"]}]},{\"@type\":\"ImageObject\",\"inLanguage\":\"de\",\"@id\":\"https:\\\/\\\/www.schwimmbadtechnik-ratingen.de\\\/index.php\\\/produkt\\\/james-unterwassersauger\\\/#primaryimage\",\"url\":\"https:\\\/\\\/i0.wp.com\\\/www.schwimmbadtechnik-ratingen.de\\\/wp-content\\\/uploads\\\/2018\\\/10\\\/vorlage_produkte_800-Kopie.jpg?fit=800%2C800&ssl=1\",\"contentUrl\":\"https:\\\/\\\/i0.wp.com\\\/www.schwimmbadtechnik-ratingen.de\\\/wp-content\\\/uploads\\\/2018\\\/10\\\/vorlage_produkte_800-Kopie.jpg?fit=800%2C800&ssl=1\",\"width\":800,\"height\":800},{\"@type\":\"BreadcrumbList\",\"@id\":\"https:\\\/\\\/www.schwimmbadtechnik-ratingen.de\\\/index.php\\\/produkt\\\/james-unterwassersauger\\\/#breadcrumb\",\"itemListElement\":[{\"@type\":\"ListItem\",\"position\":1,\"name\":\"Startseite\",\"item\":\"https:\\\/\\\/www.schwimmbadtechnik-ratingen.de\\\/\"},{\"@type\":\"ListItem\",\"position\":2,\"name\":\"Shop\",\"item\":\"https:\\\/\\\/www.schwimmbadtechnik-ratingen.de\\\/index.php\\\/shop\\\/\"},{\"@type\":\"ListItem\",\"position\":3,\"name\":\"James Unterwassersauger\"}]},{\"@type\":\"WebSite\",\"@id\":\"https:\\\/\\\/www.schwimmbadtechnik-ratingen.de\\\/#website\",\"url\":\"https:\\\/\\\/www.schwimmbadtechnik-ratingen.de\\\/\",\"name\":\"Schwimmbadtechnik Ratingen\",\"description\":\"MTS-Produkte\",\"publisher\":{\"@id\":\"https:\\\/\\\/www.schwimmbadtechnik-ratingen.de\\\/#organization\"},\"potentialAction\":[{\"@type\":\"SearchAction\",\"target\":{\"@type\":\"EntryPoint\",\"urlTemplate\":\"https:\\\/\\\/www.schwimmbadtechnik-ratingen.de\\\/?s={search_term_string}\"},\"query-input\":{\"@type\":\"PropertyValueSpecification\",\"valueRequired\":true,\"valueName\":\"search_term_string\"}}],\"inLanguage\":\"de\"},{\"@type\":\"Organization\",\"@id\":\"https:\\\/\\\/www.schwimmbadtechnik-ratingen.de\\\/#organization\",\"name\":\"MTS-Produkte GmbH\",\"url\":\"https:\\\/\\\/www.schwimmbadtechnik-ratingen.de\\\/\",\"logo\":{\"@type\":\"ImageObject\",\"inLanguage\":\"de\",\"@id\":\"https:\\\/\\\/www.schwimmbadtechnik-ratingen.de\\\/#\\\/schema\\\/logo\\\/image\\\/\",\"url\":\"https:\\\/\\\/i0.wp.com\\\/www.schwimmbadtechnik-ratingen.de\\\/wp-content\\\/uploads\\\/2016\\\/03\\\/MTS_Logo_2015_800_retina.jpg?fit=800%2C130&ssl=1\",\"contentUrl\":\"https:\\\/\\\/i0.wp.com\\\/www.schwimmbadtechnik-ratingen.de\\\/wp-content\\\/uploads\\\/2016\\\/03\\\/MTS_Logo_2015_800_retina.jpg?fit=800%2C130&ssl=1\",\"width\":800,\"height\":130,\"caption\":\"MTS-Produkte GmbH\"},\"image\":{\"@id\":\"https:\\\/\\\/www.schwimmbadtechnik-ratingen.de\\\/#\\\/schema\\\/logo\\\/image\\\/\"}}]}<\/script>\n<!-- \/ Yoast SEO plugin. -->","yoast_head_json":{"title":"James Unterwassersauger - Schwimmbadtechnik Ratingen","robots":{"index":"index","follow":"follow","max-snippet":"max-snippet:-1","max-image-preview":"max-image-preview:large","max-video-preview":"max-video-preview:-1"},"canonical":"https:\/\/www.schwimmbadtechnik-ratingen.de\/index.php\/produkt\/james-unterwassersauger\/","og_locale":"de_DE","og_type":"article","og_title":"James Unterwassersauger - Schwimmbadtechnik Ratingen","og_description":"Unterwassersauger mit integrierter Pumpe und gro\u00dfvolumigem Schmutzfangbeutel (Art.Nr.: 60541 ) James,.. arbeitet nach dem Staubsaugerbetrieb, aber unter Wasser \u2013 also [...]","og_url":"https:\/\/www.schwimmbadtechnik-ratingen.de\/index.php\/produkt\/james-unterwassersauger\/","og_site_name":"Schwimmbadtechnik Ratingen","article_modified_time":"2026-01-05T11:07:34+00:00","og_image":[{"width":800,"height":800,"url":"https:\/\/www.schwimmbadtechnik-ratingen.de\/wp-content\/uploads\/2018\/10\/vorlage_produkte_800-Kopie.jpg","type":"image\/jpeg"}],"twitter_card":"summary_large_image","twitter_misc":{"Gesch\u00e4tzte Lesezeit":"2\u00a0Minuten"},"schema":{"@context":"https:\/\/schema.org","@graph":[{"@type":"WebPage","@id":"https:\/\/www.schwimmbadtechnik-ratingen.de\/index.php\/produkt\/james-unterwassersauger\/","url":"https:\/\/www.schwimmbadtechnik-ratingen.de\/index.php\/produkt\/james-unterwassersauger\/","name":"James Unterwassersauger - Schwimmbadtechnik Ratingen","isPartOf":{"@id":"https:\/\/www.schwimmbadtechnik-ratingen.de\/#website"},"primaryImageOfPage":{"@id":"https:\/\/www.schwimmbadtechnik-ratingen.de\/index.php\/produkt\/james-unterwassersauger\/#primaryimage"},"image":{"@id":"https:\/\/www.schwimmbadtechnik-ratingen.de\/index.php\/produkt\/james-unterwassersauger\/#primaryimage"},"thumbnailUrl":"https:\/\/i0.wp.com\/www.schwimmbadtechnik-ratingen.de\/wp-content\/uploads\/2018\/10\/vorlage_produkte_800-Kopie.jpg?fit=800%2C800&ssl=1","datePublished":"2018-10-05T08:45:46+00:00","dateModified":"2026-01-05T11:07:34+00:00","breadcrumb":{"@id":"https:\/\/www.schwimmbadtechnik-ratingen.de\/index.php\/produkt\/james-unterwassersauger\/#breadcrumb"},"inLanguage":"de","potentialAction":[{"@type":"ReadAction","target":["https:\/\/www.schwimmbadtechnik-ratingen.de\/index.php\/produkt\/james-unterwassersauger\/"]}]},{"@type":"ImageObject","inLanguage":"de","@id":"https:\/\/www.schwimmbadtechnik-ratingen.de\/index.php\/produkt\/james-unterwassersauger\/#primaryimage","url":"https:\/\/i0.wp.com\/www.schwimmbadtechnik-ratingen.de\/wp-content\/uploads\/2018\/10\/vorlage_produkte_800-Kopie.jpg?fit=800%2C800&ssl=1","contentUrl":"https:\/\/i0.wp.com\/www.schwimmbadtechnik-ratingen.de\/wp-content\/uploads\/2018\/10\/vorlage_produkte_800-Kopie.jpg?fit=800%2C800&ssl=1","width":800,"height":800},{"@type":"BreadcrumbList","@id":"https:\/\/www.schwimmbadtechnik-ratingen.de\/index.php\/produkt\/james-unterwassersauger\/#breadcrumb","itemListElement":[{"@type":"ListItem","position":1,"name":"Startseite","item":"https:\/\/www.schwimmbadtechnik-ratingen.de\/"},{"@type":"ListItem","position":2,"name":"Shop","item":"https:\/\/www.schwimmbadtechnik-ratingen.de\/index.php\/shop\/"},{"@type":"ListItem","position":3,"name":"James Unterwassersauger"}]},{"@type":"WebSite","@id":"https:\/\/www.schwimmbadtechnik-ratingen.de\/#website","url":"https:\/\/www.schwimmbadtechnik-ratingen.de\/","name":"Schwimmbadtechnik Ratingen","description":"MTS-Produkte","publisher":{"@id":"https:\/\/www.schwimmbadtechnik-ratingen.de\/#organization"},"potentialAction":[{"@type":"SearchAction","target":{"@type":"EntryPoint","urlTemplate":"https:\/\/www.schwimmbadtechnik-ratingen.de\/?s={search_term_string}"},"query-input":{"@type":"PropertyValueSpecification","valueRequired":true,"valueName":"search_term_string"}}],"inLanguage":"de"},{"@type":"Organization","@id":"https:\/\/www.schwimmbadtechnik-ratingen.de\/#organization","name":"MTS-Produkte GmbH","url":"https:\/\/www.schwimmbadtechnik-ratingen.de\/","logo":{"@type":"ImageObject","inLanguage":"de","@id":"https:\/\/www.schwimmbadtechnik-ratingen.de\/#\/schema\/logo\/image\/","url":"https:\/\/i0.wp.com\/www.schwimmbadtechnik-ratingen.de\/wp-content\/uploads\/2016\/03\/MTS_Logo_2015_800_retina.jpg?fit=800%2C130&ssl=1","contentUrl":"https:\/\/i0.wp.com\/www.schwimmbadtechnik-ratingen.de\/wp-content\/uploads\/2016\/03\/MTS_Logo_2015_800_retina.jpg?fit=800%2C130&ssl=1","width":800,"height":130,"caption":"MTS-Produkte GmbH"},"image":{"@id":"https:\/\/www.schwimmbadtechnik-ratingen.de\/#\/schema\/logo\/image\/"}}]}},"jetpack_publicize_connections":[],"jetpack_sharing_enabled":true,"_links":{"self":[{"href":"https:\/\/www.schwimmbadtechnik-ratingen.de\/index.php\/wp-json\/wp\/v2\/product\/15897","targetHints":{"allow":["GET"]}}],"collection":[{"href":"https:\/\/www.schwimmbadtechnik-ratingen.de\/index.php\/wp-json\/wp\/v2\/product"}],"about":[{"href":"https:\/\/www.schwimmbadtechnik-ratingen.de\/index.php\/wp-json\/wp\/v2\/types\/product"}],"wp:featuredmedia":[{"embeddable":true,"href":"https:\/\/www.schwimmbadtechnik-ratingen.de\/index.php\/wp-json\/wp\/v2\/media\/20030"}],"wp:attachment":[{"href":"https:\/\/www.schwimmbadtechnik-ratingen.de\/index.php\/wp-json\/wp\/v2\/media?parent=15897"}],"wp:term":[{"taxonomy":"product_brand","embeddable":true,"href":"https:\/\/www.schwimmbadtechnik-ratingen.de\/index.php\/wp-json\/wp\/v2\/product_brand?post=15897"},{"taxonomy":"product_cat","embeddable":true,"href":"https:\/\/www.schwimmbadtechnik-ratingen.de\/index.php\/wp-json\/wp\/v2\/product_cat?post=15897"},{"taxonomy":"product_tag","embeddable":true,"href":"https:\/\/www.schwimmbadtechnik-ratingen.de\/index.php\/wp-json\/wp\/v2\/product_tag?post=15897"}],"curies":[{"name":"wp","href":"https:\/\/api.w.org\/{rel}","templated":true}]}}