{"id":69,"date":"2012-07-31T02:15:48","date_gmt":"2012-07-31T02:15:48","guid":{"rendered":"http:\/\/theme-fusion.com\/avada\/?page_id=69"},"modified":"2025-05-05T12:29:34","modified_gmt":"2025-05-05T10:29:34","slug":"unternehmen","status":"publish","type":"page","link":"https:\/\/www.schwimmbadtechnik-ratingen.de\/index.php\/unternehmen\/","title":{"rendered":"Unternehmen"},"content":{"rendered":"<p><div class=\"fusion-fullwidth fullwidth-box fusion-builder-row-1 hundred-percent-fullwidth non-hundred-percent-height-scrolling\" style=\"--awb-border-radius-top-left:0px;--awb-border-radius-top-right:0px;--awb-border-radius-bottom-right:0px;--awb-border-radius-bottom-left:0px;--awb-background-color:rgba(255,255,255,0);--awb-flex-wrap:wrap;\" ><div class=\"fusion-builder-row fusion-row\"><div class=\"fusion-layout-column fusion_builder_column fusion-builder-column-0 fusion_builder_column_1_1 1_1 fusion-one-full fusion-column-first fusion-column-last fusion-column-no-min-height\" style=\"--awb-bg-size:cover;--awb-margin-bottom:0px;\"><div class=\"fusion-column-wrapper fusion-flex-column-wrapper-legacy\"><div class=\"fusion-title title fusion-title-1 fusion-title-text fusion-title-size-one\" style=\"--awb-margin-top-small:0px;--awb-margin-right-small:0px;--awb-margin-bottom-small:20px;--awb-margin-left-small:0px;--awb-sep-color:#009fe3;\"><h1 class=\"fusion-title-heading title-heading-left\" style=\"margin:0;\">Willkommen bei MTS-Schwimmbadtechnik<\/h1><span class=\"awb-title-spacer\"><\/span><div class=\"title-sep-container\"><div class=\"title-sep sep-double sep-solid\" style=\"border-color:#009fe3;\"><\/div><\/div><\/div><div class=\"fusion-clearfix\"><\/div><\/div><\/div><\/div><\/div><div class=\"fusion-fullwidth fullwidth-box fusion-builder-row-2 hundred-percent-fullwidth non-hundred-percent-height-scrolling\" style=\"--awb-background-position:left top;--awb-border-sizes-top:0px;--awb-border-sizes-bottom:0px;--awb-border-sizes-left:0px;--awb-border-sizes-right:0px;--awb-border-radius-top-left:0px;--awb-border-radius-top-right:0px;--awb-border-radius-bottom-right:0px;--awb-border-radius-bottom-left:0px;--awb-padding-top:20px;--awb-padding-bottom:20px;--awb-background-color:transparent;--awb-flex-wrap:wrap;\" ><div class=\"fusion-builder-row fusion-row\"><div class=\"fusion-layout-column fusion_builder_column fusion-builder-column-1 fusion_builder_column_1_4 1_4 fusion-one-fourth fusion-column-first\" style=\"--awb-bg-size:cover;width:22%; margin-right: 4%;\"><div class=\"fusion-column-wrapper fusion-flex-column-wrapper-legacy\"><div class=\"fusion-image-element in-legacy-container\" style=\"--awb-caption-title-font-family:var(--h2_typography-font-family);--awb-caption-title-font-weight:var(--h2_typography-font-weight);--awb-caption-title-font-style:var(--h2_typography-font-style);--awb-caption-title-size:var(--h2_typography-font-size);--awb-caption-title-transform:var(--h2_typography-text-transform);--awb-caption-title-line-height:var(--h2_typography-line-height);--awb-caption-title-letter-spacing:var(--h2_typography-letter-spacing);\"><span class=\" fusion-imageframe imageframe-none imageframe-1 hover-type-none\"><img data-recalc-dims=\"1\" height=\"505\" width=\"1024\" decoding=\"async\" src=\"https:\/\/i0.wp.com\/www.schwimmbadtechnik-ratingen.de\/wp-content\/uploads\/2012\/07\/weltkarte_mts-01-1024x505.png?resize=1024%2C505\" alt class=\"img-responsive\"\/><\/span><\/div><div class=\"fusion-clearfix\"><\/div><\/div><\/div><div class=\"fusion-layout-column fusion_builder_column fusion-builder-column-2 fusion_builder_column_3_4 3_4 fusion-three-fourth fusion-column-last\" style=\"--awb-bg-size:cover;width:74%;\"><div class=\"fusion-column-wrapper fusion-flex-column-wrapper-legacy\"><div class=\"fusion-text fusion-text-1\"><div class=\"contact-info-container\">\n<h1 style=\"text-align: justify;\"><strong>\u00a0Qualit\u00e4t seit 1969&#8230;<br \/>\n<\/strong><\/h1>\n<h3 style=\"text-align: justify;\">MTS-Produkte f\u00fchlt sich seinen Auftraggebern und deren Kunden verpflichtet. Hochwertiges Schwimmbadzubeh\u00f6r von MTS-Produkte. Nutzergerechte Entwicklungen und sorgf\u00e4ltige Konstruktionen \u00fcberzeugen weltweit mit verl\u00e4sslicher Qualit\u00e4t. Erprobte, sortenreine ABS-Kunststoffe und hochwertige Edelst\u00e4hle sind ein Garant f\u00fcr langlebige Investitionsprodukte, welche dem besonderen Einsatz mit und unter Wasser voll gerecht werden. Gepr\u00fcfte Qualit\u00e4t \u201eMade in Germany\u201c ist f\u00fcr MTS selbstverst\u00e4ndlich. Doch das alleine reicht uns nicht. Im t\u00e4glichen Dialog mit unseren Auftraggebern analysieren wir M\u00e4rkte und Verbraucherw\u00fcnsche. National und international. Die Ergebnisse \u00fcberzeugen. Zahlreiche Patente sprechen f\u00fcr sich. St\u00e4ndige Optimierung unserer Produkte f\u00fchren zu nachhaltigem Nutzen und langer Lebensdauer. So lassen sich beispielhafte MTS-L\u00f6sungen f\u00fcr Schwimmbadbecken im Laufe der Zeit dem Zeitgeist und den gewachsenen Anspr\u00fcchen jederzeit anpassen. F\u00fcr alle MTS-Schwimmbadprodukte gilt eine Ersatzlieferf\u00e4higkeit auf alle Produkte bis zu 15 Jahren, gem\u00e4\u00df unseren Bedingungen.<br \/>\n<strong>Das ist einmalig in Europa.<\/strong><\/h3>\n<h3 style=\"text-align: justify;\"><\/h3>\n<\/div>\n<\/div><div class=\"fusion-clearfix\"><\/div><\/div><\/div><div class=\"fusion-layout-column fusion_builder_column fusion-builder-column-3 fusion_builder_column_1_1 1_1 fusion-one-full fusion-column-first fusion-column-last\" style=\"--awb-padding-bottom:500px;--awb-bg-size:cover;\"><div class=\"fusion-column-wrapper fusion-flex-column-wrapper-legacy\"><div class=\"fusion-clearfix\"><\/div><\/div><\/div><\/div><\/div><\/p>\n","protected":false},"excerpt":{"rendered":"","protected":false},"author":1,"featured_media":0,"parent":0,"menu_order":0,"comment_status":"open","ping_status":"open","template":"","meta":{"jetpack_post_was_ever_published":false,"footnotes":""},"class_list":["post-69","page","type-page","status-publish","hentry"],"yoast_head":"<!-- This site is optimized with the Yoast SEO plugin v27.3 - https:\/\/yoast.com\/product\/yoast-seo-wordpress\/ -->\n<title>MTS-Schwimmbadtechnik Das Unternehmen<\/title>\n<meta name=\"description\" content=\"Hier finden Sie eine kurze Vorstellung der MTS- Schwimmbadtechnik. Seit fast 50 Jahren Hersteller hochwertiger Schwimmbadtechnik.\" \/>\n<meta name=\"robots\" content=\"index, follow, max-snippet:-1, max-image-preview:large, max-video-preview:-1\" \/>\n<link rel=\"canonical\" href=\"https:\/\/www.schwimmbadtechnik-ratingen.de\/index.php\/unternehmen\/\" \/>\n<meta property=\"og:locale\" content=\"de_DE\" \/>\n<meta property=\"og:type\" content=\"article\" \/>\n<meta property=\"og:title\" content=\"MTS-Schwimmbadtechnik Das Unternehmen\" \/>\n<meta property=\"og:description\" content=\"Hier finden Sie eine kurze Vorstellung der MTS- Schwimmbadtechnik. Seit fast 50 Jahren Hersteller hochwertiger Schwimmbadtechnik.\" \/>\n<meta property=\"og:url\" content=\"https:\/\/www.schwimmbadtechnik-ratingen.de\/index.php\/unternehmen\/\" \/>\n<meta property=\"og:site_name\" content=\"Schwimmbadtechnik Ratingen\" \/>\n<meta property=\"article:modified_time\" content=\"2025-05-05T10:29:34+00:00\" \/>\n<meta property=\"og:image\" content=\"http:\/\/www.schwimmbadtechnik-ratingen.de\/wp-content\/uploads\/2012\/07\/weltkarte_mts-01-1024x505.png\" \/>\n<meta name=\"twitter:card\" content=\"summary_large_image\" \/>\n<meta name=\"twitter:label1\" content=\"Gesch\u00e4tzte Lesezeit\" \/>\n\t<meta name=\"twitter:data1\" content=\"2\u00a0Minuten\" \/>\n<script type=\"application\/ld+json\" class=\"yoast-schema-graph\">{\"@context\":\"https:\\\/\\\/schema.org\",\"@graph\":[{\"@type\":\"WebPage\",\"@id\":\"https:\\\/\\\/www.schwimmbadtechnik-ratingen.de\\\/index.php\\\/unternehmen\\\/\",\"url\":\"https:\\\/\\\/www.schwimmbadtechnik-ratingen.de\\\/index.php\\\/unternehmen\\\/\",\"name\":\"MTS-Schwimmbadtechnik Das Unternehmen\",\"isPartOf\":{\"@id\":\"https:\\\/\\\/www.schwimmbadtechnik-ratingen.de\\\/#website\"},\"primaryImageOfPage\":{\"@id\":\"https:\\\/\\\/www.schwimmbadtechnik-ratingen.de\\\/index.php\\\/unternehmen\\\/#primaryimage\"},\"image\":{\"@id\":\"https:\\\/\\\/www.schwimmbadtechnik-ratingen.de\\\/index.php\\\/unternehmen\\\/#primaryimage\"},\"thumbnailUrl\":\"http:\\\/\\\/www.schwimmbadtechnik-ratingen.de\\\/wp-content\\\/uploads\\\/2012\\\/07\\\/weltkarte_mts-01-1024x505.png\",\"datePublished\":\"2012-07-31T02:15:48+00:00\",\"dateModified\":\"2025-05-05T10:29:34+00:00\",\"description\":\"Hier finden Sie eine kurze Vorstellung der MTS- Schwimmbadtechnik. Seit fast 50 Jahren Hersteller hochwertiger Schwimmbadtechnik.\",\"breadcrumb\":{\"@id\":\"https:\\\/\\\/www.schwimmbadtechnik-ratingen.de\\\/index.php\\\/unternehmen\\\/#breadcrumb\"},\"inLanguage\":\"de\",\"potentialAction\":[{\"@type\":\"ReadAction\",\"target\":[\"https:\\\/\\\/www.schwimmbadtechnik-ratingen.de\\\/index.php\\\/unternehmen\\\/\"]}]},{\"@type\":\"ImageObject\",\"inLanguage\":\"de\",\"@id\":\"https:\\\/\\\/www.schwimmbadtechnik-ratingen.de\\\/index.php\\\/unternehmen\\\/#primaryimage\",\"url\":\"http:\\\/\\\/www.schwimmbadtechnik-ratingen.de\\\/wp-content\\\/uploads\\\/2012\\\/07\\\/weltkarte_mts-01-1024x505.png\",\"contentUrl\":\"http:\\\/\\\/www.schwimmbadtechnik-ratingen.de\\\/wp-content\\\/uploads\\\/2012\\\/07\\\/weltkarte_mts-01-1024x505.png\"},{\"@type\":\"BreadcrumbList\",\"@id\":\"https:\\\/\\\/www.schwimmbadtechnik-ratingen.de\\\/index.php\\\/unternehmen\\\/#breadcrumb\",\"itemListElement\":[{\"@type\":\"ListItem\",\"position\":1,\"name\":\"Startseite\",\"item\":\"https:\\\/\\\/www.schwimmbadtechnik-ratingen.de\\\/\"},{\"@type\":\"ListItem\",\"position\":2,\"name\":\"Unternehmen\"}]},{\"@type\":\"WebSite\",\"@id\":\"https:\\\/\\\/www.schwimmbadtechnik-ratingen.de\\\/#website\",\"url\":\"https:\\\/\\\/www.schwimmbadtechnik-ratingen.de\\\/\",\"name\":\"Schwimmbadtechnik Ratingen\",\"description\":\"MTS-Produkte\",\"publisher\":{\"@id\":\"https:\\\/\\\/www.schwimmbadtechnik-ratingen.de\\\/#organization\"},\"potentialAction\":[{\"@type\":\"SearchAction\",\"target\":{\"@type\":\"EntryPoint\",\"urlTemplate\":\"https:\\\/\\\/www.schwimmbadtechnik-ratingen.de\\\/?s={search_term_string}\"},\"query-input\":{\"@type\":\"PropertyValueSpecification\",\"valueRequired\":true,\"valueName\":\"search_term_string\"}}],\"inLanguage\":\"de\"},{\"@type\":\"Organization\",\"@id\":\"https:\\\/\\\/www.schwimmbadtechnik-ratingen.de\\\/#organization\",\"name\":\"MTS-Produkte GmbH\",\"url\":\"https:\\\/\\\/www.schwimmbadtechnik-ratingen.de\\\/\",\"logo\":{\"@type\":\"ImageObject\",\"inLanguage\":\"de\",\"@id\":\"https:\\\/\\\/www.schwimmbadtechnik-ratingen.de\\\/#\\\/schema\\\/logo\\\/image\\\/\",\"url\":\"https:\\\/\\\/i0.wp.com\\\/www.schwimmbadtechnik-ratingen.de\\\/wp-content\\\/uploads\\\/2016\\\/03\\\/MTS_Logo_2015_800_retina.jpg?fit=800%2C130&ssl=1\",\"contentUrl\":\"https:\\\/\\\/i0.wp.com\\\/www.schwimmbadtechnik-ratingen.de\\\/wp-content\\\/uploads\\\/2016\\\/03\\\/MTS_Logo_2015_800_retina.jpg?fit=800%2C130&ssl=1\",\"width\":800,\"height\":130,\"caption\":\"MTS-Produkte GmbH\"},\"image\":{\"@id\":\"https:\\\/\\\/www.schwimmbadtechnik-ratingen.de\\\/#\\\/schema\\\/logo\\\/image\\\/\"}}]}<\/script>\n<!-- \/ Yoast SEO plugin. -->","yoast_head_json":{"title":"MTS-Schwimmbadtechnik Das Unternehmen","description":"Hier finden Sie eine kurze Vorstellung der MTS- Schwimmbadtechnik. Seit fast 50 Jahren Hersteller hochwertiger Schwimmbadtechnik.","robots":{"index":"index","follow":"follow","max-snippet":"max-snippet:-1","max-image-preview":"max-image-preview:large","max-video-preview":"max-video-preview:-1"},"canonical":"https:\/\/www.schwimmbadtechnik-ratingen.de\/index.php\/unternehmen\/","og_locale":"de_DE","og_type":"article","og_title":"MTS-Schwimmbadtechnik Das Unternehmen","og_description":"Hier finden Sie eine kurze Vorstellung der MTS- Schwimmbadtechnik. Seit fast 50 Jahren Hersteller hochwertiger Schwimmbadtechnik.","og_url":"https:\/\/www.schwimmbadtechnik-ratingen.de\/index.php\/unternehmen\/","og_site_name":"Schwimmbadtechnik Ratingen","article_modified_time":"2025-05-05T10:29:34+00:00","og_image":[{"url":"http:\/\/www.schwimmbadtechnik-ratingen.de\/wp-content\/uploads\/2012\/07\/weltkarte_mts-01-1024x505.png","type":"","width":"","height":""}],"twitter_card":"summary_large_image","twitter_misc":{"Gesch\u00e4tzte Lesezeit":"2\u00a0Minuten"},"schema":{"@context":"https:\/\/schema.org","@graph":[{"@type":"WebPage","@id":"https:\/\/www.schwimmbadtechnik-ratingen.de\/index.php\/unternehmen\/","url":"https:\/\/www.schwimmbadtechnik-ratingen.de\/index.php\/unternehmen\/","name":"MTS-Schwimmbadtechnik Das Unternehmen","isPartOf":{"@id":"https:\/\/www.schwimmbadtechnik-ratingen.de\/#website"},"primaryImageOfPage":{"@id":"https:\/\/www.schwimmbadtechnik-ratingen.de\/index.php\/unternehmen\/#primaryimage"},"image":{"@id":"https:\/\/www.schwimmbadtechnik-ratingen.de\/index.php\/unternehmen\/#primaryimage"},"thumbnailUrl":"http:\/\/www.schwimmbadtechnik-ratingen.de\/wp-content\/uploads\/2012\/07\/weltkarte_mts-01-1024x505.png","datePublished":"2012-07-31T02:15:48+00:00","dateModified":"2025-05-05T10:29:34+00:00","description":"Hier finden Sie eine kurze Vorstellung der MTS- Schwimmbadtechnik. Seit fast 50 Jahren Hersteller hochwertiger Schwimmbadtechnik.","breadcrumb":{"@id":"https:\/\/www.schwimmbadtechnik-ratingen.de\/index.php\/unternehmen\/#breadcrumb"},"inLanguage":"de","potentialAction":[{"@type":"ReadAction","target":["https:\/\/www.schwimmbadtechnik-ratingen.de\/index.php\/unternehmen\/"]}]},{"@type":"ImageObject","inLanguage":"de","@id":"https:\/\/www.schwimmbadtechnik-ratingen.de\/index.php\/unternehmen\/#primaryimage","url":"http:\/\/www.schwimmbadtechnik-ratingen.de\/wp-content\/uploads\/2012\/07\/weltkarte_mts-01-1024x505.png","contentUrl":"http:\/\/www.schwimmbadtechnik-ratingen.de\/wp-content\/uploads\/2012\/07\/weltkarte_mts-01-1024x505.png"},{"@type":"BreadcrumbList","@id":"https:\/\/www.schwimmbadtechnik-ratingen.de\/index.php\/unternehmen\/#breadcrumb","itemListElement":[{"@type":"ListItem","position":1,"name":"Startseite","item":"https:\/\/www.schwimmbadtechnik-ratingen.de\/"},{"@type":"ListItem","position":2,"name":"Unternehmen"}]},{"@type":"WebSite","@id":"https:\/\/www.schwimmbadtechnik-ratingen.de\/#website","url":"https:\/\/www.schwimmbadtechnik-ratingen.de\/","name":"Schwimmbadtechnik Ratingen","description":"MTS-Produkte","publisher":{"@id":"https:\/\/www.schwimmbadtechnik-ratingen.de\/#organization"},"potentialAction":[{"@type":"SearchAction","target":{"@type":"EntryPoint","urlTemplate":"https:\/\/www.schwimmbadtechnik-ratingen.de\/?s={search_term_string}"},"query-input":{"@type":"PropertyValueSpecification","valueRequired":true,"valueName":"search_term_string"}}],"inLanguage":"de"},{"@type":"Organization","@id":"https:\/\/www.schwimmbadtechnik-ratingen.de\/#organization","name":"MTS-Produkte GmbH","url":"https:\/\/www.schwimmbadtechnik-ratingen.de\/","logo":{"@type":"ImageObject","inLanguage":"de","@id":"https:\/\/www.schwimmbadtechnik-ratingen.de\/#\/schema\/logo\/image\/","url":"https:\/\/i0.wp.com\/www.schwimmbadtechnik-ratingen.de\/wp-content\/uploads\/2016\/03\/MTS_Logo_2015_800_retina.jpg?fit=800%2C130&ssl=1","contentUrl":"https:\/\/i0.wp.com\/www.schwimmbadtechnik-ratingen.de\/wp-content\/uploads\/2016\/03\/MTS_Logo_2015_800_retina.jpg?fit=800%2C130&ssl=1","width":800,"height":130,"caption":"MTS-Produkte GmbH"},"image":{"@id":"https:\/\/www.schwimmbadtechnik-ratingen.de\/#\/schema\/logo\/image\/"}}]}},"jetpack_sharing_enabled":true,"jetpack_shortlink":"https:\/\/wp.me\/P7u58y-17","_links":{"self":[{"href":"https:\/\/www.schwimmbadtechnik-ratingen.de\/index.php\/wp-json\/wp\/v2\/pages\/69","targetHints":{"allow":["GET"]}}],"collection":[{"href":"https:\/\/www.schwimmbadtechnik-ratingen.de\/index.php\/wp-json\/wp\/v2\/pages"}],"about":[{"href":"https:\/\/www.schwimmbadtechnik-ratingen.de\/index.php\/wp-json\/wp\/v2\/types\/page"}],"author":[{"embeddable":true,"href":"https:\/\/www.schwimmbadtechnik-ratingen.de\/index.php\/wp-json\/wp\/v2\/users\/1"}],"replies":[{"embeddable":true,"href":"https:\/\/www.schwimmbadtechnik-ratingen.de\/index.php\/wp-json\/wp\/v2\/comments?post=69"}],"version-history":[{"count":54,"href":"https:\/\/www.schwimmbadtechnik-ratingen.de\/index.php\/wp-json\/wp\/v2\/pages\/69\/revisions"}],"predecessor-version":[{"id":21223,"href":"https:\/\/www.schwimmbadtechnik-ratingen.de\/index.php\/wp-json\/wp\/v2\/pages\/69\/revisions\/21223"}],"wp:attachment":[{"href":"https:\/\/www.schwimmbadtechnik-ratingen.de\/index.php\/wp-json\/wp\/v2\/media?parent=69"}],"curies":[{"name":"wp","href":"https:\/\/api.w.org\/{rel}","templated":true}]}}