{"id":18795,"date":"2020-04-03T13:43:04","date_gmt":"2020-04-03T11:43:04","guid":{"rendered":"http:\/\/www.schwimmbadtechnik-ratingen.de\/?page_id=18795"},"modified":"2023-02-24T14:32:48","modified_gmt":"2023-02-24T13:32:48","slug":"warmenator_auswahl","status":"publish","type":"page","link":"https:\/\/www.schwimmbadtechnik-ratingen.de\/index.php\/warmenator_auswahl\/","title":{"rendered":"Warmenator_Auswahl"},"content":{"rendered":"<p><div class=\"fusion-fullwidth fullwidth-box fusion-builder-row-1 nonhundred-percent-fullwidth non-hundred-percent-height-scrolling\" style=\"--awb-background-position:left top;--awb-border-sizes-top:0px;--awb-border-sizes-bottom:0px;--awb-border-sizes-left:0px;--awb-border-sizes-right:0px;--awb-border-radius-top-left:0px;--awb-border-radius-top-right:0px;--awb-border-radius-bottom-right:0px;--awb-border-radius-bottom-left:0px;--awb-padding-top:20px;--awb-padding-bottom:20px;--awb-background-color:transparent;--awb-flex-wrap:wrap;\" ><div class=\"fusion-builder-row fusion-row\"><div class=\"fusion-layout-column fusion_builder_column fusion-builder-column-0 fusion_builder_column_1_1 1_1 fusion-one-full fusion-column-first fusion-column-last fusion-column-no-min-height\" style=\"--awb-bg-size:cover;--awb-margin-bottom:0px;\"><div class=\"fusion-column-wrapper fusion-flex-column-wrapper-legacy\"><div class=\"fusion-title title fusion-title-1 fusion-title-text fusion-title-size-one\" style=\"--awb-margin-top-small:0px;--awb-margin-right-small:0px;--awb-margin-bottom-small:20px;--awb-margin-left-small:0px;--awb-sep-color:#009ef3;\"><h1 class=\"fusion-title-heading title-heading-left\" style=\"margin:0;\">MTS &#8211; Warmenator\/W\u00e4rmetauscher<\/h1><span class=\"awb-title-spacer\"><\/span><div class=\"title-sep-container\"><div class=\"title-sep sep-double sep-solid\" style=\"border-color:#009ef3;\"><\/div><\/div><\/div><div class=\"fusion-clearfix\"><\/div><\/div><\/div><div class=\"fusion-layout-column fusion_builder_column fusion-builder-column-1 fusion_builder_column_1_3 1_3 fusion-one-third fusion-column-first\" style=\"--awb-bg-size:cover;width:30.6666%; margin-right: 4%;\"><div class=\"fusion-column-wrapper fusion-flex-column-wrapper-legacy\"><div class=\"fusion-text fusion-text-1\"><p>Ein modular aufgebautes System von 13-120kW f\u00fcr die Schwimmbadwassererw\u00e4rmung durch Heizwasser oder Solarw\u00e4rme. Verst\u00e4rkte Isolierwirkung durch hochwertigen glasfaserverst\u00e4rkten Spezialkunststoff PA 6.6 und hohe Sicherheit gegen Verkalkung. Das Heizmedium wird durch eine V4A Heizspirale und V4A Hei\u00dfwasseranschl\u00fcsse gef\u00fchrt. Die konvex, konkave Konstruktion mit Umlenkelementen erzeugt eine hohe Leistungs\u00fcbertragung.<\/p>\n<\/div><div class=\"fusion-clearfix\"><\/div><\/div><\/div><div class=\"fusion-layout-column fusion_builder_column fusion-builder-column-2 fusion_builder_column_2_3 2_3 fusion-two-third fusion-column-last\" style=\"--awb-bg-size:cover;width:65.3333%;\"><div class=\"fusion-column-wrapper fusion-flex-column-wrapper-legacy\"><ul style=\"--awb-size:13px;--awb-line-height:22.1px;--awb-icon-width:22.1px;--awb-icon-height:22.1px;--awb-icon-margin:9.1px;--awb-content-margin:31.2px;--awb-circlecolor:#1a80b6;--awb-circle-yes-font-size:11.44px;\" class=\"fusion-checklist fusion-checklist-1 fusion-checklist-default type-icons\"><li class=\"fusion-li-item\" style=\"\"><span class=\"icon-wrapper circle-yes\"><i class=\"fusion-li-icon fa fa-check\" aria-hidden=\"true\"><\/i><\/span><div class=\"fusion-li-item-content\">Hochwertiger glasfaserverst\u00e4rkter Spezialkunststoff PA 6.6<\/div><\/li><li class=\"fusion-li-item\" style=\"\"><span class=\"icon-wrapper circle-yes\"><i class=\"fusion-li-icon fa fa-check\" aria-hidden=\"true\"><\/i><\/span><div class=\"fusion-li-item-content\">Edelstahlheizstab (Incoloy)<\/div><\/li><li class=\"fusion-li-item\" style=\"\"><span class=\"icon-wrapper circle-yes\"><i class=\"fusion-li-icon fa fa-check\" aria-hidden=\"true\"><\/i><\/span><div class=\"fusion-li-item-content\">Serienm\u00e4\u00dfig ausgestattet mit Sicherheitsthermostat<\/div><\/li><li class=\"fusion-li-item\" style=\"\"><span class=\"icon-wrapper circle-yes\"><i class=\"fusion-li-icon fa fa-check\" aria-hidden=\"true\"><\/i><\/span><div class=\"fusion-li-item-content\">Serienm\u00e4\u00dfig ausgestattet mit Str\u00f6mungsw\u00e4chter<\/div><\/li><li class=\"fusion-li-item\" style=\"\"><span class=\"icon-wrapper circle-yes\"><i class=\"fusion-li-icon fa fa-check\" aria-hidden=\"true\"><\/i><\/span><div class=\"fusion-li-item-content\">Wasseranschl\u00fcsse: Klebeanschl\u00fcsse \u00d8 50 innen<\/div><\/li><\/ul><div class=\"fusion-clearfix\"><\/div><\/div><\/div><div class=\"fusion-layout-column fusion_builder_column fusion-builder-column-3 fusion_builder_column_1_1 1_1 fusion-one-full fusion-column-first fusion-column-last fusion-column-no-min-height\" style=\"--awb-bg-size:cover;--awb-margin-bottom:0px;\"><div class=\"fusion-column-wrapper fusion-flex-column-wrapper-legacy\"><div class=\"fusion-sep-clear\"><\/div><div class=\"fusion-separator fusion-full-width-sep\" style=\"margin-left: auto;margin-right: auto;width:100%;\"><div class=\"fusion-separator-border sep-double sep-solid\" style=\"--awb-height:20px;--awb-amount:20px;--awb-sep-color:#009ef3;border-color:#009ef3;border-top-width:1px;border-bottom-width:1px;\"><\/div><\/div><div class=\"fusion-sep-clear\"><\/div><div class=\"fusion-clearfix\"><\/div><\/div><\/div><\/div><\/div><div class=\"fusion-fullwidth fullwidth-box fusion-builder-row-2 hundred-percent-fullwidth non-hundred-percent-height-scrolling\" style=\"--awb-border-radius-top-left:0px;--awb-border-radius-top-right:0px;--awb-border-radius-bottom-right:0px;--awb-border-radius-bottom-left:0px;--awb-margin-top:50px;--awb-background-color:transparent;--awb-flex-wrap:wrap;\" ><div class=\"fusion-builder-row fusion-row\"><div class=\"fusion-layout-column fusion_builder_column fusion-builder-column-4 fusion_builder_column_1_3 1_3 fusion-one-third fusion-column-first\" style=\"--awb-bg-color:#9b9b9b;--awb-bg-color-hover:#9b9b9b;--awb-bg-size:cover;--awb-border-color:#03a9f4;--awb-border-top:1px;--awb-border-right:1px;--awb-border-bottom:1px;--awb-border-left:1px;--awb-border-style:solid;width:33.3333333333%;width:calc(33.3333333333% - ( ( 4% ) * 0.333333333333 ) );margin-right: 4%;\"><div class=\"fusion-column-wrapper fusion-column-has-shadow fusion-flex-column-wrapper-legacy\"><div class=\"fusion-title title fusion-title-2 fusion-title-center fusion-title-text fusion-title-size-one\" style=\"--awb-margin-top:30px;--awb-margin-top-small:0px;--awb-margin-right-small:0px;--awb-margin-bottom-small:20px;--awb-margin-left-small:0px;--awb-sep-color:#009ee0;\"><div class=\"title-sep-container title-sep-container-left\"><div class=\"title-sep sep-double sep-solid\" style=\"border-color:#009ee0;\"><\/div><\/div><span class=\"awb-title-spacer\"><\/span><h1 class=\"fusion-title-heading title-heading-center\" style=\"margin:0;\"><a href=\"http:\/\/www.schwimmbadtechnik-ratingen.de\/index.php\/produkt-kategorie\/warmenator-waermetauscher\/\" class=\"awb-custom-text-color awb-custom-text-hover-color\" target=\"_self\"><p style=\"text-align: center;\">Warmenator<\/p>\n<p style=\"text-align: center;\">W\u00e4rmetauscher<\/p><\/a><\/h1><span class=\"awb-title-spacer\"><\/span><div class=\"title-sep-container title-sep-container-right\"><div class=\"title-sep sep-double sep-solid\" style=\"border-color:#009ee0;\"><\/div><\/div><\/div><div class=\"fusion-image-element in-legacy-container\" style=\"--awb-caption-title-font-family:var(--h2_typography-font-family);--awb-caption-title-font-weight:var(--h2_typography-font-weight);--awb-caption-title-font-style:var(--h2_typography-font-style);--awb-caption-title-size:var(--h2_typography-font-size);--awb-caption-title-transform:var(--h2_typography-text-transform);--awb-caption-title-line-height:var(--h2_typography-line-height);--awb-caption-title-letter-spacing:var(--h2_typography-letter-spacing);\"><span class=\" fusion-imageframe imageframe-none imageframe-1 hover-type-none\"><a class=\"fusion-no-lightbox\" href=\"http:\/\/www.schwimmbadtechnik-ratingen.de\/index.php\/produkt-kategorie\/warmenator-waermetauscher\/\" target=\"_self\" aria-label=\"warmenator_28kw_40kw_800\"><img data-recalc-dims=\"1\" decoding=\"async\" width=\"800\" height=\"800\" src=\"https:\/\/i0.wp.com\/www.schwimmbadtechnik-ratingen.de\/wp-content\/uploads\/2016\/03\/warmenator_28kw_40kw_800.jpg?resize=800%2C800\" alt class=\"img-responsive wp-image-13375\" srcset=\"https:\/\/i0.wp.com\/www.schwimmbadtechnik-ratingen.de\/wp-content\/uploads\/2016\/03\/warmenator_28kw_40kw_800.jpg?resize=66%2C66&amp;ssl=1 66w, https:\/\/i0.wp.com\/www.schwimmbadtechnik-ratingen.de\/wp-content\/uploads\/2016\/03\/warmenator_28kw_40kw_800.jpg?resize=100%2C100&amp;ssl=1 100w, https:\/\/i0.wp.com\/www.schwimmbadtechnik-ratingen.de\/wp-content\/uploads\/2016\/03\/warmenator_28kw_40kw_800.jpg?resize=150%2C150&amp;ssl=1 150w, https:\/\/i0.wp.com\/www.schwimmbadtechnik-ratingen.de\/wp-content\/uploads\/2016\/03\/warmenator_28kw_40kw_800.jpg?resize=300%2C300&amp;ssl=1 300w, https:\/\/i0.wp.com\/www.schwimmbadtechnik-ratingen.de\/wp-content\/uploads\/2016\/03\/warmenator_28kw_40kw_800.jpg?resize=500%2C500&amp;ssl=1 500w, https:\/\/i0.wp.com\/www.schwimmbadtechnik-ratingen.de\/wp-content\/uploads\/2016\/03\/warmenator_28kw_40kw_800.jpg?resize=768%2C768&amp;ssl=1 768w, https:\/\/i0.wp.com\/www.schwimmbadtechnik-ratingen.de\/wp-content\/uploads\/2016\/03\/warmenator_28kw_40kw_800.jpg?fit=800%2C800&amp;ssl=1 800w\" sizes=\"(max-width: 800px) 100vw, 800px\" \/><\/a><\/span><\/div><div class=\"fusion-clearfix\"><\/div><\/div><\/div><\/div><\/div><\/p>\n","protected":false},"excerpt":{"rendered":"","protected":false},"author":1,"featured_media":0,"parent":0,"menu_order":0,"comment_status":"closed","ping_status":"closed","template":"","meta":{"jetpack_post_was_ever_published":false,"footnotes":""},"class_list":["post-18795","page","type-page","status-publish","hentry"],"yoast_head":"<!-- This site is optimized with the Yoast SEO plugin v27.3 - https:\/\/yoast.com\/product\/yoast-seo-wordpress\/ -->\n<title>Warmenator_Auswahl - Schwimmbadtechnik Ratingen<\/title>\n<meta name=\"robots\" content=\"index, follow, max-snippet:-1, max-image-preview:large, max-video-preview:-1\" \/>\n<link rel=\"canonical\" href=\"https:\/\/www.schwimmbadtechnik-ratingen.de\/index.php\/warmenator_auswahl\/\" \/>\n<meta property=\"og:locale\" content=\"de_DE\" \/>\n<meta property=\"og:type\" content=\"article\" \/>\n<meta property=\"og:title\" content=\"Warmenator_Auswahl - Schwimmbadtechnik Ratingen\" \/>\n<meta property=\"og:url\" content=\"https:\/\/www.schwimmbadtechnik-ratingen.de\/index.php\/warmenator_auswahl\/\" \/>\n<meta property=\"og:site_name\" content=\"Schwimmbadtechnik Ratingen\" \/>\n<meta property=\"article:modified_time\" content=\"2023-02-24T13:32:48+00:00\" \/>\n<meta property=\"og:image\" content=\"https:\/\/i0.wp.com\/www.schwimmbadtechnik-ratingen.de\/wp-content\/uploads\/2016\/03\/MTS_Logo_2015_800_retina.jpg?fit=800%2C130&ssl=1\" \/>\n\t<meta property=\"og:image:width\" content=\"800\" \/>\n\t<meta property=\"og:image:height\" content=\"130\" \/>\n\t<meta property=\"og:image:type\" content=\"image\/jpeg\" \/>\n<meta name=\"twitter:card\" content=\"summary_large_image\" \/>\n<meta name=\"twitter:label1\" content=\"Gesch\u00e4tzte Lesezeit\" \/>\n\t<meta name=\"twitter:data1\" content=\"4\u00a0Minuten\" \/>\n<script type=\"application\/ld+json\" class=\"yoast-schema-graph\">{\"@context\":\"https:\\\/\\\/schema.org\",\"@graph\":[{\"@type\":\"WebPage\",\"@id\":\"https:\\\/\\\/www.schwimmbadtechnik-ratingen.de\\\/index.php\\\/warmenator_auswahl\\\/\",\"url\":\"https:\\\/\\\/www.schwimmbadtechnik-ratingen.de\\\/index.php\\\/warmenator_auswahl\\\/\",\"name\":\"Warmenator_Auswahl - Schwimmbadtechnik Ratingen\",\"isPartOf\":{\"@id\":\"https:\\\/\\\/www.schwimmbadtechnik-ratingen.de\\\/#website\"},\"datePublished\":\"2020-04-03T11:43:04+00:00\",\"dateModified\":\"2023-02-24T13:32:48+00:00\",\"breadcrumb\":{\"@id\":\"https:\\\/\\\/www.schwimmbadtechnik-ratingen.de\\\/index.php\\\/warmenator_auswahl\\\/#breadcrumb\"},\"inLanguage\":\"de\",\"potentialAction\":[{\"@type\":\"ReadAction\",\"target\":[\"https:\\\/\\\/www.schwimmbadtechnik-ratingen.de\\\/index.php\\\/warmenator_auswahl\\\/\"]}]},{\"@type\":\"BreadcrumbList\",\"@id\":\"https:\\\/\\\/www.schwimmbadtechnik-ratingen.de\\\/index.php\\\/warmenator_auswahl\\\/#breadcrumb\",\"itemListElement\":[{\"@type\":\"ListItem\",\"position\":1,\"name\":\"Startseite\",\"item\":\"https:\\\/\\\/www.schwimmbadtechnik-ratingen.de\\\/\"},{\"@type\":\"ListItem\",\"position\":2,\"name\":\"Warmenator_Auswahl\"}]},{\"@type\":\"WebSite\",\"@id\":\"https:\\\/\\\/www.schwimmbadtechnik-ratingen.de\\\/#website\",\"url\":\"https:\\\/\\\/www.schwimmbadtechnik-ratingen.de\\\/\",\"name\":\"Schwimmbadtechnik Ratingen\",\"description\":\"MTS-Produkte\",\"publisher\":{\"@id\":\"https:\\\/\\\/www.schwimmbadtechnik-ratingen.de\\\/#organization\"},\"potentialAction\":[{\"@type\":\"SearchAction\",\"target\":{\"@type\":\"EntryPoint\",\"urlTemplate\":\"https:\\\/\\\/www.schwimmbadtechnik-ratingen.de\\\/?s={search_term_string}\"},\"query-input\":{\"@type\":\"PropertyValueSpecification\",\"valueRequired\":true,\"valueName\":\"search_term_string\"}}],\"inLanguage\":\"de\"},{\"@type\":\"Organization\",\"@id\":\"https:\\\/\\\/www.schwimmbadtechnik-ratingen.de\\\/#organization\",\"name\":\"MTS-Produkte GmbH\",\"url\":\"https:\\\/\\\/www.schwimmbadtechnik-ratingen.de\\\/\",\"logo\":{\"@type\":\"ImageObject\",\"inLanguage\":\"de\",\"@id\":\"https:\\\/\\\/www.schwimmbadtechnik-ratingen.de\\\/#\\\/schema\\\/logo\\\/image\\\/\",\"url\":\"https:\\\/\\\/i0.wp.com\\\/www.schwimmbadtechnik-ratingen.de\\\/wp-content\\\/uploads\\\/2016\\\/03\\\/MTS_Logo_2015_800_retina.jpg?fit=800%2C130&ssl=1\",\"contentUrl\":\"https:\\\/\\\/i0.wp.com\\\/www.schwimmbadtechnik-ratingen.de\\\/wp-content\\\/uploads\\\/2016\\\/03\\\/MTS_Logo_2015_800_retina.jpg?fit=800%2C130&ssl=1\",\"width\":800,\"height\":130,\"caption\":\"MTS-Produkte GmbH\"},\"image\":{\"@id\":\"https:\\\/\\\/www.schwimmbadtechnik-ratingen.de\\\/#\\\/schema\\\/logo\\\/image\\\/\"}}]}<\/script>\n<!-- \/ Yoast SEO plugin. -->","yoast_head_json":{"title":"Warmenator_Auswahl - Schwimmbadtechnik Ratingen","robots":{"index":"index","follow":"follow","max-snippet":"max-snippet:-1","max-image-preview":"max-image-preview:large","max-video-preview":"max-video-preview:-1"},"canonical":"https:\/\/www.schwimmbadtechnik-ratingen.de\/index.php\/warmenator_auswahl\/","og_locale":"de_DE","og_type":"article","og_title":"Warmenator_Auswahl - Schwimmbadtechnik Ratingen","og_url":"https:\/\/www.schwimmbadtechnik-ratingen.de\/index.php\/warmenator_auswahl\/","og_site_name":"Schwimmbadtechnik Ratingen","article_modified_time":"2023-02-24T13:32:48+00:00","og_image":[{"width":800,"height":130,"url":"https:\/\/i0.wp.com\/www.schwimmbadtechnik-ratingen.de\/wp-content\/uploads\/2016\/03\/MTS_Logo_2015_800_retina.jpg?fit=800%2C130&ssl=1","type":"image\/jpeg"}],"twitter_card":"summary_large_image","twitter_misc":{"Gesch\u00e4tzte Lesezeit":"4\u00a0Minuten"},"schema":{"@context":"https:\/\/schema.org","@graph":[{"@type":"WebPage","@id":"https:\/\/www.schwimmbadtechnik-ratingen.de\/index.php\/warmenator_auswahl\/","url":"https:\/\/www.schwimmbadtechnik-ratingen.de\/index.php\/warmenator_auswahl\/","name":"Warmenator_Auswahl - Schwimmbadtechnik Ratingen","isPartOf":{"@id":"https:\/\/www.schwimmbadtechnik-ratingen.de\/#website"},"datePublished":"2020-04-03T11:43:04+00:00","dateModified":"2023-02-24T13:32:48+00:00","breadcrumb":{"@id":"https:\/\/www.schwimmbadtechnik-ratingen.de\/index.php\/warmenator_auswahl\/#breadcrumb"},"inLanguage":"de","potentialAction":[{"@type":"ReadAction","target":["https:\/\/www.schwimmbadtechnik-ratingen.de\/index.php\/warmenator_auswahl\/"]}]},{"@type":"BreadcrumbList","@id":"https:\/\/www.schwimmbadtechnik-ratingen.de\/index.php\/warmenator_auswahl\/#breadcrumb","itemListElement":[{"@type":"ListItem","position":1,"name":"Startseite","item":"https:\/\/www.schwimmbadtechnik-ratingen.de\/"},{"@type":"ListItem","position":2,"name":"Warmenator_Auswahl"}]},{"@type":"WebSite","@id":"https:\/\/www.schwimmbadtechnik-ratingen.de\/#website","url":"https:\/\/www.schwimmbadtechnik-ratingen.de\/","name":"Schwimmbadtechnik Ratingen","description":"MTS-Produkte","publisher":{"@id":"https:\/\/www.schwimmbadtechnik-ratingen.de\/#organization"},"potentialAction":[{"@type":"SearchAction","target":{"@type":"EntryPoint","urlTemplate":"https:\/\/www.schwimmbadtechnik-ratingen.de\/?s={search_term_string}"},"query-input":{"@type":"PropertyValueSpecification","valueRequired":true,"valueName":"search_term_string"}}],"inLanguage":"de"},{"@type":"Organization","@id":"https:\/\/www.schwimmbadtechnik-ratingen.de\/#organization","name":"MTS-Produkte GmbH","url":"https:\/\/www.schwimmbadtechnik-ratingen.de\/","logo":{"@type":"ImageObject","inLanguage":"de","@id":"https:\/\/www.schwimmbadtechnik-ratingen.de\/#\/schema\/logo\/image\/","url":"https:\/\/i0.wp.com\/www.schwimmbadtechnik-ratingen.de\/wp-content\/uploads\/2016\/03\/MTS_Logo_2015_800_retina.jpg?fit=800%2C130&ssl=1","contentUrl":"https:\/\/i0.wp.com\/www.schwimmbadtechnik-ratingen.de\/wp-content\/uploads\/2016\/03\/MTS_Logo_2015_800_retina.jpg?fit=800%2C130&ssl=1","width":800,"height":130,"caption":"MTS-Produkte GmbH"},"image":{"@id":"https:\/\/www.schwimmbadtechnik-ratingen.de\/#\/schema\/logo\/image\/"}}]}},"jetpack_sharing_enabled":true,"jetpack_shortlink":"https:\/\/wp.me\/P7u58y-4T9","_links":{"self":[{"href":"https:\/\/www.schwimmbadtechnik-ratingen.de\/index.php\/wp-json\/wp\/v2\/pages\/18795","targetHints":{"allow":["GET"]}}],"collection":[{"href":"https:\/\/www.schwimmbadtechnik-ratingen.de\/index.php\/wp-json\/wp\/v2\/pages"}],"about":[{"href":"https:\/\/www.schwimmbadtechnik-ratingen.de\/index.php\/wp-json\/wp\/v2\/types\/page"}],"author":[{"embeddable":true,"href":"https:\/\/www.schwimmbadtechnik-ratingen.de\/index.php\/wp-json\/wp\/v2\/users\/1"}],"replies":[{"embeddable":true,"href":"https:\/\/www.schwimmbadtechnik-ratingen.de\/index.php\/wp-json\/wp\/v2\/comments?post=18795"}],"version-history":[{"count":10,"href":"https:\/\/www.schwimmbadtechnik-ratingen.de\/index.php\/wp-json\/wp\/v2\/pages\/18795\/revisions"}],"predecessor-version":[{"id":20065,"href":"https:\/\/www.schwimmbadtechnik-ratingen.de\/index.php\/wp-json\/wp\/v2\/pages\/18795\/revisions\/20065"}],"wp:attachment":[{"href":"https:\/\/www.schwimmbadtechnik-ratingen.de\/index.php\/wp-json\/wp\/v2\/media?parent=18795"}],"curies":[{"name":"wp","href":"https:\/\/api.w.org\/{rel}","templated":true}]}}